{"id":6274,"date":"2021-01-24T10:35:26","date_gmt":"2021-01-24T10:35:26","guid":{"rendered":"http:\/\/megapharm.al\/index.php\/product\/import-placeholder-for-2389\/"},"modified":"2024-11-03T14:17:46","modified_gmt":"2024-11-03T14:17:46","slug":"dermastir-post-filler-pluhur-mbushes-me-kolagjen-4ml-x-4","status":"publish","type":"product","link":"https:\/\/megapharm.al\/?product=dermastir-post-filler-pluhur-mbushes-me-kolagjen-4ml-x-4","title":{"rendered":"DERMASTIR POST FILLER  pluhur mbushes me kolagjen   4ml x 4"},"content":{"rendered":"<p>Pluhur mbush\u00ebs me kolagjen\u00a0\u00a0 4ml x 4<\/p>\n<p>Ampul\u00eb\u00a0 pluhur absorbues me kolagjen\u00a0 i cili aplikohet n\u00eb rrudha p\u00ebr t\u00eb korrigjuar rrudhat e thella.<\/p>\n<p>P\u00ebrb\u00ebr\u00ebsit: kolagjen<\/p>\n<p>P\u00ebrdorimi: Hidheni pluhurin direkt n\u00eb rrudha dhe p\u00ebrdoreni ampul\u00ebn p\u00ebr nj\u00eb jav\u00eb.<\/p>\n","protected":false},"excerpt":{"rendered":"<p>Pluhur mbush\u00ebs me kolagjen\u00a0\u00a0 4ml x 4<\/p>\n<p>Ampul\u00eb\u00a0 pluhur absorbues me kolagjen\u00a0 i cili aplikohet n\u00eb rrudha p\u00ebr t\u00eb korrigjuar rrudhat e thella.<\/p>\n<p>P\u00ebrb\u00ebr\u00ebsit: kolagjen<\/p>\n<p>P\u00ebrdorimi: Hidheni pluhurin direkt n\u00eb rrudha dhe p\u00ebrdoreni ampul\u00ebn p\u00ebr nj\u00eb jav\u00eb.<\/p>\n","protected":false},"featured_media":5584,"comment_status":"open","ping_status":"closed","template":"","meta":[],"product_cat":[126],"product_tag":[],"class_list":{"0":"post-6274","1":"product","2":"type-product","3":"status-publish","4":"has-post-thumbnail","6":"product_cat-dermastir","8":"first","9":"instock","10":"shipping-taxable","11":"product-type-simple"},"_links":{"self":[{"href":"https:\/\/megapharm.al\/index.php?rest_route=\/wp\/v2\/product\/6274","targetHints":{"allow":["GET"]}}],"collection":[{"href":"https:\/\/megapharm.al\/index.php?rest_route=\/wp\/v2\/product"}],"about":[{"href":"https:\/\/megapharm.al\/index.php?rest_route=\/wp\/v2\/types\/product"}],"replies":[{"embeddable":true,"href":"https:\/\/megapharm.al\/index.php?rest_route=%2Fwp%2Fv2%2Fcomments&post=6274"}],"wp:featuredmedia":[{"embeddable":true,"href":"https:\/\/megapharm.al\/index.php?rest_route=\/wp\/v2\/media\/5584"}],"wp:attachment":[{"href":"https:\/\/megapharm.al\/index.php?rest_route=%2Fwp%2Fv2%2Fmedia&parent=6274"}],"wp:term":[{"taxonomy":"product_cat","embeddable":true,"href":"https:\/\/megapharm.al\/index.php?rest_route=%2Fwp%2Fv2%2Fproduct_cat&post=6274"},{"taxonomy":"product_tag","embeddable":true,"href":"https:\/\/megapharm.al\/index.php?rest_route=%2Fwp%2Fv2%2Fproduct_tag&post=6274"}],"curies":[{"name":"wp","href":"https:\/\/api.w.org\/{rel}","templated":true}]}}