{"id":6267,"date":"2021-01-24T10:35:24","date_gmt":"2021-01-24T10:35:24","guid":{"rendered":"http:\/\/megapharm.al\/index.php\/product\/import-placeholder-for-2382\/"},"modified":"2021-01-24T10:35:31","modified_gmt":"2021-01-24T10:35:31","slug":"dermastir-cellular-gold-cream-krem-shkelqyes-me-ar50-ml","status":"publish","type":"product","link":"https:\/\/megapharm.al\/?product=dermastir-cellular-gold-cream-krem-shkelqyes-me-ar50-ml","title":{"rendered":"DERMASTIR CELLULAR GOLD CREAM krem shkelqyes me ar50 ml"},"content":{"rendered":"<p>Krem \u00a0hidratues dhe ushqyes i pasur me ar 24k dhe p\u00ebrb\u00ebr\u00ebs t\u00eb\u00a0 tjer\u00eb bimore p\u00ebr t\u00eb parandaluar plakjen e l\u00ebkur\u00ebs.<\/p>\n<p>P\u00ebrb\u00ebr\u00ebsit: Ar 24 k, acid hialuronik, gjalper shea, vaj macadamia, vitamine E, retinol etj.<\/p>\n<p>P\u00ebrdorimi: Aplikojeni n\u00eb m\u00ebngjes dhe dark\u00eb n\u00eb fytyr\u00eb me masazh duke shmangur zon\u00ebn p\u00ebrreth syve.<\/p>\n","protected":false},"excerpt":{"rendered":"<p>Krem \u00a0hidratues dhe ushqyes i pasur me ar 24k dhe p\u00ebrb\u00ebr\u00ebs t\u00eb\u00a0 tjer\u00eb bimore p\u00ebr t\u00eb parandaluar plakjen e l\u00ebkur\u00ebs.<\/p>\n<p>P\u00ebrb\u00ebr\u00ebsit: Ar 24 k, acid hialuronik, gjalper shea, vaj macadamia, vitamine E, retinol etj.<\/p>\n<p>P\u00ebrdorimi: Aplikojeni n\u00eb m\u00ebngjes dhe dark\u00eb n\u00eb fytyr\u00eb me masazh duke shmangur zon\u00ebn p\u00ebrreth syve.<\/p>\n","protected":false},"featured_media":5577,"comment_status":"open","ping_status":"closed","template":"","meta":[],"product_cat":[126],"product_tag":[],"class_list":{"0":"post-6267","1":"product","2":"type-product","3":"status-publish","4":"has-post-thumbnail","6":"product_cat-dermastir","8":"first","9":"instock","10":"shipping-taxable","11":"product-type-simple"},"_links":{"self":[{"href":"https:\/\/megapharm.al\/index.php?rest_route=\/wp\/v2\/product\/6267","targetHints":{"allow":["GET"]}}],"collection":[{"href":"https:\/\/megapharm.al\/index.php?rest_route=\/wp\/v2\/product"}],"about":[{"href":"https:\/\/megapharm.al\/index.php?rest_route=\/wp\/v2\/types\/product"}],"replies":[{"embeddable":true,"href":"https:\/\/megapharm.al\/index.php?rest_route=%2Fwp%2Fv2%2Fcomments&post=6267"}],"wp:featuredmedia":[{"embeddable":true,"href":"https:\/\/megapharm.al\/index.php?rest_route=\/wp\/v2\/media\/5577"}],"wp:attachment":[{"href":"https:\/\/megapharm.al\/index.php?rest_route=%2Fwp%2Fv2%2Fmedia&parent=6267"}],"wp:term":[{"taxonomy":"product_cat","embeddable":true,"href":"https:\/\/megapharm.al\/index.php?rest_route=%2Fwp%2Fv2%2Fproduct_cat&post=6267"},{"taxonomy":"product_tag","embeddable":true,"href":"https:\/\/megapharm.al\/index.php?rest_route=%2Fwp%2Fv2%2Fproduct_tag&post=6267"}],"curies":[{"name":"wp","href":"https:\/\/api.w.org\/{rel}","templated":true}]}}