{"id":6266,"date":"2021-01-24T10:35:24","date_gmt":"2021-01-24T10:35:24","guid":{"rendered":"http:\/\/megapharm.al\/index.php\/product\/import-placeholder-for-2381\/"},"modified":"2021-01-24T10:35:31","modified_gmt":"2021-01-24T10:35:31","slug":"dermastir-multirepair-tonik-matifikues-100-ml","status":"publish","type":"product","link":"https:\/\/megapharm.al\/?product=dermastir-multirepair-tonik-matifikues-100-ml","title":{"rendered":"DERMASTIR MULTIREPAIR Tonik matifikues 100 ml"},"content":{"rendered":"<p>Tonik ekulibrues i yndyr\u00ebs dhe zvog\u00eblues\u00a0 i poreve. K\u00ebshilllohet p\u00ebr l\u00ebkura mikse dhe t\u00eb yndyrshme.<\/p>\n<p>P\u00ebrdorimi: Aplikojeni me nj\u00eb tampon pambuku pas pastrimit t\u00eb fytyr\u00ebs.<\/p>\n","protected":false},"excerpt":{"rendered":"<p>Tonik ekulibrues i yndyr\u00ebs dhe zvog\u00eblues\u00a0 i poreve. K\u00ebshilllohet p\u00ebr l\u00ebkura mikse dhe t\u00eb yndyrshme.<\/p>\n<p>P\u00ebrdorimi: Aplikojeni me nj\u00eb tampon pambuku pas pastrimit t\u00eb fytyr\u00ebs.<\/p>\n","protected":false},"featured_media":5576,"comment_status":"open","ping_status":"closed","template":"","meta":[],"product_cat":[126],"product_tag":[],"class_list":{"0":"post-6266","1":"product","2":"type-product","3":"status-publish","4":"has-post-thumbnail","6":"product_cat-dermastir","8":"first","9":"instock","10":"shipping-taxable","11":"product-type-simple"},"_links":{"self":[{"href":"https:\/\/megapharm.al\/index.php?rest_route=\/wp\/v2\/product\/6266","targetHints":{"allow":["GET"]}}],"collection":[{"href":"https:\/\/megapharm.al\/index.php?rest_route=\/wp\/v2\/product"}],"about":[{"href":"https:\/\/megapharm.al\/index.php?rest_route=\/wp\/v2\/types\/product"}],"replies":[{"embeddable":true,"href":"https:\/\/megapharm.al\/index.php?rest_route=%2Fwp%2Fv2%2Fcomments&post=6266"}],"wp:featuredmedia":[{"embeddable":true,"href":"https:\/\/megapharm.al\/index.php?rest_route=\/wp\/v2\/media\/5576"}],"wp:attachment":[{"href":"https:\/\/megapharm.al\/index.php?rest_route=%2Fwp%2Fv2%2Fmedia&parent=6266"}],"wp:term":[{"taxonomy":"product_cat","embeddable":true,"href":"https:\/\/megapharm.al\/index.php?rest_route=%2Fwp%2Fv2%2Fproduct_cat&post=6266"},{"taxonomy":"product_tag","embeddable":true,"href":"https:\/\/megapharm.al\/index.php?rest_route=%2Fwp%2Fv2%2Fproduct_tag&post=6266"}],"curies":[{"name":"wp","href":"https:\/\/api.w.org\/{rel}","templated":true}]}}