{"id":6265,"date":"2021-01-24T10:35:24","date_gmt":"2021-01-24T10:35:24","guid":{"rendered":"http:\/\/megapharm.al\/index.php\/product\/import-placeholder-for-2380\/"},"modified":"2021-01-24T10:35:30","modified_gmt":"2021-01-24T10:35:30","slug":"dermastir-qumesht-pastrues-150-ml","status":"publish","type":"product","link":"https:\/\/megapharm.al\/?product=dermastir-qumesht-pastrues-150-ml","title":{"rendered":"DERMASTIR  qumesht pastrues 150 ml"},"content":{"rendered":"<p>Qum\u00ebsht pastrues.p\u00ebr t\u00eb gjitha tipet e l\u00ebkurave. Largon makjazhin\u00a0 leht\u00ebsisht.<\/p>\n<p>P\u00ebrdorimi aplikojeni n\u00eb l\u00ebkur\u00eb dy her\u00eb ne dit\u00eb me tampon pambuku ose duke e masazhuar n\u00eb l\u00ebkur\u00eb. M\u00eb pas shpelaheni.<\/p>\n","protected":false},"excerpt":{"rendered":"<p>Qum\u00ebsht pastrues.p\u00ebr t\u00eb gjitha tipet e l\u00ebkurave. Largon makjazhin\u00a0 leht\u00ebsisht.<\/p>\n<p>P\u00ebrdorimi aplikojeni n\u00eb l\u00ebkur\u00eb dy her\u00eb ne dit\u00eb me tampon pambuku ose duke e masazhuar n\u00eb l\u00ebkur\u00eb. M\u00eb pas shpelaheni.<\/p>\n","protected":false},"featured_media":5575,"comment_status":"open","ping_status":"closed","template":"","meta":[],"product_cat":[126],"product_tag":[],"class_list":{"0":"post-6265","1":"product","2":"type-product","3":"status-publish","4":"has-post-thumbnail","6":"product_cat-dermastir","8":"first","9":"instock","10":"shipping-taxable","11":"product-type-simple"},"_links":{"self":[{"href":"https:\/\/megapharm.al\/index.php?rest_route=\/wp\/v2\/product\/6265","targetHints":{"allow":["GET"]}}],"collection":[{"href":"https:\/\/megapharm.al\/index.php?rest_route=\/wp\/v2\/product"}],"about":[{"href":"https:\/\/megapharm.al\/index.php?rest_route=\/wp\/v2\/types\/product"}],"replies":[{"embeddable":true,"href":"https:\/\/megapharm.al\/index.php?rest_route=%2Fwp%2Fv2%2Fcomments&post=6265"}],"wp:featuredmedia":[{"embeddable":true,"href":"https:\/\/megapharm.al\/index.php?rest_route=\/wp\/v2\/media\/5575"}],"wp:attachment":[{"href":"https:\/\/megapharm.al\/index.php?rest_route=%2Fwp%2Fv2%2Fmedia&parent=6265"}],"wp:term":[{"taxonomy":"product_cat","embeddable":true,"href":"https:\/\/megapharm.al\/index.php?rest_route=%2Fwp%2Fv2%2Fproduct_cat&post=6265"},{"taxonomy":"product_tag","embeddable":true,"href":"https:\/\/megapharm.al\/index.php?rest_route=%2Fwp%2Fv2%2Fproduct_tag&post=6265"}],"curies":[{"name":"wp","href":"https:\/\/api.w.org\/{rel}","templated":true}]}}