{"id":6264,"date":"2021-01-24T10:35:24","date_gmt":"2021-01-24T10:35:24","guid":{"rendered":"http:\/\/megapharm.al\/index.php\/product\/import-placeholder-for-2379\/"},"modified":"2024-10-26T05:59:08","modified_gmt":"2024-10-26T05:59:08","slug":"dermastir-multienzyme-shkume-pastruese-150-ml","status":"publish","type":"product","link":"https:\/\/megapharm.al\/?product=dermastir-multienzyme-shkume-pastruese-150-ml","title":{"rendered":"DERMASTIR MULTIENZYME Shkume pastruese 150 ml"},"content":{"rendered":"<p>Pastrues p\u00ebr fytyr\u00ebn ne form\u00eb shkume p\u00ebr t\u00eb gjitha tipet e l\u00ebkurave. Largon papastertit\u00eb dhe makjazhin.<\/p>\n<p>P\u00ebrdorimi: Aplikojeni n\u00eb fytyr\u00eb dy her\u00eb n\u00eb dit\u00eb, masazhojeni dhe m\u00eb pas shp\u00eblaheni.<\/p>\n","protected":false},"excerpt":{"rendered":"<p>Pastrues p\u00ebr fytyr\u00ebn ne form\u00eb shkume p\u00ebr t\u00eb gjitha tipet e l\u00ebkurave. Largon papastertit\u00eb dhe makjazhin.<\/p>\n<p>P\u00ebrdorimi: Aplikojeni n\u00eb fytyr\u00eb dy her\u00eb n\u00eb dit\u00eb, masazhojeni dhe m\u00eb pas shp\u00eblaheni.<\/p>\n","protected":false},"featured_media":5574,"comment_status":"open","ping_status":"closed","template":"","meta":[],"product_cat":[126],"product_tag":[],"class_list":{"0":"post-6264","1":"product","2":"type-product","3":"status-publish","4":"has-post-thumbnail","6":"product_cat-dermastir","8":"first","9":"instock","10":"shipping-taxable","11":"product-type-simple"},"_links":{"self":[{"href":"https:\/\/megapharm.al\/index.php?rest_route=\/wp\/v2\/product\/6264","targetHints":{"allow":["GET"]}}],"collection":[{"href":"https:\/\/megapharm.al\/index.php?rest_route=\/wp\/v2\/product"}],"about":[{"href":"https:\/\/megapharm.al\/index.php?rest_route=\/wp\/v2\/types\/product"}],"replies":[{"embeddable":true,"href":"https:\/\/megapharm.al\/index.php?rest_route=%2Fwp%2Fv2%2Fcomments&post=6264"}],"wp:featuredmedia":[{"embeddable":true,"href":"https:\/\/megapharm.al\/index.php?rest_route=\/wp\/v2\/media\/5574"}],"wp:attachment":[{"href":"https:\/\/megapharm.al\/index.php?rest_route=%2Fwp%2Fv2%2Fmedia&parent=6264"}],"wp:term":[{"taxonomy":"product_cat","embeddable":true,"href":"https:\/\/megapharm.al\/index.php?rest_route=%2Fwp%2Fv2%2Fproduct_cat&post=6264"},{"taxonomy":"product_tag","embeddable":true,"href":"https:\/\/megapharm.al\/index.php?rest_route=%2Fwp%2Fv2%2Fproduct_tag&post=6264"}],"curies":[{"name":"wp","href":"https:\/\/api.w.org\/{rel}","templated":true}]}}