{"id":6261,"date":"2021-01-24T10:35:24","date_gmt":"2021-01-24T10:35:24","guid":{"rendered":"http:\/\/megapharm.al\/index.php\/product\/import-placeholder-for-2376\/"},"modified":"2021-01-24T10:35:29","modified_gmt":"2021-01-24T10:35:29","slug":"dermastir-tsunami-lares100-ml","status":"publish","type":"product","link":"https:\/\/megapharm.al\/?product=dermastir-tsunami-lares100-ml","title":{"rendered":"DERMASTIR TSUNAMI lares100 ml"},"content":{"rendered":"<p>Lar\u00ebs i thell\u00eb\u00a0 p\u00ebr fytyr\u00ebn me veprim t\u00eb leht\u00eb eksfoljues. Veprimi pastrues \u00eb thell\u00eb \u00ebsht\u00eb i automatizuar n\u00eb saj t\u00eb shkum\u00ebzimit dhe pasurimit t\u00eb l\u00ebkur\u00ebs me oksigjen. K\u00ebshillohet gjithsashtu edhe p\u00ebr trajtimin e akneve, l\u00ebkurave t\u00eb yndyrshme, dermatiteve, rozaces, ekzemave t\u00eb ndryshme, impetigo, comedone etj.<\/p>\n<p>P\u00ebrdorimi: Aplikoni 2 her\u00eb n\u00eb dit\u00eb xhelin n\u00eb fytyr\u00eb dhe lereni t\u00eb veproj\u00eb per disa minuta, m\u00eb pas shp\u00eblaheni.<\/p>\n","protected":false},"excerpt":{"rendered":"<p>Lar\u00ebs i thell\u00eb\u00a0 p\u00ebr fytyr\u00ebn me veprim t\u00eb leht\u00eb eksfoljues. Veprimi pastrues \u00eb thell\u00eb \u00ebsht\u00eb i automatizuar n\u00eb saj t\u00eb shkum\u00ebzimit dhe pasurimit t\u00eb l\u00ebkur\u00ebs me oksigjen. K\u00ebshillohet gjithsashtu edhe p\u00ebr trajtimin e akneve, l\u00ebkurave t\u00eb yndyrshme, dermatiteve, rozaces, ekzemave t\u00eb ndryshme, impetigo, comedone etj.<\/p>\n<p>P\u00ebrdorimi: Aplikoni 2 her\u00eb n\u00eb dit\u00eb xhelin n\u00eb fytyr\u00eb dhe lereni t\u00eb veproj\u00eb per disa minuta, m\u00eb pas shp\u00eblaheni.<\/p>\n","protected":false},"featured_media":5572,"comment_status":"open","ping_status":"closed","template":"","meta":[],"product_cat":[126],"product_tag":[],"class_list":{"0":"post-6261","1":"product","2":"type-product","3":"status-publish","4":"has-post-thumbnail","6":"product_cat-dermastir","8":"first","9":"instock","10":"shipping-taxable","11":"product-type-simple"},"_links":{"self":[{"href":"https:\/\/megapharm.al\/index.php?rest_route=\/wp\/v2\/product\/6261","targetHints":{"allow":["GET"]}}],"collection":[{"href":"https:\/\/megapharm.al\/index.php?rest_route=\/wp\/v2\/product"}],"about":[{"href":"https:\/\/megapharm.al\/index.php?rest_route=\/wp\/v2\/types\/product"}],"replies":[{"embeddable":true,"href":"https:\/\/megapharm.al\/index.php?rest_route=%2Fwp%2Fv2%2Fcomments&post=6261"}],"wp:featuredmedia":[{"embeddable":true,"href":"https:\/\/megapharm.al\/index.php?rest_route=\/wp\/v2\/media\/5572"}],"wp:attachment":[{"href":"https:\/\/megapharm.al\/index.php?rest_route=%2Fwp%2Fv2%2Fmedia&parent=6261"}],"wp:term":[{"taxonomy":"product_cat","embeddable":true,"href":"https:\/\/megapharm.al\/index.php?rest_route=%2Fwp%2Fv2%2Fproduct_cat&post=6261"},{"taxonomy":"product_tag","embeddable":true,"href":"https:\/\/megapharm.al\/index.php?rest_route=%2Fwp%2Fv2%2Fproduct_tag&post=6261"}],"curies":[{"name":"wp","href":"https:\/\/api.w.org\/{rel}","templated":true}]}}