{"id":6257,"date":"2021-01-24T10:35:23","date_gmt":"2021-01-24T10:35:23","guid":{"rendered":"http:\/\/megapharm.al\/index.php\/product\/import-placeholder-for-2372\/"},"modified":"2021-01-24T10:35:28","modified_gmt":"2021-01-24T10:35:28","slug":"dermastir-autodroper-resurfacing-post-opserum-rigjenerues-30-ml","status":"publish","type":"product","link":"https:\/\/megapharm.al\/?product=dermastir-autodroper-resurfacing-post-opserum-rigjenerues-30-ml","title":{"rendered":"DERMASTIR AUTODROPER RESURFACING POST-OP(serum rigjenerues) 30 ml"},"content":{"rendered":"<p>Serum rigjenerues 30 ml<\/p>\n<p>Serum rigjenerues i epiderm\u00ebs.Nxit ripert\u00ebritjen e l\u00ebkur\u00ebs dhe ndihmon n\u00eb korrigjimin e rrudhave.<\/p>\n<p>P\u00ebrb\u00ebr\u00ebsit: glicerine, ascid hialuronik, ekstrakt Rolyal jelly dhe Houttuynia cordata.<\/p>\n<p>P\u00ebrdorimi:Aplikoni me moll\u00ebzat e gishtave 2 deri n\u00eb 3 pika serum n\u00eb fytyr\u00eb qaf\u00eb dhe dekolte.<\/p>\n","protected":false},"excerpt":{"rendered":"<p>Serum rigjenerues 30 ml<\/p>\n<p>Serum rigjenerues i epiderm\u00ebs.Nxit ripert\u00ebritjen e l\u00ebkur\u00ebs dhe ndihmon n\u00eb korrigjimin e rrudhave.<\/p>\n<p>P\u00ebrb\u00ebr\u00ebsit: glicerine, ascid hialuronik, ekstrakt Rolyal jelly dhe Houttuynia cordata.<\/p>\n<p>P\u00ebrdorimi:Aplikoni me moll\u00ebzat e gishtave 2 deri n\u00eb 3 pika serum n\u00eb fytyr\u00eb qaf\u00eb dhe dekolte.<\/p>\n","protected":false},"featured_media":5568,"comment_status":"open","ping_status":"closed","template":"","meta":[],"product_cat":[126],"product_tag":[],"class_list":{"0":"post-6257","1":"product","2":"type-product","3":"status-publish","4":"has-post-thumbnail","6":"product_cat-dermastir","8":"first","9":"instock","10":"shipping-taxable","11":"product-type-simple"},"_links":{"self":[{"href":"https:\/\/megapharm.al\/index.php?rest_route=\/wp\/v2\/product\/6257","targetHints":{"allow":["GET"]}}],"collection":[{"href":"https:\/\/megapharm.al\/index.php?rest_route=\/wp\/v2\/product"}],"about":[{"href":"https:\/\/megapharm.al\/index.php?rest_route=\/wp\/v2\/types\/product"}],"replies":[{"embeddable":true,"href":"https:\/\/megapharm.al\/index.php?rest_route=%2Fwp%2Fv2%2Fcomments&post=6257"}],"wp:featuredmedia":[{"embeddable":true,"href":"https:\/\/megapharm.al\/index.php?rest_route=\/wp\/v2\/media\/5568"}],"wp:attachment":[{"href":"https:\/\/megapharm.al\/index.php?rest_route=%2Fwp%2Fv2%2Fmedia&parent=6257"}],"wp:term":[{"taxonomy":"product_cat","embeddable":true,"href":"https:\/\/megapharm.al\/index.php?rest_route=%2Fwp%2Fv2%2Fproduct_cat&post=6257"},{"taxonomy":"product_tag","embeddable":true,"href":"https:\/\/megapharm.al\/index.php?rest_route=%2Fwp%2Fv2%2Fproduct_tag&post=6257"}],"curies":[{"name":"wp","href":"https:\/\/api.w.org\/{rel}","templated":true}]}}