{"id":6247,"date":"2021-01-24T10:35:13","date_gmt":"2021-01-24T10:35:13","guid":{"rendered":"http:\/\/megapharm.al\/index.php\/product\/import-placeholder-for-2362\/"},"modified":"2021-01-24T10:35:19","modified_gmt":"2021-01-24T10:35:19","slug":"dermastir-eye-contour-gel-xhel-per-konturin-e-syve35-ml","status":"publish","type":"product","link":"https:\/\/megapharm.al\/?product=dermastir-eye-contour-gel-xhel-per-konturin-e-syve35-ml","title":{"rendered":"DERMASTIR EYE CONTOUR GEL  Xhel per konturin e syve35 ml"},"content":{"rendered":"<p>Xhel hidratues p\u00ebr konturin e syve dhe buz\u00ebve. Ka efekt t\u00eb fuqish\u00ebm kund\u00ebr qeseve n\u00eb sy dhe rratheve t\u00eb err\u00ebt. Paketimi i vecant\u00eb mund\u00ebson ruajtjen e cil\u00ebsis\u00eb s\u00eb kremit deri n\u00eb dit\u00ebn e aplikimit.<\/p>\n<p>P\u00ebrb\u00ebr\u00ebsit: glicerine, betaine, ekstrakte phellinus linteus, \u00a0articum lappa<\/p>\n<p>P\u00ebrdorimi: Aplikojeni n\u00eb l\u00ebkur\u00eb t\u00eb past\u00ebr xhelin n\u00eb zon\u00ebn p\u00ebrreth syve n\u00eb m\u00ebngjes dhe dark\u00eb.<\/p>\n","protected":false},"excerpt":{"rendered":"<p>Xhel hidratues p\u00ebr konturin e syve dhe buz\u00ebve. Ka efekt t\u00eb fuqish\u00ebm kund\u00ebr qeseve n\u00eb sy dhe rratheve t\u00eb err\u00ebt. Paketimi i vecant\u00eb mund\u00ebson ruajtjen e cil\u00ebsis\u00eb s\u00eb kremit deri n\u00eb dit\u00ebn e aplikimit.<\/p>\n<p>P\u00ebrb\u00ebr\u00ebsit: glicerine, betaine, ekstrakte phellinus linteus, \u00a0articum lappa<\/p>\n<p>P\u00ebrdorimi: Aplikojeni n\u00eb l\u00ebkur\u00eb t\u00eb past\u00ebr xhelin n\u00eb zon\u00ebn p\u00ebrreth syve n\u00eb m\u00ebngjes dhe dark\u00eb.<\/p>\n","protected":false},"featured_media":5558,"comment_status":"open","ping_status":"closed","template":"","meta":[],"product_cat":[126],"product_tag":[],"class_list":{"0":"post-6247","1":"product","2":"type-product","3":"status-publish","4":"has-post-thumbnail","6":"product_cat-dermastir","8":"first","9":"instock","10":"shipping-taxable","11":"product-type-simple"},"_links":{"self":[{"href":"https:\/\/megapharm.al\/index.php?rest_route=\/wp\/v2\/product\/6247","targetHints":{"allow":["GET"]}}],"collection":[{"href":"https:\/\/megapharm.al\/index.php?rest_route=\/wp\/v2\/product"}],"about":[{"href":"https:\/\/megapharm.al\/index.php?rest_route=\/wp\/v2\/types\/product"}],"replies":[{"embeddable":true,"href":"https:\/\/megapharm.al\/index.php?rest_route=%2Fwp%2Fv2%2Fcomments&post=6247"}],"wp:featuredmedia":[{"embeddable":true,"href":"https:\/\/megapharm.al\/index.php?rest_route=\/wp\/v2\/media\/5558"}],"wp:attachment":[{"href":"https:\/\/megapharm.al\/index.php?rest_route=%2Fwp%2Fv2%2Fmedia&parent=6247"}],"wp:term":[{"taxonomy":"product_cat","embeddable":true,"href":"https:\/\/megapharm.al\/index.php?rest_route=%2Fwp%2Fv2%2Fproduct_cat&post=6247"},{"taxonomy":"product_tag","embeddable":true,"href":"https:\/\/megapharm.al\/index.php?rest_route=%2Fwp%2Fv2%2Fproduct_tag&post=6247"}],"curies":[{"name":"wp","href":"https:\/\/api.w.org\/{rel}","templated":true}]}}