{"id":6245,"date":"2021-01-24T10:35:13","date_gmt":"2021-01-24T10:35:13","guid":{"rendered":"http:\/\/megapharm.al\/index.php\/product\/import-placeholder-for-2360\/"},"modified":"2021-01-24T10:35:19","modified_gmt":"2021-01-24T10:35:19","slug":"dermastir-day-cream-tinted-krem-dite-spf30-me-ngjyre-50ml","status":"publish","type":"product","link":"https:\/\/megapharm.al\/?product=dermastir-day-cream-tinted-krem-dite-spf30-me-ngjyre-50ml","title":{"rendered":"DERMASTIR DAY CREAM TINTED  Krem dite SPF30  me ngjyre   50ml"},"content":{"rendered":"<p>Krem dite\u00a0 p\u00ebr fytyr\u00ebn ushqyes intensiv me prani t\u00eb faktorit mbrojt\u00ebs p\u00ebr t\u00eb parandaluar formimin e rrudhave.<\/p>\n<p>I p\u00ebrshtatsh\u00ebm kryesisht p\u00ebr l\u00ebkura normale dhe mikse.<\/p>\n<p>P\u00ebrdorimi: Aplikojeni n\u00eb l\u00ebkur\u00eb t\u00eb past\u00ebr kremin n\u00eb m\u00ebngjes n\u00eb fytyr\u00eb qaf\u00eb dhe dekolte. Shmangni zon\u00ebn p\u00ebrreth syve.<\/p>\n","protected":false},"excerpt":{"rendered":"<p>Krem dite\u00a0 p\u00ebr fytyr\u00ebn ushqyes intensiv me prani t\u00eb faktorit mbrojt\u00ebs p\u00ebr t\u00eb parandaluar formimin e rrudhave.<\/p>\n<p>I p\u00ebrshtatsh\u00ebm kryesisht p\u00ebr l\u00ebkura normale dhe mikse.<\/p>\n<p>P\u00ebrdorimi: Aplikojeni n\u00eb l\u00ebkur\u00eb t\u00eb past\u00ebr kremin n\u00eb m\u00ebngjes n\u00eb fytyr\u00eb qaf\u00eb dhe dekolte. Shmangni zon\u00ebn p\u00ebrreth syve.<\/p>\n","protected":false},"featured_media":5556,"comment_status":"open","ping_status":"closed","template":"","meta":[],"product_cat":[126],"product_tag":[],"class_list":{"0":"post-6245","1":"product","2":"type-product","3":"status-publish","4":"has-post-thumbnail","6":"product_cat-dermastir","8":"first","9":"instock","10":"shipping-taxable","11":"product-type-simple"},"_links":{"self":[{"href":"https:\/\/megapharm.al\/index.php?rest_route=\/wp\/v2\/product\/6245","targetHints":{"allow":["GET"]}}],"collection":[{"href":"https:\/\/megapharm.al\/index.php?rest_route=\/wp\/v2\/product"}],"about":[{"href":"https:\/\/megapharm.al\/index.php?rest_route=\/wp\/v2\/types\/product"}],"replies":[{"embeddable":true,"href":"https:\/\/megapharm.al\/index.php?rest_route=%2Fwp%2Fv2%2Fcomments&post=6245"}],"wp:featuredmedia":[{"embeddable":true,"href":"https:\/\/megapharm.al\/index.php?rest_route=\/wp\/v2\/media\/5556"}],"wp:attachment":[{"href":"https:\/\/megapharm.al\/index.php?rest_route=%2Fwp%2Fv2%2Fmedia&parent=6245"}],"wp:term":[{"taxonomy":"product_cat","embeddable":true,"href":"https:\/\/megapharm.al\/index.php?rest_route=%2Fwp%2Fv2%2Fproduct_cat&post=6245"},{"taxonomy":"product_tag","embeddable":true,"href":"https:\/\/megapharm.al\/index.php?rest_route=%2Fwp%2Fv2%2Fproduct_tag&post=6245"}],"curies":[{"name":"wp","href":"https:\/\/api.w.org\/{rel}","templated":true}]}}