{"id":6243,"date":"2021-01-24T10:35:13","date_gmt":"2021-01-24T10:35:13","guid":{"rendered":"http:\/\/megapharm.al\/index.php\/product\/import-placeholder-for-2248\/"},"modified":"2021-01-24T10:35:19","modified_gmt":"2021-01-24T10:35:19","slug":"sun-system-spray-baby-spf-50","status":"publish","type":"product","link":"https:\/\/megapharm.al\/?product=sun-system-spray-baby-spf-50","title":{"rendered":"SUN SYSTEM SPRAY BABY SPF 50+"},"content":{"rendered":"<p>Emulsion n\u00eb forme spraj i cili mbron l\u00ebkuren e f\u00ebmij\u00ebve nga rrezatimi diellor.<br \/>\nSiguron nj\u00eb mbrojtje me spekt\u00ebr t\u00eb gjer\u00eb UVA\/UVB. P\u00ebrmban Pro-Dna Complex\u00ae, i cili mban l\u00ebkuren m\u00eb t\u00eb sh\u00ebndetshme dhe elastike. Pa Aerosol.<br \/>\nRezistent ndaj ujit.<br \/>\nTestuar klinikisht. Testuar p\u00ebr Nikel, Kobalt, Krome, Palladium dhe M\u00ebrkur.<br \/>\nPerdorimi: Aplikoheni t\u00eb pakt\u00ebn 30 min para ekspozimit n\u00eb diell dhe riaplikoheni disa her\u00eb gjat\u00eb dit\u00ebs.<br \/>\nSasia: 200 ml<\/p>\n","protected":false},"excerpt":{"rendered":"<p>Emulsion n\u00eb forme spraj i cili mbron l\u00ebkuren e f\u00ebmij\u00ebve nga rrezatimi diellor.<br \/>\nSiguron nj\u00eb mbrojtje me spekt\u00ebr t\u00eb gjer\u00eb UVA\/UVB. P\u00ebrmban Pro-Dna Complex\u00ae, i cili mban l\u00ebkuren m\u00eb t\u00eb sh\u00ebndetshme dhe elastike. Pa Aerosol.<br \/>\nRezistent ndaj ujit.<br \/>\nTestuar klinikisht. Testuar p\u00ebr Nikel, Kobalt, Krome, Palladium dhe M\u00ebrkur.<br \/>\nPerdorimi: Aplikoheni t\u00eb pakt\u00ebn 30 min para ekspozimit n\u00eb diell dhe riaplikoheni disa her\u00eb gjat\u00eb dit\u00ebs.<br \/>\nSasia: 200 ml<\/p>\n","protected":false},"featured_media":5554,"comment_status":"open","ping_status":"closed","template":"","meta":[],"product_cat":[78,123],"product_tag":[],"class_list":{"0":"post-6243","1":"product","2":"type-product","3":"status-publish","4":"has-post-thumbnail","6":"product_cat-dermokozmetike","7":"product_cat-rilastil","9":"first","10":"instock","11":"shipping-taxable","12":"product-type-simple"},"_links":{"self":[{"href":"https:\/\/megapharm.al\/index.php?rest_route=\/wp\/v2\/product\/6243","targetHints":{"allow":["GET"]}}],"collection":[{"href":"https:\/\/megapharm.al\/index.php?rest_route=\/wp\/v2\/product"}],"about":[{"href":"https:\/\/megapharm.al\/index.php?rest_route=\/wp\/v2\/types\/product"}],"replies":[{"embeddable":true,"href":"https:\/\/megapharm.al\/index.php?rest_route=%2Fwp%2Fv2%2Fcomments&post=6243"}],"wp:featuredmedia":[{"embeddable":true,"href":"https:\/\/megapharm.al\/index.php?rest_route=\/wp\/v2\/media\/5554"}],"wp:attachment":[{"href":"https:\/\/megapharm.al\/index.php?rest_route=%2Fwp%2Fv2%2Fmedia&parent=6243"}],"wp:term":[{"taxonomy":"product_cat","embeddable":true,"href":"https:\/\/megapharm.al\/index.php?rest_route=%2Fwp%2Fv2%2Fproduct_cat&post=6243"},{"taxonomy":"product_tag","embeddable":true,"href":"https:\/\/megapharm.al\/index.php?rest_route=%2Fwp%2Fv2%2Fproduct_tag&post=6243"}],"curies":[{"name":"wp","href":"https:\/\/api.w.org\/{rel}","templated":true}]}}