{"id":6242,"date":"2021-01-24T10:35:12","date_gmt":"2021-01-24T10:35:12","guid":{"rendered":"http:\/\/megapharm.al\/index.php\/product\/import-placeholder-for-2247\/"},"modified":"2021-01-24T10:35:18","modified_gmt":"2021-01-24T10:35:18","slug":"sun-system-baby-comfort-fluid-spf-50","status":"publish","type":"product","link":"https:\/\/megapharm.al\/?product=sun-system-baby-comfort-fluid-spf-50","title":{"rendered":"SUN SYSTEM BABY COMFORT FLUID SPF 50+"},"content":{"rendered":"<p>Fluid me tekstur\u00eb te leht\u00eb i cili mbron l\u00ebkur\u00ebn e f\u00ebmijeve nga rrezatimi diellor. Indikohet p\u00ebr l\u00ebkurat me tendenc\u00eb atopike dhe femij\u00ebt nga 0 vjec, p\u00ebr l\u00ebkurat alergjike ndaj diellit apo filtrave kimik.<br \/>\nP\u00ebrmban vet\u00ebm filtra fizike<br \/>\nSiguron nj\u00eb mbrojtje me spekt\u00ebr t\u00eb gjer\u00eb UVA\/UVB.<br \/>\nTestuar klinikisht. Testuar p\u00ebr Nikel, Kobalt, Krome, Palladium dhe M\u00ebrkur.<br \/>\nP\u00ebrdorimi: aplikoheni t\u00eb pakt\u00ebn 30 min para ekspozimit n\u00eb diell dhe riaplikoheni disa her\u00eb gjat\u00eb dit\u00ebs<br \/>\nSasia: 50 ml<\/p>\n","protected":false},"excerpt":{"rendered":"<p>Fluid me tekstur\u00eb te leht\u00eb i cili mbron l\u00ebkur\u00ebn e f\u00ebmijeve nga rrezatimi diellor. Indikohet p\u00ebr l\u00ebkurat me tendenc\u00eb atopike dhe femij\u00ebt nga 0 vjec, p\u00ebr l\u00ebkurat alergjike ndaj diellit apo filtrave kimik.<br \/>\nP\u00ebrmban vet\u00ebm filtra fizike<br \/>\nSiguron nj\u00eb mbrojtje me spekt\u00ebr t\u00eb gjer\u00eb UVA\/UVB.<br \/>\nTestuar klinikisht. Testuar p\u00ebr Nikel, Kobalt, Krome, Palladium dhe M\u00ebrkur.<br \/>\nP\u00ebrdorimi: aplikoheni t\u00eb pakt\u00ebn 30 min para ekspozimit n\u00eb diell dhe riaplikoheni disa her\u00eb gjat\u00eb dit\u00ebs<br \/>\nSasia: 50 ml<\/p>\n","protected":false},"featured_media":5553,"comment_status":"open","ping_status":"closed","template":"","meta":[],"product_cat":[78,123],"product_tag":[],"class_list":{"0":"post-6242","1":"product","2":"type-product","3":"status-publish","4":"has-post-thumbnail","6":"product_cat-dermokozmetike","7":"product_cat-rilastil","9":"first","10":"instock","11":"shipping-taxable","12":"product-type-simple"},"_links":{"self":[{"href":"https:\/\/megapharm.al\/index.php?rest_route=\/wp\/v2\/product\/6242","targetHints":{"allow":["GET"]}}],"collection":[{"href":"https:\/\/megapharm.al\/index.php?rest_route=\/wp\/v2\/product"}],"about":[{"href":"https:\/\/megapharm.al\/index.php?rest_route=\/wp\/v2\/types\/product"}],"replies":[{"embeddable":true,"href":"https:\/\/megapharm.al\/index.php?rest_route=%2Fwp%2Fv2%2Fcomments&post=6242"}],"wp:featuredmedia":[{"embeddable":true,"href":"https:\/\/megapharm.al\/index.php?rest_route=\/wp\/v2\/media\/5553"}],"wp:attachment":[{"href":"https:\/\/megapharm.al\/index.php?rest_route=%2Fwp%2Fv2%2Fmedia&parent=6242"}],"wp:term":[{"taxonomy":"product_cat","embeddable":true,"href":"https:\/\/megapharm.al\/index.php?rest_route=%2Fwp%2Fv2%2Fproduct_cat&post=6242"},{"taxonomy":"product_tag","embeddable":true,"href":"https:\/\/megapharm.al\/index.php?rest_route=%2Fwp%2Fv2%2Fproduct_tag&post=6242"}],"curies":[{"name":"wp","href":"https:\/\/api.w.org\/{rel}","templated":true}]}}