{"id":6240,"date":"2021-01-24T10:35:12","date_gmt":"2021-01-24T10:35:12","guid":{"rendered":"http:\/\/megapharm.al\/index.php\/product\/import-placeholder-for-2245\/"},"modified":"2021-01-24T10:35:18","modified_gmt":"2021-01-24T10:35:18","slug":"sun-system-after-sun-spray","status":"publish","type":"product","link":"https:\/\/megapharm.al\/?product=sun-system-after-sun-spray","title":{"rendered":"SUN SYSTEM AFTER SUN SPRAY"},"content":{"rendered":"<p>Emulsion n\u00eb form\u00eb spraj me nj\u00eb tekstur\u00eb t\u00eb leht\u00eb e cila hidraton dhe zbut l\u00ebkur\u00ebn e d\u00ebmtuar nga rrezatimi diellor. Qet\u00ebson l\u00ebkur\u00ebn dhe rrit elasticitetin e saj.<br \/>\nHipoalergjenik.<br \/>\nTestuar klinikisht. Testuar p\u00ebr Nikel, Kobalt, Krom\u00eb, Palladium dhe M\u00ebrkur.<br \/>\nP\u00ebr l\u00ebkur\u00eb t\u00eb ndjeshme dhe t\u00eb d\u00ebmtuar nga dielli.<br \/>\nSasia: 200ml<\/p>\n","protected":false},"excerpt":{"rendered":"<p>Emulsion n\u00eb form\u00eb spraj me nj\u00eb tekstur\u00eb t\u00eb leht\u00eb e cila hidraton dhe zbut l\u00ebkur\u00ebn e d\u00ebmtuar nga rrezatimi diellor. Qet\u00ebson l\u00ebkur\u00ebn dhe rrit elasticitetin e saj.<br \/>\nHipoalergjenik.<br \/>\nTestuar klinikisht. Testuar p\u00ebr Nikel, Kobalt, Krom\u00eb, Palladium dhe M\u00ebrkur.<br \/>\nP\u00ebr l\u00ebkur\u00eb t\u00eb ndjeshme dhe t\u00eb d\u00ebmtuar nga dielli.<br \/>\nSasia: 200ml<\/p>\n","protected":false},"featured_media":5551,"comment_status":"open","ping_status":"closed","template":"","meta":[],"product_cat":[78,123],"product_tag":[],"class_list":{"0":"post-6240","1":"product","2":"type-product","3":"status-publish","4":"has-post-thumbnail","6":"product_cat-dermokozmetike","7":"product_cat-rilastil","9":"first","10":"instock","11":"shipping-taxable","12":"product-type-simple"},"_links":{"self":[{"href":"https:\/\/megapharm.al\/index.php?rest_route=\/wp\/v2\/product\/6240","targetHints":{"allow":["GET"]}}],"collection":[{"href":"https:\/\/megapharm.al\/index.php?rest_route=\/wp\/v2\/product"}],"about":[{"href":"https:\/\/megapharm.al\/index.php?rest_route=\/wp\/v2\/types\/product"}],"replies":[{"embeddable":true,"href":"https:\/\/megapharm.al\/index.php?rest_route=%2Fwp%2Fv2%2Fcomments&post=6240"}],"wp:featuredmedia":[{"embeddable":true,"href":"https:\/\/megapharm.al\/index.php?rest_route=\/wp\/v2\/media\/5551"}],"wp:attachment":[{"href":"https:\/\/megapharm.al\/index.php?rest_route=%2Fwp%2Fv2%2Fmedia&parent=6240"}],"wp:term":[{"taxonomy":"product_cat","embeddable":true,"href":"https:\/\/megapharm.al\/index.php?rest_route=%2Fwp%2Fv2%2Fproduct_cat&post=6240"},{"taxonomy":"product_tag","embeddable":true,"href":"https:\/\/megapharm.al\/index.php?rest_route=%2Fwp%2Fv2%2Fproduct_tag&post=6240"}],"curies":[{"name":"wp","href":"https:\/\/api.w.org\/{rel}","templated":true}]}}