{"id":6237,"date":"2021-01-24T10:35:12","date_gmt":"2021-01-24T10:35:12","guid":{"rendered":"http:\/\/megapharm.al\/index.php\/product\/import-placeholder-for-2242\/"},"modified":"2021-01-24T10:35:17","modified_gmt":"2021-01-24T10:35:17","slug":"sun-system-spray-spf-15","status":"publish","type":"product","link":"https:\/\/megapharm.al\/?product=sun-system-spray-spf-15","title":{"rendered":"SUN SYSTEM SPRAY SPF 15"},"content":{"rendered":"<p>Emulsion ne forme spraj per trupin, me teksture te lehte, i cili mbron lekuren duke parandaluar djegiet apo skuqjet nga dielli.<br \/>\nI p\u00ebrshtatsh\u00ebm p\u00ebr l\u00ebkura te ndjeshme, dhe fototipe t\u00eb err\u00ebt. Rezistent ndaj ujit.<br \/>\nSiguron nj\u00eb mbrojtje me spekt\u00ebr t\u00eb gjer\u00eb UVA\/UVB. P\u00ebrmban Pro-Dna Complex\u00ae, i cili mban l\u00ebkuren m\u00eb t\u00eb sh\u00ebndetshme dhe elastike.P\u00ebrmban gjithashtu filtra mbrojt\u00ebs t\u00eb gjenerat\u00ebs s\u00eb fundit. (MBBT + ESCALOL\u00ae S). Pa Aerosol.<br \/>\nTestuar klinikisht. Testuar p\u00ebr Nikel, Kobalt, Krome, Palladium dhe M\u00ebrkur.<br \/>\nP\u00ebrdorimi: Tundeni para p\u00ebrdorimit. Aplikoheni t\u00eb pakt\u00eb pakt\u00ebn 30 min para ekspozimit n\u00eb diell dhe riaplikoheni disa her\u00eb gjat\u00eb dit\u00ebs.<\/p>\n<p>Sasia:200 ml<\/p>\n<p>&nbsp;<\/p>\n","protected":false},"excerpt":{"rendered":"<p>Emulsion ne forme spraj per trupin, me teksture te lehte, i cili mbron lekuren duke parandaluar djegiet apo skuqjet nga dielli.<br \/>\nI p\u00ebrshtatsh\u00ebm p\u00ebr l\u00ebkura te ndjeshme, dhe fototipe t\u00eb err\u00ebt. Rezistent ndaj ujit.<br \/>\nSiguron nj\u00eb mbrojtje me spekt\u00ebr t\u00eb gjer\u00eb UVA\/UVB. P\u00ebrmban Pro-Dna Complex\u00ae, i cili mban l\u00ebkuren m\u00eb t\u00eb sh\u00ebndetshme dhe elastike.P\u00ebrmban gjithashtu filtra mbrojt\u00ebs t\u00eb gjenerat\u00ebs s\u00eb fundit. (MBBT + ESCALOL\u00ae S). Pa Aerosol.<br \/>\nTestuar klinikisht. Testuar p\u00ebr Nikel, Kobalt, Krome, Palladium dhe M\u00ebrkur.<br \/>\nP\u00ebrdorimi: Tundeni para p\u00ebrdorimit. Aplikoheni t\u00eb pakt\u00eb pakt\u00ebn 30 min para ekspozimit n\u00eb diell dhe riaplikoheni disa her\u00eb gjat\u00eb dit\u00ebs.<\/p>\n<p>Sasia:200 ml<\/p>\n","protected":false},"featured_media":5548,"comment_status":"open","ping_status":"closed","template":"","meta":[],"product_cat":[78,123],"product_tag":[],"class_list":{"0":"post-6237","1":"product","2":"type-product","3":"status-publish","4":"has-post-thumbnail","6":"product_cat-dermokozmetike","7":"product_cat-rilastil","9":"first","10":"instock","11":"shipping-taxable","12":"product-type-simple"},"_links":{"self":[{"href":"https:\/\/megapharm.al\/index.php?rest_route=\/wp\/v2\/product\/6237","targetHints":{"allow":["GET"]}}],"collection":[{"href":"https:\/\/megapharm.al\/index.php?rest_route=\/wp\/v2\/product"}],"about":[{"href":"https:\/\/megapharm.al\/index.php?rest_route=\/wp\/v2\/types\/product"}],"replies":[{"embeddable":true,"href":"https:\/\/megapharm.al\/index.php?rest_route=%2Fwp%2Fv2%2Fcomments&post=6237"}],"wp:featuredmedia":[{"embeddable":true,"href":"https:\/\/megapharm.al\/index.php?rest_route=\/wp\/v2\/media\/5548"}],"wp:attachment":[{"href":"https:\/\/megapharm.al\/index.php?rest_route=%2Fwp%2Fv2%2Fmedia&parent=6237"}],"wp:term":[{"taxonomy":"product_cat","embeddable":true,"href":"https:\/\/megapharm.al\/index.php?rest_route=%2Fwp%2Fv2%2Fproduct_cat&post=6237"},{"taxonomy":"product_tag","embeddable":true,"href":"https:\/\/megapharm.al\/index.php?rest_route=%2Fwp%2Fv2%2Fproduct_tag&post=6237"}],"curies":[{"name":"wp","href":"https:\/\/api.w.org\/{rel}","templated":true}]}}