{"id":6235,"date":"2021-01-24T10:35:11","date_gmt":"2021-01-24T10:35:11","guid":{"rendered":"http:\/\/megapharm.al\/index.php\/product\/import-placeholder-for-2240\/"},"modified":"2021-01-24T10:35:17","modified_gmt":"2021-01-24T10:35:17","slug":"sun-system-spray-spf-50","status":"publish","type":"product","link":"https:\/\/megapharm.al\/?product=sun-system-spray-spf-50","title":{"rendered":"SUN SYSTEM SPRAY SPF 50+"},"content":{"rendered":"<p>Emulsion ne forme spraj per trupin, me teksture te lehte, i cili mbron lekuren duke parandaluar djegiet apo skuqjet nga dielli.<br \/>\nI pershtatshem per lekura te ndjeshme. Rezistent ndaj ujit.<br \/>\nSiguron nj\u00eb mbrojtje me spekt\u00ebr t\u00eb gjer\u00eb UVA\/UVB. P\u00ebrmban Pro-Dna Complex\u00ae, i cili mban l\u00ebkuren m\u00eb t\u00eb sh\u00ebndetshme dhe elastike.P\u00ebrmban gjithashtu filtra mbrojt\u00ebs t\u00eb gjenerat\u00ebs s\u00eb fundit. (MBBT + ESCALOL\u00ae S). Pa Aerosol.<br \/>\nTestuar klinikisht. Testuar p\u00ebr Nikel, Kobalt, Krome, Palladium dhe M\u00ebrkur.<br \/>\nPerdorimi: Tundeni para perdorimit. Aplikoheni te pakten 30 min pasa ekspozimit ne diell dhe riaplikoheni disa here gjate dites.<br \/>\nSasia:200 ml<br \/>\nPERBERESIT: Aqua (Water) \u2022 Ethylhexyl Methoxycinnamate \u2022 Octocrylene \u2022 Methylene bis-benzotriazolyl Tetramethylbutylphenol (nano) \u2022 Caprylyl Methicone \u2022 C12-15 Alkyl Benzoate \u2022 Bis-Ethylhexyloxyphenol Methoxyphenyl Triazine \u2022 Ceteareth-25 \u2022 Titanium Dioxide (nano) \u2022 Propylene Glycol \u2022 Diethylamino Hydroxybenzoyl Hexyl Benzoate \u2022 Disodium Ethylene Dicocamide PEG-15 Disulfate \u2022 Phenoxyethanol \u2022 Decyl Glucoside \u2022 Polyester-7 \u2022 Neopentyl Glycol Diheptanoate \u2022 Glycerin \u2022 PPG-15 Stearyl Ether \u2022 Alumina \u2022 Xanthan Gum \u2022 Polyhydroxystearic Acid \u2022 Hydrogen Dimethicone \u2022 Peucedanum ostruthium Leaf Extract \u2022 Buddleja davidii Leaf Extract \u2022 Artemisia umbelliformis Extract \u2022 Pinus pinaster Bark\/Bud Extract \u2022 Schizandra chinensis Fruit Extract \u2022 Tocopheryl Acetate \u2022 Bisabolol \u2022 Oryzanol \u2022 Pentaerythrityl Tetra-di-t-butyl Hydroxyhydrocinnamate \u2022 Lactic Acid \u2022 Diglycerin \u2022 Ethylhexylglycerin \u2022 Sodium Dehydroacetate \u2022 Sodium Benzoate \u2022 Potassium Sorbate \u2022 o-Cymen-5-ol \u2022 Disodium EDTA \u2022 Parfum (Fragrance).<\/p>\n","protected":false},"excerpt":{"rendered":"<p>Emulsion ne forme spraj per trupin, me teksture te lehte, i cili mbron lekuren duke parandaluar djegiet apo skuqjet nga dielli.<br \/>\nI pershtatshem per lekura te ndjeshme. Rezistent ndaj ujit.<br \/>\nSiguron nj\u00eb mbrojtje me spekt\u00ebr t\u00eb gjer\u00eb UVA\/UVB. P\u00ebrmban Pro-Dna Complex\u00ae, i cili mban l\u00ebkuren m\u00eb t\u00eb sh\u00ebndetshme dhe elastike.P\u00ebrmban gjithashtu filtra mbrojt\u00ebs t\u00eb gjenerat\u00ebs s\u00eb fundit. (MBBT + ESCALOL\u00ae S). Pa Aerosol.<br \/>\nTestuar klinikisht. Testuar p\u00ebr Nikel, Kobalt, Krome, Palladium dhe M\u00ebrkur.<br \/>\nPerdorimi: Tundeni para perdorimit. Aplikoheni te pakten 30 min pasa ekspozimit ne diell dhe riaplikoheni disa here gjate dites.<br \/>\nSasia:200 ml<br \/>\nPERBERESIT: Aqua (Water) \u2022 Ethylhexyl Methoxycinnamate \u2022 Octocrylene \u2022 Methylene bis-benzotriazolyl Tetramethylbutylphenol (nano) \u2022 Caprylyl Methicone \u2022 C12-15 Alkyl Benzoate \u2022 Bis-Ethylhexyloxyphenol Methoxyphenyl Triazine \u2022 Ceteareth-25 \u2022 Titanium Dioxide (nano) \u2022 Propylene Glycol \u2022 Diethylamino Hydroxybenzoyl Hexyl Benzoate \u2022 Disodium Ethylene Dicocamide PEG-15 Disulfate \u2022 Phenoxyethanol \u2022 Decyl Glucoside \u2022 Polyester-7 \u2022 Neopentyl Glycol Diheptanoate \u2022 Glycerin \u2022 PPG-15 Stearyl Ether \u2022 Alumina \u2022 Xanthan Gum \u2022 Polyhydroxystearic Acid \u2022 Hydrogen Dimethicone \u2022 Peucedanum ostruthium Leaf Extract \u2022 Buddleja davidii Leaf Extract \u2022 Artemisia umbelliformis Extract \u2022 Pinus pinaster Bark\/Bud Extract \u2022 Schizandra chinensis Fruit Extract \u2022 Tocopheryl Acetate \u2022 Bisabolol \u2022 Oryzanol \u2022 Pentaerythrityl Tetra-di-t-butyl Hydroxyhydrocinnamate \u2022 Lactic Acid \u2022 Diglycerin \u2022 Ethylhexylglycerin \u2022 Sodium Dehydroacetate \u2022 Sodium Benzoate \u2022 Potassium Sorbate \u2022 o-Cymen-5-ol \u2022 Disodium EDTA \u2022 Parfum (Fragrance).<\/p>\n","protected":false},"featured_media":5546,"comment_status":"open","ping_status":"closed","template":"","meta":[],"product_cat":[78,123],"product_tag":[],"class_list":{"0":"post-6235","1":"product","2":"type-product","3":"status-publish","4":"has-post-thumbnail","6":"product_cat-dermokozmetike","7":"product_cat-rilastil","9":"first","10":"instock","11":"shipping-taxable","12":"product-type-simple"},"_links":{"self":[{"href":"https:\/\/megapharm.al\/index.php?rest_route=\/wp\/v2\/product\/6235","targetHints":{"allow":["GET"]}}],"collection":[{"href":"https:\/\/megapharm.al\/index.php?rest_route=\/wp\/v2\/product"}],"about":[{"href":"https:\/\/megapharm.al\/index.php?rest_route=\/wp\/v2\/types\/product"}],"replies":[{"embeddable":true,"href":"https:\/\/megapharm.al\/index.php?rest_route=%2Fwp%2Fv2%2Fcomments&post=6235"}],"wp:featuredmedia":[{"embeddable":true,"href":"https:\/\/megapharm.al\/index.php?rest_route=\/wp\/v2\/media\/5546"}],"wp:attachment":[{"href":"https:\/\/megapharm.al\/index.php?rest_route=%2Fwp%2Fv2%2Fmedia&parent=6235"}],"wp:term":[{"taxonomy":"product_cat","embeddable":true,"href":"https:\/\/megapharm.al\/index.php?rest_route=%2Fwp%2Fv2%2Fproduct_cat&post=6235"},{"taxonomy":"product_tag","embeddable":true,"href":"https:\/\/megapharm.al\/index.php?rest_route=%2Fwp%2Fv2%2Fproduct_tag&post=6235"}],"curies":[{"name":"wp","href":"https:\/\/api.w.org\/{rel}","templated":true}]}}