{"id":6234,"date":"2021-01-24T10:35:11","date_gmt":"2021-01-24T10:35:11","guid":{"rendered":"http:\/\/megapharm.al\/index.php\/product\/import-placeholder-for-2239\/"},"modified":"2021-01-24T10:35:17","modified_gmt":"2021-01-24T10:35:17","slug":"sun-system-dry-touch-spf-30","status":"publish","type":"product","link":"https:\/\/megapharm.al\/?product=sun-system-dry-touch-spf-30","title":{"rendered":"SUN SYSTEM DRY TOUCH SPF 30"},"content":{"rendered":"<p>Spraj mbrojtes per trupin shume i lehte, perthithet menjehere nga lekura dhe nuk ndihet ne prekje. I pershtatshem per lekura te ndjeshme. Rezistent ndaj ujit.<br \/>\nSiguron nj\u00eb mbrojtje me spekt\u00ebr t\u00eb gjer\u00eb UVA\/UVB. P\u00ebrmban Pro-Dna Complex\u00ae, i cili mban l\u00ebkuren m\u00eb t\u00eb sh\u00ebndetshme dhe elastike.<br \/>\nTestuar klinikisht. Testuar p\u00ebr Nikel, Kobalt, Krome, Palladium dhe M\u00ebrkur.<br \/>\nP\u00ebrdorimi: Tundeni para perdorimit. Aplikoheni t\u00eb pakt\u00ebn 30 min para ekspozimit n\u00eb diell dhe riaplikoheni disa her\u00eb gjat\u00eb dit\u00ebs. Kujdesuni gjat\u00eb aplikimit q\u00eb t\u00eb shmagni p\u00ebrfundimin e shishes para kohe.<br \/>\nSasia:200 ml<\/p>\n","protected":false},"excerpt":{"rendered":"<p>Spraj mbrojtes per trupin shume i lehte, perthithet menjehere nga lekura dhe nuk ndihet ne prekje. I pershtatshem per lekura te ndjeshme. Rezistent ndaj ujit.<br \/>\nSiguron nj\u00eb mbrojtje me spekt\u00ebr t\u00eb gjer\u00eb UVA\/UVB. P\u00ebrmban Pro-Dna Complex\u00ae, i cili mban l\u00ebkuren m\u00eb t\u00eb sh\u00ebndetshme dhe elastike.<br \/>\nTestuar klinikisht. Testuar p\u00ebr Nikel, Kobalt, Krome, Palladium dhe M\u00ebrkur.<br \/>\nP\u00ebrdorimi: Tundeni para perdorimit. Aplikoheni t\u00eb pakt\u00ebn 30 min para ekspozimit n\u00eb diell dhe riaplikoheni disa her\u00eb gjat\u00eb dit\u00ebs. Kujdesuni gjat\u00eb aplikimit q\u00eb t\u00eb shmagni p\u00ebrfundimin e shishes para kohe.<br \/>\nSasia:200 ml<\/p>\n","protected":false},"featured_media":5545,"comment_status":"open","ping_status":"closed","template":"","meta":[],"product_cat":[78,123],"product_tag":[],"class_list":{"0":"post-6234","1":"product","2":"type-product","3":"status-publish","4":"has-post-thumbnail","6":"product_cat-dermokozmetike","7":"product_cat-rilastil","9":"first","10":"instock","11":"shipping-taxable","12":"product-type-simple"},"_links":{"self":[{"href":"https:\/\/megapharm.al\/index.php?rest_route=\/wp\/v2\/product\/6234","targetHints":{"allow":["GET"]}}],"collection":[{"href":"https:\/\/megapharm.al\/index.php?rest_route=\/wp\/v2\/product"}],"about":[{"href":"https:\/\/megapharm.al\/index.php?rest_route=\/wp\/v2\/types\/product"}],"replies":[{"embeddable":true,"href":"https:\/\/megapharm.al\/index.php?rest_route=%2Fwp%2Fv2%2Fcomments&post=6234"}],"wp:featuredmedia":[{"embeddable":true,"href":"https:\/\/megapharm.al\/index.php?rest_route=\/wp\/v2\/media\/5545"}],"wp:attachment":[{"href":"https:\/\/megapharm.al\/index.php?rest_route=%2Fwp%2Fv2%2Fmedia&parent=6234"}],"wp:term":[{"taxonomy":"product_cat","embeddable":true,"href":"https:\/\/megapharm.al\/index.php?rest_route=%2Fwp%2Fv2%2Fproduct_cat&post=6234"},{"taxonomy":"product_tag","embeddable":true,"href":"https:\/\/megapharm.al\/index.php?rest_route=%2Fwp%2Fv2%2Fproduct_tag&post=6234"}],"curies":[{"name":"wp","href":"https:\/\/api.w.org\/{rel}","templated":true}]}}