{"id":6233,"date":"2021-01-24T10:35:11","date_gmt":"2021-01-24T10:35:11","guid":{"rendered":"http:\/\/megapharm.al\/index.php\/product\/import-placeholder-for-2238\/"},"modified":"2021-01-24T10:35:17","modified_gmt":"2021-01-24T10:35:17","slug":"sun-system-dry-touch-spf-50","status":"publish","type":"product","link":"https:\/\/megapharm.al\/?product=sun-system-dry-touch-spf-50","title":{"rendered":"SUN SYSTEM DRY TOUCH SPF 50+"},"content":{"rendered":"<p>Spraj mbrojt\u00ebs p\u00ebr trupin shum\u00eb i leht\u00eb, p\u00ebrthithet menj\u00ebher\u00eb nga l\u00ebkura dhe nuk ndihet n\u00eb prekje. I p\u00ebrshtatsh\u00ebm p\u00ebr l\u00ebkura t\u00eb ndjeshme. Rezistent ndaj ujit.<br \/>\nSiguron nj\u00eb mbrojtje me spekt\u00ebr t\u00eb gjer\u00eb UVA\/UVB. P\u00ebrmban kompleksin Pro-Dna Complex\u00ae, i cili mban l\u00ebkuren m\u00eb t\u00eb sh\u00ebndetshme dhe elastike.<br \/>\nTestuar klinikisht. Testuar p\u00ebr Nikel, Kobalt, Krome, Palladium dhe M\u00ebrkur.<br \/>\nP\u00ebrdorimi: Tundeni para p\u00ebrdorimit. Aplikoheni t\u00eb pakt\u00ebn 30 min para ekspozimit n\u00eb diell dhe riaplikoheni disa her\u00eb gjat\u00eb dit\u00ebs. Kujdesuni gjat\u00eb aplikimit q\u00eb t\u00eb shmagni p\u00ebrfundimin e shishes para kohe.<br \/>\nSasia:200 ml<\/p>\n","protected":false},"excerpt":{"rendered":"<p>Spraj mbrojt\u00ebs p\u00ebr trupin shum\u00eb i leht\u00eb, p\u00ebrthithet menj\u00ebher\u00eb nga l\u00ebkura dhe nuk ndihet n\u00eb prekje. I p\u00ebrshtatsh\u00ebm p\u00ebr l\u00ebkura t\u00eb ndjeshme. Rezistent ndaj ujit.<br \/>\nSiguron nj\u00eb mbrojtje me spekt\u00ebr t\u00eb gjer\u00eb UVA\/UVB. P\u00ebrmban kompleksin Pro-Dna Complex\u00ae, i cili mban l\u00ebkuren m\u00eb t\u00eb sh\u00ebndetshme dhe elastike.<br \/>\nTestuar klinikisht. Testuar p\u00ebr Nikel, Kobalt, Krome, Palladium dhe M\u00ebrkur.<br \/>\nP\u00ebrdorimi: Tundeni para p\u00ebrdorimit. Aplikoheni t\u00eb pakt\u00ebn 30 min para ekspozimit n\u00eb diell dhe riaplikoheni disa her\u00eb gjat\u00eb dit\u00ebs. Kujdesuni gjat\u00eb aplikimit q\u00eb t\u00eb shmagni p\u00ebrfundimin e shishes para kohe.<br \/>\nSasia:200 ml<\/p>\n","protected":false},"featured_media":5544,"comment_status":"open","ping_status":"closed","template":"","meta":[],"product_cat":[78,123],"product_tag":[],"class_list":{"0":"post-6233","1":"product","2":"type-product","3":"status-publish","4":"has-post-thumbnail","6":"product_cat-dermokozmetike","7":"product_cat-rilastil","9":"first","10":"instock","11":"shipping-taxable","12":"product-type-simple"},"_links":{"self":[{"href":"https:\/\/megapharm.al\/index.php?rest_route=\/wp\/v2\/product\/6233","targetHints":{"allow":["GET"]}}],"collection":[{"href":"https:\/\/megapharm.al\/index.php?rest_route=\/wp\/v2\/product"}],"about":[{"href":"https:\/\/megapharm.al\/index.php?rest_route=\/wp\/v2\/types\/product"}],"replies":[{"embeddable":true,"href":"https:\/\/megapharm.al\/index.php?rest_route=%2Fwp%2Fv2%2Fcomments&post=6233"}],"wp:featuredmedia":[{"embeddable":true,"href":"https:\/\/megapharm.al\/index.php?rest_route=\/wp\/v2\/media\/5544"}],"wp:attachment":[{"href":"https:\/\/megapharm.al\/index.php?rest_route=%2Fwp%2Fv2%2Fmedia&parent=6233"}],"wp:term":[{"taxonomy":"product_cat","embeddable":true,"href":"https:\/\/megapharm.al\/index.php?rest_route=%2Fwp%2Fv2%2Fproduct_cat&post=6233"},{"taxonomy":"product_tag","embeddable":true,"href":"https:\/\/megapharm.al\/index.php?rest_route=%2Fwp%2Fv2%2Fproduct_tag&post=6233"}],"curies":[{"name":"wp","href":"https:\/\/api.w.org\/{rel}","templated":true}]}}