{"id":6231,"date":"2021-01-24T10:35:11","date_gmt":"2021-01-24T10:35:11","guid":{"rendered":"http:\/\/megapharm.al\/index.php\/product\/import-placeholder-for-2236\/"},"modified":"2021-01-24T10:35:16","modified_gmt":"2021-01-24T10:35:16","slug":"sun-system-lotion-spf-50","status":"publish","type":"product","link":"https:\/\/megapharm.al\/?product=sun-system-lotion-spf-50","title":{"rendered":"SUN SYSTEM LOTION SPF 50+"},"content":{"rendered":"<p>Sun System Locion SPF 50 fluid me teksture te lehte.Mbron nga rrezet e d\u00ebmshme t\u00eb diellit. Siguron nj\u00eb mbrojtje me spekt\u00ebr t\u00eb gjer\u00eb UVA\/UVB. P\u00ebrmban kompleksin Pro-Dna Complex\u00ae, i cili mban l\u00ebkuren m\u00eb t\u00eb sh\u00ebndetshme dhe elastike. P\u00ebrmban gjithashtu filtra mbrojt\u00ebs t\u00eb gjenerat\u00ebs s\u00eb fundit. (MBBT + ESCALOL\u00ae S).<br \/>\nRezistent ndaj ujit. Jo komedogjenik. Hipoalergjenik. Pa ngjyrues, alkol dhe derivate t\u00eb grurit.<br \/>\nTestuar klinikisht. Testuar p\u00ebr Nikel, Kobalt, Krome, Palladium dhe M\u00ebrkur.<br \/>\nP\u00ebr l\u00ebkur\u00ebn e trupit.<br \/>\nI p\u00ebrshtatshem p\u00ebr l\u00ebkur\u00eb t\u00eb ndjeshme nga dielli.<br \/>\nP\u00ebrdorimi<br \/>\nAplikoheni n\u00eb gjith\u00eb trupin 30 min para ekspozimit n\u00eb diell, riaplikoheni disa here gjate dites.<\/p>\n<p>Sasia: 100ml<\/p>\n","protected":false},"excerpt":{"rendered":"<p>Sun System Locion SPF 50 fluid me teksture te lehte.Mbron nga rrezet e d\u00ebmshme t\u00eb diellit. Siguron nj\u00eb mbrojtje me spekt\u00ebr t\u00eb gjer\u00eb UVA\/UVB. P\u00ebrmban kompleksin Pro-Dna Complex\u00ae, i cili mban l\u00ebkuren m\u00eb t\u00eb sh\u00ebndetshme dhe elastike. P\u00ebrmban gjithashtu filtra mbrojt\u00ebs t\u00eb gjenerat\u00ebs s\u00eb fundit. (MBBT + ESCALOL\u00ae S).<br \/>\nRezistent ndaj ujit. Jo komedogjenik. Hipoalergjenik. Pa ngjyrues, alkol dhe derivate t\u00eb grurit.<br \/>\nTestuar klinikisht. Testuar p\u00ebr Nikel, Kobalt, Krome, Palladium dhe M\u00ebrkur.<br \/>\nP\u00ebr l\u00ebkur\u00ebn e trupit.<br \/>\nI p\u00ebrshtatshem p\u00ebr l\u00ebkur\u00eb t\u00eb ndjeshme nga dielli.<br \/>\nP\u00ebrdorimi<br \/>\nAplikoheni n\u00eb gjith\u00eb trupin 30 min para ekspozimit n\u00eb diell, riaplikoheni disa here gjate dites.<\/p>\n<p>Sasia: 100ml<\/p>\n","protected":false},"featured_media":5542,"comment_status":"open","ping_status":"closed","template":"","meta":[],"product_cat":[78,123],"product_tag":[],"class_list":{"0":"post-6231","1":"product","2":"type-product","3":"status-publish","4":"has-post-thumbnail","6":"product_cat-dermokozmetike","7":"product_cat-rilastil","9":"first","10":"instock","11":"shipping-taxable","12":"product-type-simple"},"_links":{"self":[{"href":"https:\/\/megapharm.al\/index.php?rest_route=\/wp\/v2\/product\/6231","targetHints":{"allow":["GET"]}}],"collection":[{"href":"https:\/\/megapharm.al\/index.php?rest_route=\/wp\/v2\/product"}],"about":[{"href":"https:\/\/megapharm.al\/index.php?rest_route=\/wp\/v2\/types\/product"}],"replies":[{"embeddable":true,"href":"https:\/\/megapharm.al\/index.php?rest_route=%2Fwp%2Fv2%2Fcomments&post=6231"}],"wp:featuredmedia":[{"embeddable":true,"href":"https:\/\/megapharm.al\/index.php?rest_route=\/wp\/v2\/media\/5542"}],"wp:attachment":[{"href":"https:\/\/megapharm.al\/index.php?rest_route=%2Fwp%2Fv2%2Fmedia&parent=6231"}],"wp:term":[{"taxonomy":"product_cat","embeddable":true,"href":"https:\/\/megapharm.al\/index.php?rest_route=%2Fwp%2Fv2%2Fproduct_cat&post=6231"},{"taxonomy":"product_tag","embeddable":true,"href":"https:\/\/megapharm.al\/index.php?rest_route=%2Fwp%2Fv2%2Fproduct_tag&post=6231"}],"curies":[{"name":"wp","href":"https:\/\/api.w.org\/{rel}","templated":true}]}}