{"id":6228,"date":"2021-01-24T10:35:10","date_gmt":"2021-01-24T10:35:10","guid":{"rendered":"http:\/\/megapharm.al\/index.php\/product\/import-placeholder-for-2233\/"},"modified":"2021-01-24T10:35:15","modified_gmt":"2021-01-24T10:35:15","slug":"sun-system-stick-spf-50","status":"publish","type":"product","link":"https:\/\/megapharm.al\/?product=sun-system-stick-spf-50","title":{"rendered":"SUN SYSTEM STICK SPF 50+"},"content":{"rendered":"<p>Stick me filt\u00ebr mbrojt\u00ebs t\u00eb lart\u00eb p\u00ebr zona delikate dhe sensitive. P\u00ebrmban kompleksin PRO-ADN\u00ae dhe kompleksin PRO-ELASTIL.<br \/>\nRezistent ndaj ujit. Pa paraben. Pa ngjyrues. Pa arom\u00eb. Hipoalergjenik.<br \/>\nTestuar dermatologjikisht. Testuar p\u00ebr Nikel, Kobalt, Krome, Palladium dhe M\u00ebrkur.<br \/>\nP\u00ebrdorimi<br \/>\nAplikoheni n\u00eb zonat e d\u00ebshiruara 30 min para ekspozimit n\u00eb diell dhe riaplikoheni disa her\u00eb gjet\u00eb dit\u00ebs.<\/p>\n<p>Sasia: 8.5 ml<\/p>\n<p>&nbsp;<\/p>\n","protected":false},"excerpt":{"rendered":"<p>Stick me filt\u00ebr mbrojt\u00ebs t\u00eb lart\u00eb p\u00ebr zona delikate dhe sensitive. P\u00ebrmban kompleksin PRO-ADN\u00ae dhe kompleksin PRO-ELASTIL.<br \/>\nRezistent ndaj ujit. Pa paraben. Pa ngjyrues. Pa arom\u00eb. Hipoalergjenik.<br \/>\nTestuar dermatologjikisht. Testuar p\u00ebr Nikel, Kobalt, Krome, Palladium dhe M\u00ebrkur.<br \/>\nP\u00ebrdorimi<br \/>\nAplikoheni n\u00eb zonat e d\u00ebshiruara 30 min para ekspozimit n\u00eb diell dhe riaplikoheni disa her\u00eb gjet\u00eb dit\u00ebs.<\/p>\n<p>Sasia: 8.5 ml<\/p>\n","protected":false},"featured_media":5539,"comment_status":"open","ping_status":"closed","template":"","meta":[],"product_cat":[78,123],"product_tag":[],"class_list":{"0":"post-6228","1":"product","2":"type-product","3":"status-publish","4":"has-post-thumbnail","6":"product_cat-dermokozmetike","7":"product_cat-rilastil","9":"first","10":"instock","11":"shipping-taxable","12":"product-type-simple"},"_links":{"self":[{"href":"https:\/\/megapharm.al\/index.php?rest_route=\/wp\/v2\/product\/6228","targetHints":{"allow":["GET"]}}],"collection":[{"href":"https:\/\/megapharm.al\/index.php?rest_route=\/wp\/v2\/product"}],"about":[{"href":"https:\/\/megapharm.al\/index.php?rest_route=\/wp\/v2\/types\/product"}],"replies":[{"embeddable":true,"href":"https:\/\/megapharm.al\/index.php?rest_route=%2Fwp%2Fv2%2Fcomments&post=6228"}],"wp:featuredmedia":[{"embeddable":true,"href":"https:\/\/megapharm.al\/index.php?rest_route=\/wp\/v2\/media\/5539"}],"wp:attachment":[{"href":"https:\/\/megapharm.al\/index.php?rest_route=%2Fwp%2Fv2%2Fmedia&parent=6228"}],"wp:term":[{"taxonomy":"product_cat","embeddable":true,"href":"https:\/\/megapharm.al\/index.php?rest_route=%2Fwp%2Fv2%2Fproduct_cat&post=6228"},{"taxonomy":"product_tag","embeddable":true,"href":"https:\/\/megapharm.al\/index.php?rest_route=%2Fwp%2Fv2%2Fproduct_tag&post=6228"}],"curies":[{"name":"wp","href":"https:\/\/api.w.org\/{rel}","templated":true}]}}