{"id":6227,"date":"2021-01-24T10:35:10","date_gmt":"2021-01-24T10:35:10","guid":{"rendered":"http:\/\/megapharm.al\/index.php\/product\/import-placeholder-for-2232\/"},"modified":"2021-01-24T10:35:15","modified_gmt":"2021-01-24T10:35:15","slug":"sun-system-comfort-fluid-spf-30","status":"publish","type":"product","link":"https:\/\/megapharm.al\/?product=sun-system-comfort-fluid-spf-30","title":{"rendered":"SUN SYSTEM COMFORT FLUID SPF 30"},"content":{"rendered":"<p>Sun System Comfort Fluid SPF 30 emulsion fluid p\u00ebr fytyr\u00ebn, i leht\u00eb dhe i fresk\u00ebt. Mjaft i leht\u00eb p\u00ebr t&#8217;u p\u00ebrhapur dhe p\u00ebrthithet mjaft leht\u00eb nga l\u00ebkura. I jep ndjesin\u00eb e komfortit l\u00ebkur\u00ebs. Parandalon nga djegia, skuqja apo shfaqja e njollave. Ka nj\u00eb filter mbrojt\u00ebs 30.<br \/>\nRezistent ndaj ujit. Jo komedogjenik. Hipoalergjenik.<br \/>\nTestuar klinikisht. Testuar p\u00ebr Nikel, Kobalt, Krom, Palladium dhe M\u00ebrkur.<br \/>\nI p\u00ebrshtatsh\u00ebm p\u00ebr l\u00ebkura t\u00eb ndjeshme.<br \/>\nP\u00ebrdorimi<br \/>\nTundeni para p\u00ebrdorimit. Aplikoheni 30 min para ekspozimit n\u00eb diell, riaplikoheni disa her\u00eb gjat\u00eb dit\u00ebs.<\/p>\n<p>Sasia: 50ml<\/p>\n","protected":false},"excerpt":{"rendered":"<p>Sun System Comfort Fluid SPF 30 emulsion fluid p\u00ebr fytyr\u00ebn, i leht\u00eb dhe i fresk\u00ebt. Mjaft i leht\u00eb p\u00ebr t&#8217;u p\u00ebrhapur dhe p\u00ebrthithet mjaft leht\u00eb nga l\u00ebkura. I jep ndjesin\u00eb e komfortit l\u00ebkur\u00ebs. Parandalon nga djegia, skuqja apo shfaqja e njollave. Ka nj\u00eb filter mbrojt\u00ebs 30.<br \/>\nRezistent ndaj ujit. Jo komedogjenik. Hipoalergjenik.<br \/>\nTestuar klinikisht. Testuar p\u00ebr Nikel, Kobalt, Krom, Palladium dhe M\u00ebrkur.<br \/>\nI p\u00ebrshtatsh\u00ebm p\u00ebr l\u00ebkura t\u00eb ndjeshme.<br \/>\nP\u00ebrdorimi<br \/>\nTundeni para p\u00ebrdorimit. Aplikoheni 30 min para ekspozimit n\u00eb diell, riaplikoheni disa her\u00eb gjat\u00eb dit\u00ebs.<\/p>\n<p>Sasia: 50ml<\/p>\n","protected":false},"featured_media":5538,"comment_status":"open","ping_status":"closed","template":"","meta":[],"product_cat":[78,123],"product_tag":[],"class_list":{"0":"post-6227","1":"product","2":"type-product","3":"status-publish","4":"has-post-thumbnail","6":"product_cat-dermokozmetike","7":"product_cat-rilastil","9":"first","10":"instock","11":"shipping-taxable","12":"product-type-simple"},"_links":{"self":[{"href":"https:\/\/megapharm.al\/index.php?rest_route=\/wp\/v2\/product\/6227","targetHints":{"allow":["GET"]}}],"collection":[{"href":"https:\/\/megapharm.al\/index.php?rest_route=\/wp\/v2\/product"}],"about":[{"href":"https:\/\/megapharm.al\/index.php?rest_route=\/wp\/v2\/types\/product"}],"replies":[{"embeddable":true,"href":"https:\/\/megapharm.al\/index.php?rest_route=%2Fwp%2Fv2%2Fcomments&post=6227"}],"wp:featuredmedia":[{"embeddable":true,"href":"https:\/\/megapharm.al\/index.php?rest_route=\/wp\/v2\/media\/5538"}],"wp:attachment":[{"href":"https:\/\/megapharm.al\/index.php?rest_route=%2Fwp%2Fv2%2Fmedia&parent=6227"}],"wp:term":[{"taxonomy":"product_cat","embeddable":true,"href":"https:\/\/megapharm.al\/index.php?rest_route=%2Fwp%2Fv2%2Fproduct_cat&post=6227"},{"taxonomy":"product_tag","embeddable":true,"href":"https:\/\/megapharm.al\/index.php?rest_route=%2Fwp%2Fv2%2Fproduct_tag&post=6227"}],"curies":[{"name":"wp","href":"https:\/\/api.w.org\/{rel}","templated":true}]}}