{"id":6226,"date":"2021-01-24T10:35:10","date_gmt":"2021-01-24T10:35:10","guid":{"rendered":"http:\/\/megapharm.al\/index.php\/product\/import-placeholder-for-2231\/"},"modified":"2021-01-24T10:35:15","modified_gmt":"2021-01-24T10:35:15","slug":"sun-system-mineral-fluid-spf-30","status":"publish","type":"product","link":"https:\/\/megapharm.al\/?product=sun-system-mineral-fluid-spf-30","title":{"rendered":"SUN SYSTEM MINERAL FLUID SPF 30"},"content":{"rendered":"<p>Sun System Mineral Fluid Spf 30 \u00ebsht\u00eb nj\u00eb fluid me tekstur\u00eb t\u00eb leht\u00eb i cili ka n\u00eb fokus l\u00ebkur\u00ebn hipersensitive dhe alergjike ndaj diellit. P\u00ebrmban spekt\u00ebr t\u00eb gjer\u00eb mbrojt\u00ebs nga rrezet UVA \/UVB.Parandalon djegien nga dielli dhe shfaqjen e njollave.<br \/>\nP\u00ebrmban Pro-Dna Complex\u00ae: ruan elasticitetin e l\u00ebkur\u00ebs dhe sh\u00ebndetin e saj.<br \/>\nRezistent ndaj ujit.<br \/>\nP\u00ebrmban vet\u00ebm filtra fizike<br \/>\nP\u00ebrdorimi<br \/>\nAplikoheni 30 min para ekspozimit n\u00eb diell dhe riaplikoheni disa her\u00eb gjat\u00eb dit\u00ebs.<\/p>\n<p>Sasia: 50ml<\/p>\n","protected":false},"excerpt":{"rendered":"<p>Sun System Mineral Fluid Spf 30 \u00ebsht\u00eb nj\u00eb fluid me tekstur\u00eb t\u00eb leht\u00eb i cili ka n\u00eb fokus l\u00ebkur\u00ebn hipersensitive dhe alergjike ndaj diellit. P\u00ebrmban spekt\u00ebr t\u00eb gjer\u00eb mbrojt\u00ebs nga rrezet UVA \/UVB.Parandalon djegien nga dielli dhe shfaqjen e njollave.<br \/>\nP\u00ebrmban Pro-Dna Complex\u00ae: ruan elasticitetin e l\u00ebkur\u00ebs dhe sh\u00ebndetin e saj.<br \/>\nRezistent ndaj ujit.<br \/>\nP\u00ebrmban vet\u00ebm filtra fizike<br \/>\nP\u00ebrdorimi<br \/>\nAplikoheni 30 min para ekspozimit n\u00eb diell dhe riaplikoheni disa her\u00eb gjat\u00eb dit\u00ebs.<\/p>\n<p>Sasia: 50ml<\/p>\n","protected":false},"featured_media":5537,"comment_status":"open","ping_status":"closed","template":"","meta":[],"product_cat":[78,123],"product_tag":[],"class_list":{"0":"post-6226","1":"product","2":"type-product","3":"status-publish","4":"has-post-thumbnail","6":"product_cat-dermokozmetike","7":"product_cat-rilastil","9":"first","10":"instock","11":"shipping-taxable","12":"product-type-simple"},"_links":{"self":[{"href":"https:\/\/megapharm.al\/index.php?rest_route=\/wp\/v2\/product\/6226","targetHints":{"allow":["GET"]}}],"collection":[{"href":"https:\/\/megapharm.al\/index.php?rest_route=\/wp\/v2\/product"}],"about":[{"href":"https:\/\/megapharm.al\/index.php?rest_route=\/wp\/v2\/types\/product"}],"replies":[{"embeddable":true,"href":"https:\/\/megapharm.al\/index.php?rest_route=%2Fwp%2Fv2%2Fcomments&post=6226"}],"wp:featuredmedia":[{"embeddable":true,"href":"https:\/\/megapharm.al\/index.php?rest_route=\/wp\/v2\/media\/5537"}],"wp:attachment":[{"href":"https:\/\/megapharm.al\/index.php?rest_route=%2Fwp%2Fv2%2Fmedia&parent=6226"}],"wp:term":[{"taxonomy":"product_cat","embeddable":true,"href":"https:\/\/megapharm.al\/index.php?rest_route=%2Fwp%2Fv2%2Fproduct_cat&post=6226"},{"taxonomy":"product_tag","embeddable":true,"href":"https:\/\/megapharm.al\/index.php?rest_route=%2Fwp%2Fv2%2Fproduct_tag&post=6226"}],"curies":[{"name":"wp","href":"https:\/\/api.w.org\/{rel}","templated":true}]}}