{"id":6225,"date":"2021-01-24T10:35:10","date_gmt":"2021-01-24T10:35:10","guid":{"rendered":"http:\/\/megapharm.al\/index.php\/product\/import-placeholder-for-2230\/"},"modified":"2021-01-24T10:35:15","modified_gmt":"2021-01-24T10:35:15","slug":"sun-system-light-emulsion-spf-30","status":"publish","type":"product","link":"https:\/\/megapharm.al\/?product=sun-system-light-emulsion-spf-30","title":{"rendered":"SUN SYSTEM LIGHT EMULSION SPF 30"},"content":{"rendered":"<p>Emulsion i leht\u00eb pa vaj i formuluar p\u00ebr lekuren mikse me tendenc\u00eb n\u00eb t\u00eb yndyrshme. COMPLEX-PRO-ADN, ul shk\u00eblqimin e l\u00ebkur\u00ebs duke e b\u00ebr\u00eb at\u00eb t\u00eb ket\u00eb nj\u00eb pamje m\u00eb mat. Siguron nj\u00eb mbrojtje me spekt\u00ebr t\u00eb gjer\u00eb. Parandalon shfaqjen e njollave, skuqjes apo djegien ndaj rrezeve t\u00eb diellit. L\u00ebkura \u00ebsht\u00eb m\u00eb e sh\u00ebndetshme dhe m\u00eb elastike.<br \/>\nRezistent ndaj ujit. Hipoalergjenik. Jo komedogjenik. Testuar klinikisht. Testuar p\u00ebr Nikel, Kobalt, Krom, Palladium dhe M\u00ebrkur.<br \/>\nI pershtatsh\u00ebm p\u00ebr l\u00ebkur\u00eb t\u00eb yndyrshme\/mikse dhe l\u00ebkur\u00eb t\u00eb ndjeshme nga dielli.<br \/>\nP\u00ebrdorimi<br \/>\nAplikoheni n\u00eb fytyr\u00eb dhe qaf\u00eb 30 min para ekspozimit n\u00eb diell dhe riaplikoheni disa her\u00eb n\u00eb dit\u00eb.<\/p>\n<p>Sasia: 50ml<\/p>\n","protected":false},"excerpt":{"rendered":"<p>Emulsion i leht\u00eb pa vaj i formuluar p\u00ebr lekuren mikse me tendenc\u00eb n\u00eb t\u00eb yndyrshme. COMPLEX-PRO-ADN, ul shk\u00eblqimin e l\u00ebkur\u00ebs duke e b\u00ebr\u00eb at\u00eb t\u00eb ket\u00eb nj\u00eb pamje m\u00eb mat. Siguron nj\u00eb mbrojtje me spekt\u00ebr t\u00eb gjer\u00eb. Parandalon shfaqjen e njollave, skuqjes apo djegien ndaj rrezeve t\u00eb diellit. L\u00ebkura \u00ebsht\u00eb m\u00eb e sh\u00ebndetshme dhe m\u00eb elastike.<br \/>\nRezistent ndaj ujit. Hipoalergjenik. Jo komedogjenik. Testuar klinikisht. Testuar p\u00ebr Nikel, Kobalt, Krom, Palladium dhe M\u00ebrkur.<br \/>\nI pershtatsh\u00ebm p\u00ebr l\u00ebkur\u00eb t\u00eb yndyrshme\/mikse dhe l\u00ebkur\u00eb t\u00eb ndjeshme nga dielli.<br \/>\nP\u00ebrdorimi<br \/>\nAplikoheni n\u00eb fytyr\u00eb dhe qaf\u00eb 30 min para ekspozimit n\u00eb diell dhe riaplikoheni disa her\u00eb n\u00eb dit\u00eb.<\/p>\n<p>Sasia: 50ml<\/p>\n","protected":false},"featured_media":5536,"comment_status":"open","ping_status":"closed","template":"","meta":[],"product_cat":[78,123],"product_tag":[],"class_list":{"0":"post-6225","1":"product","2":"type-product","3":"status-publish","4":"has-post-thumbnail","6":"product_cat-dermokozmetike","7":"product_cat-rilastil","9":"first","10":"instock","11":"shipping-taxable","12":"product-type-simple"},"_links":{"self":[{"href":"https:\/\/megapharm.al\/index.php?rest_route=\/wp\/v2\/product\/6225","targetHints":{"allow":["GET"]}}],"collection":[{"href":"https:\/\/megapharm.al\/index.php?rest_route=\/wp\/v2\/product"}],"about":[{"href":"https:\/\/megapharm.al\/index.php?rest_route=\/wp\/v2\/types\/product"}],"replies":[{"embeddable":true,"href":"https:\/\/megapharm.al\/index.php?rest_route=%2Fwp%2Fv2%2Fcomments&post=6225"}],"wp:featuredmedia":[{"embeddable":true,"href":"https:\/\/megapharm.al\/index.php?rest_route=\/wp\/v2\/media\/5536"}],"wp:attachment":[{"href":"https:\/\/megapharm.al\/index.php?rest_route=%2Fwp%2Fv2%2Fmedia&parent=6225"}],"wp:term":[{"taxonomy":"product_cat","embeddable":true,"href":"https:\/\/megapharm.al\/index.php?rest_route=%2Fwp%2Fv2%2Fproduct_cat&post=6225"},{"taxonomy":"product_tag","embeddable":true,"href":"https:\/\/megapharm.al\/index.php?rest_route=%2Fwp%2Fv2%2Fproduct_tag&post=6225"}],"curies":[{"name":"wp","href":"https:\/\/api.w.org\/{rel}","templated":true}]}}