{"id":6224,"date":"2021-01-24T10:35:10","date_gmt":"2021-01-24T10:35:10","guid":{"rendered":"http:\/\/megapharm.al\/index.php\/product\/import-placeholder-for-2229\/"},"modified":"2021-01-24T10:35:14","modified_gmt":"2021-01-24T10:35:14","slug":"sun-system-cream-spf-30","status":"publish","type":"product","link":"https:\/\/megapharm.al\/?product=sun-system-cream-spf-30","title":{"rendered":"SUN SYSTEM CREAM SPF 30"},"content":{"rendered":"<p>Sun System \u2013 SPF 30 Cream \u00ebsht\u00eb nj\u00eb krem me spekt\u00ebr t\u00eb gjer\u00eb mbrojt\u00ebs UVA\/UVB. Parandalon djegien nga dielli, shfaqjen e njollave apo skuqjen e l\u00ebkur\u00ebs. Mbron l\u00ebkur\u00ebn duke e mbajtur at\u00eb elastike dhe t\u00eb sh\u00ebndetshme fal\u00eb kompleksit Pro-Dna Complex \u00ae. Filtra dielli t\u00eb gjenerat\u00ebs s\u00eb fundit (MBBT + ESCALOL. S).<br \/>\nPa paraben. Pa parfum. Pa ngjyrues. Jo komedogjenik.<br \/>\nTestuar dermatologjikisht dhe mikrobiologjikisht. Testuar per Nikel, Kobalt, Krom\u00eb, Palladium dhe M\u00ebrkur.<br \/>\nP\u00ebrdorimi<br \/>\nAplikoheni kremin 30 minuta para ekspozimit n\u00eb diell, riaplikoheni disa her\u00eb gjat\u00eb dit\u00ebs.<\/p>\n","protected":false},"excerpt":{"rendered":"<p>Sun System \u2013 SPF 30 Cream \u00ebsht\u00eb nj\u00eb krem me spekt\u00ebr t\u00eb gjer\u00eb mbrojt\u00ebs UVA\/UVB. Parandalon djegien nga dielli, shfaqjen e njollave apo skuqjen e l\u00ebkur\u00ebs. Mbron l\u00ebkur\u00ebn duke e mbajtur at\u00eb elastike dhe t\u00eb sh\u00ebndetshme fal\u00eb kompleksit Pro-Dna Complex \u00ae. Filtra dielli t\u00eb gjenerat\u00ebs s\u00eb fundit (MBBT + ESCALOL. S).<br \/>\nPa paraben. Pa parfum. Pa ngjyrues. Jo komedogjenik.<br \/>\nTestuar dermatologjikisht dhe mikrobiologjikisht. Testuar per Nikel, Kobalt, Krom\u00eb, Palladium dhe M\u00ebrkur.<br \/>\nP\u00ebrdorimi<br \/>\nAplikoheni kremin 30 minuta para ekspozimit n\u00eb diell, riaplikoheni disa her\u00eb gjat\u00eb dit\u00ebs.<\/p>\n","protected":false},"featured_media":5535,"comment_status":"open","ping_status":"closed","template":"","meta":[],"product_cat":[78,123],"product_tag":[],"class_list":{"0":"post-6224","1":"product","2":"type-product","3":"status-publish","4":"has-post-thumbnail","6":"product_cat-dermokozmetike","7":"product_cat-rilastil","9":"first","10":"instock","11":"shipping-taxable","12":"product-type-simple"},"_links":{"self":[{"href":"https:\/\/megapharm.al\/index.php?rest_route=\/wp\/v2\/product\/6224","targetHints":{"allow":["GET"]}}],"collection":[{"href":"https:\/\/megapharm.al\/index.php?rest_route=\/wp\/v2\/product"}],"about":[{"href":"https:\/\/megapharm.al\/index.php?rest_route=\/wp\/v2\/types\/product"}],"replies":[{"embeddable":true,"href":"https:\/\/megapharm.al\/index.php?rest_route=%2Fwp%2Fv2%2Fcomments&post=6224"}],"wp:featuredmedia":[{"embeddable":true,"href":"https:\/\/megapharm.al\/index.php?rest_route=\/wp\/v2\/media\/5535"}],"wp:attachment":[{"href":"https:\/\/megapharm.al\/index.php?rest_route=%2Fwp%2Fv2%2Fmedia&parent=6224"}],"wp:term":[{"taxonomy":"product_cat","embeddable":true,"href":"https:\/\/megapharm.al\/index.php?rest_route=%2Fwp%2Fv2%2Fproduct_cat&post=6224"},{"taxonomy":"product_tag","embeddable":true,"href":"https:\/\/megapharm.al\/index.php?rest_route=%2Fwp%2Fv2%2Fproduct_tag&post=6224"}],"curies":[{"name":"wp","href":"https:\/\/api.w.org\/{rel}","templated":true}]}}