{"id":6221,"date":"2021-01-24T10:35:02","date_gmt":"2021-01-24T10:35:02","guid":{"rendered":"http:\/\/megapharm.al\/index.php\/product\/import-placeholder-for-2226\/"},"modified":"2021-01-24T10:35:08","modified_gmt":"2021-01-24T10:35:08","slug":"sun-system-tattoo-spf-50","status":"publish","type":"product","link":"https:\/\/megapharm.al\/?product=sun-system-tattoo-spf-50","title":{"rendered":"SUN SYSTEM TATTOO SPF 50+"},"content":{"rendered":"<p>Emulsion i pasur me Cocoa Butter dhe Panthenol, e cila krijon nj\u00eb barrier mbrojt\u00ebse mbi l\u00ebkur\u00ebn me tatuazhe.<br \/>\nMe ProDNA COMPLEX \u00ae.<br \/>\nUshqen l\u00ebkur\u00ebn n\u00eb thell\u00ebsi, e hidraton dhe zbut at\u00eb, si dhe krijon nj\u00eb shtres\u00eb rezistente ndaj ujit, p\u00ebr t\u00eb ruajtur ngjyrat e tatuazhit.<br \/>\nSpekt\u00ebr i gjer\u00eb UVA\/UVB. Kryen veprim elastifikues<br \/>\nTestuar klinikisht. Testuar p\u00ebr Nikel, Kobalt, Krom\u00eb, Palladium dhe M\u00ebrkur.<br \/>\nP\u00ebrdorimi: aplikoheni produktin 30 min para ekspozimit n\u00eb diell, riaplikoheni disa her\u00eb gjat\u00eb dit\u00ebs.<\/p>\n<p>Sasia: 75 ml<\/p>\n","protected":false},"excerpt":{"rendered":"<p>Emulsion i pasur me Cocoa Butter dhe Panthenol, e cila krijon nj\u00eb barrier mbrojt\u00ebse mbi l\u00ebkur\u00ebn me tatuazhe.<br \/>\nMe ProDNA COMPLEX \u00ae.<br \/>\nUshqen l\u00ebkur\u00ebn n\u00eb thell\u00ebsi, e hidraton dhe zbut at\u00eb, si dhe krijon nj\u00eb shtres\u00eb rezistente ndaj ujit, p\u00ebr t\u00eb ruajtur ngjyrat e tatuazhit.<br \/>\nSpekt\u00ebr i gjer\u00eb UVA\/UVB. Kryen veprim elastifikues<br \/>\nTestuar klinikisht. Testuar p\u00ebr Nikel, Kobalt, Krom\u00eb, Palladium dhe M\u00ebrkur.<br \/>\nP\u00ebrdorimi: aplikoheni produktin 30 min para ekspozimit n\u00eb diell, riaplikoheni disa her\u00eb gjat\u00eb dit\u00ebs.<\/p>\n<p>Sasia: 75 ml<\/p>\n","protected":false},"featured_media":5532,"comment_status":"open","ping_status":"closed","template":"","meta":[],"product_cat":[78,123],"product_tag":[],"class_list":{"0":"post-6221","1":"product","2":"type-product","3":"status-publish","4":"has-post-thumbnail","6":"product_cat-dermokozmetike","7":"product_cat-rilastil","9":"first","10":"instock","11":"shipping-taxable","12":"product-type-simple"},"_links":{"self":[{"href":"https:\/\/megapharm.al\/index.php?rest_route=\/wp\/v2\/product\/6221","targetHints":{"allow":["GET"]}}],"collection":[{"href":"https:\/\/megapharm.al\/index.php?rest_route=\/wp\/v2\/product"}],"about":[{"href":"https:\/\/megapharm.al\/index.php?rest_route=\/wp\/v2\/types\/product"}],"replies":[{"embeddable":true,"href":"https:\/\/megapharm.al\/index.php?rest_route=%2Fwp%2Fv2%2Fcomments&post=6221"}],"wp:featuredmedia":[{"embeddable":true,"href":"https:\/\/megapharm.al\/index.php?rest_route=\/wp\/v2\/media\/5532"}],"wp:attachment":[{"href":"https:\/\/megapharm.al\/index.php?rest_route=%2Fwp%2Fv2%2Fmedia&parent=6221"}],"wp:term":[{"taxonomy":"product_cat","embeddable":true,"href":"https:\/\/megapharm.al\/index.php?rest_route=%2Fwp%2Fv2%2Fproduct_cat&post=6221"},{"taxonomy":"product_tag","embeddable":true,"href":"https:\/\/megapharm.al\/index.php?rest_route=%2Fwp%2Fv2%2Fproduct_tag&post=6221"}],"curies":[{"name":"wp","href":"https:\/\/api.w.org\/{rel}","templated":true}]}}