{"id":6218,"date":"2021-01-24T10:35:01","date_gmt":"2021-01-24T10:35:01","guid":{"rendered":"http:\/\/megapharm.al\/index.php\/product\/import-placeholder-for-2223\/"},"modified":"2021-01-24T10:35:07","modified_gmt":"2021-01-24T10:35:07","slug":"sun-system-comfort-fluid-spf-50","status":"publish","type":"product","link":"https:\/\/megapharm.al\/?product=sun-system-comfort-fluid-spf-50","title":{"rendered":"SUN SYSTEM COMFORT FLUID SPF 50+"},"content":{"rendered":"<p>Sun System PPT Comfort Fluid SPF 50+ \u00ebsht\u00eb nj\u00eb emulsion fluid sekreti i t\u00eb cilit q\u00ebndron tek PPT-Photo Protection Therapy\u00ae, nj\u00eb terapi dermatologjike e studiuar nga Rilastil, p\u00ebr t\u00eb parandaluar dhe trajtuar d\u00ebmtimet e l\u00ebkur\u00ebs p\u00ebrmes nj\u00eb kremi dielli specifik.P\u00ebrhapet leht\u00eb n\u00eb l\u00ebkur\u00eb, i fresk\u00ebt dhe i leht\u00eb. Siguron nj\u00eb mbrojtje t\u00eb lart\u00eb (SPF 50+), nga rrezet e diellit. Nuk e yndyros l\u00ebkur\u00ebn por e b\u00ebn at\u00eb pas aplikimit t\u00eb jet\u00eb komforte. Mbron nga plakja e parakohshme (Kompleksi Pro-DNA). Ky krem hidraton, qet\u00ebson dhe mbron.<br \/>\nRezistent ndaj ujit.Pa paraben.Hipoalergjenik.Jo komedogjenik.<br \/>\nTestuar klinikisht. Formuluar p\u00ebr t\u00eb minimizuar rrezikun e alergjis\u00eb.<br \/>\nTestuar p\u00ebr Nikel, Kobalt, Krom, Palladium dhe M\u00ebrkur.<br \/>\nP\u00ebrmban vetem filtra fizike<br \/>\nP\u00ebrdorimi: Aplikoheni t\u00eb pakt\u00ebn 30 minuta para ekspozimit n\u00eb diell, riaplikoheni disa her\u00eb gjat\u00eb dit\u00ebs<\/p>\n<p>Sasia: 50ml<\/p>\n<p>&nbsp;<\/p>\n","protected":false},"excerpt":{"rendered":"<p>Sun System PPT Comfort Fluid SPF 50+ \u00ebsht\u00eb nj\u00eb emulsion fluid sekreti i t\u00eb cilit q\u00ebndron tek PPT-Photo Protection Therapy\u00ae, nj\u00eb terapi dermatologjike e studiuar nga Rilastil, p\u00ebr t\u00eb parandaluar dhe trajtuar d\u00ebmtimet e l\u00ebkur\u00ebs p\u00ebrmes nj\u00eb kremi dielli specifik.P\u00ebrhapet leht\u00eb n\u00eb l\u00ebkur\u00eb, i fresk\u00ebt dhe i leht\u00eb. Siguron nj\u00eb mbrojtje t\u00eb lart\u00eb (SPF 50+), nga rrezet e diellit. Nuk e yndyros l\u00ebkur\u00ebn por e b\u00ebn at\u00eb pas aplikimit t\u00eb jet\u00eb komforte. Mbron nga plakja e parakohshme (Kompleksi Pro-DNA). Ky krem hidraton, qet\u00ebson dhe mbron.<br \/>\nRezistent ndaj ujit.Pa paraben.Hipoalergjenik.Jo komedogjenik.<br \/>\nTestuar klinikisht. Formuluar p\u00ebr t\u00eb minimizuar rrezikun e alergjis\u00eb.<br \/>\nTestuar p\u00ebr Nikel, Kobalt, Krom, Palladium dhe M\u00ebrkur.<br \/>\nP\u00ebrmban vetem filtra fizike<br \/>\nP\u00ebrdorimi: Aplikoheni t\u00eb pakt\u00ebn 30 minuta para ekspozimit n\u00eb diell, riaplikoheni disa her\u00eb gjat\u00eb dit\u00ebs<\/p>\n<p>Sasia: 50ml<\/p>\n","protected":false},"featured_media":5529,"comment_status":"open","ping_status":"closed","template":"","meta":[],"product_cat":[78,123],"product_tag":[],"class_list":{"0":"post-6218","1":"product","2":"type-product","3":"status-publish","4":"has-post-thumbnail","6":"product_cat-dermokozmetike","7":"product_cat-rilastil","9":"first","10":"instock","11":"shipping-taxable","12":"product-type-simple"},"_links":{"self":[{"href":"https:\/\/megapharm.al\/index.php?rest_route=\/wp\/v2\/product\/6218","targetHints":{"allow":["GET"]}}],"collection":[{"href":"https:\/\/megapharm.al\/index.php?rest_route=\/wp\/v2\/product"}],"about":[{"href":"https:\/\/megapharm.al\/index.php?rest_route=\/wp\/v2\/types\/product"}],"replies":[{"embeddable":true,"href":"https:\/\/megapharm.al\/index.php?rest_route=%2Fwp%2Fv2%2Fcomments&post=6218"}],"wp:featuredmedia":[{"embeddable":true,"href":"https:\/\/megapharm.al\/index.php?rest_route=\/wp\/v2\/media\/5529"}],"wp:attachment":[{"href":"https:\/\/megapharm.al\/index.php?rest_route=%2Fwp%2Fv2%2Fmedia&parent=6218"}],"wp:term":[{"taxonomy":"product_cat","embeddable":true,"href":"https:\/\/megapharm.al\/index.php?rest_route=%2Fwp%2Fv2%2Fproduct_cat&post=6218"},{"taxonomy":"product_tag","embeddable":true,"href":"https:\/\/megapharm.al\/index.php?rest_route=%2Fwp%2Fv2%2Fproduct_tag&post=6218"}],"curies":[{"name":"wp","href":"https:\/\/api.w.org\/{rel}","templated":true}]}}