{"id":6217,"date":"2021-01-24T10:35:01","date_gmt":"2021-01-24T10:35:01","guid":{"rendered":"http:\/\/megapharm.al\/index.php\/product\/import-placeholder-for-2222\/"},"modified":"2021-01-24T10:35:07","modified_gmt":"2021-01-24T10:35:07","slug":"sun-system-mineral-fluid-spf-50","status":"publish","type":"product","link":"https:\/\/megapharm.al\/?product=sun-system-mineral-fluid-spf-50","title":{"rendered":"SUN SYSTEM MINERAL FLUID SPF 50+"},"content":{"rendered":"<p>Emulsion i leht\u00eb me nj\u00eb tekstur\u00eb fluide dhe me mbrojtje t\u00eb lart\u00eb (SPF 50+). Mineral Fluid \u00ebsht\u00eb i p\u00ebrshtatsh\u00ebm p\u00ebr l\u00ebkur\u00ebn hiper t\u00eb ndjeshme dhe alergjike ndaj rrezeve t\u00eb diellit. Mban l\u00ebkur\u00ebn elastike dhe t\u00eb sh\u00ebndetshme. Parandalon djegien, skuqjen dhe shfaqjen e njollave kafe n\u00eb l\u00ebkur\u00eb.<br \/>\nRezistent ndaj ujit. Hipoalergjenik. Jo komedogjenik.<br \/>\nTestuar klinikisht. Testuar p\u00ebr Nikel, Kobalt, Krom, Palladium dhe M\u00ebrkur.<br \/>\nP\u00ebrmban vet\u00ebm filtra fizik\u00eb.<br \/>\nP\u00ebrdorimi<br \/>\nAplikoheni n\u00eb fytyr\u00eb dhe qaf\u00eb 30 min para ekspozimit n\u00eb diell. Tundeni para aplikimit.Riaplikoheni disa her\u00eb gjat\u00eb dit\u00ebs<\/p>\n<p>Sasia: 50ml<\/p>\n","protected":false},"excerpt":{"rendered":"<p>Emulsion i leht\u00eb me nj\u00eb tekstur\u00eb fluide dhe me mbrojtje t\u00eb lart\u00eb (SPF 50+). Mineral Fluid \u00ebsht\u00eb i p\u00ebrshtatsh\u00ebm p\u00ebr l\u00ebkur\u00ebn hiper t\u00eb ndjeshme dhe alergjike ndaj rrezeve t\u00eb diellit. Mban l\u00ebkur\u00ebn elastike dhe t\u00eb sh\u00ebndetshme. Parandalon djegien, skuqjen dhe shfaqjen e njollave kafe n\u00eb l\u00ebkur\u00eb.<br \/>\nRezistent ndaj ujit. Hipoalergjenik. Jo komedogjenik.<br \/>\nTestuar klinikisht. Testuar p\u00ebr Nikel, Kobalt, Krom, Palladium dhe M\u00ebrkur.<br \/>\nP\u00ebrmban vet\u00ebm filtra fizik\u00eb.<br \/>\nP\u00ebrdorimi<br \/>\nAplikoheni n\u00eb fytyr\u00eb dhe qaf\u00eb 30 min para ekspozimit n\u00eb diell. Tundeni para aplikimit.Riaplikoheni disa her\u00eb gjat\u00eb dit\u00ebs<\/p>\n<p>Sasia: 50ml<\/p>\n","protected":false},"featured_media":5528,"comment_status":"open","ping_status":"closed","template":"","meta":[],"product_cat":[78,123],"product_tag":[],"class_list":{"0":"post-6217","1":"product","2":"type-product","3":"status-publish","4":"has-post-thumbnail","6":"product_cat-dermokozmetike","7":"product_cat-rilastil","9":"first","10":"instock","11":"shipping-taxable","12":"product-type-simple"},"_links":{"self":[{"href":"https:\/\/megapharm.al\/index.php?rest_route=\/wp\/v2\/product\/6217","targetHints":{"allow":["GET"]}}],"collection":[{"href":"https:\/\/megapharm.al\/index.php?rest_route=\/wp\/v2\/product"}],"about":[{"href":"https:\/\/megapharm.al\/index.php?rest_route=\/wp\/v2\/types\/product"}],"replies":[{"embeddable":true,"href":"https:\/\/megapharm.al\/index.php?rest_route=%2Fwp%2Fv2%2Fcomments&post=6217"}],"wp:featuredmedia":[{"embeddable":true,"href":"https:\/\/megapharm.al\/index.php?rest_route=\/wp\/v2\/media\/5528"}],"wp:attachment":[{"href":"https:\/\/megapharm.al\/index.php?rest_route=%2Fwp%2Fv2%2Fmedia&parent=6217"}],"wp:term":[{"taxonomy":"product_cat","embeddable":true,"href":"https:\/\/megapharm.al\/index.php?rest_route=%2Fwp%2Fv2%2Fproduct_cat&post=6217"},{"taxonomy":"product_tag","embeddable":true,"href":"https:\/\/megapharm.al\/index.php?rest_route=%2Fwp%2Fv2%2Fproduct_tag&post=6217"}],"curies":[{"name":"wp","href":"https:\/\/api.w.org\/{rel}","templated":true}]}}