{"id":6216,"date":"2021-01-24T10:35:01","date_gmt":"2021-01-24T10:35:01","guid":{"rendered":"http:\/\/megapharm.al\/index.php\/product\/import-placeholder-for-2221\/"},"modified":"2021-01-24T10:35:07","modified_gmt":"2021-01-24T10:35:07","slug":"sun-system-ultralight-gelcream-spf-50","status":"publish","type":"product","link":"https:\/\/megapharm.al\/?product=sun-system-ultralight-gelcream-spf-50","title":{"rendered":"SUN SYSTEM ULTRALIGHT GELCREAM SPF 50+"},"content":{"rendered":"<p>Mbrojt\u00ebs me spf 50 i p\u00ebrshtatsh\u00ebm p\u00ebr l\u00ebkura mikse dhe t\u00eb yndyrshme. Nuk l\u00eb bardh\u00ebsi n\u00eb l\u00ebkur\u00eb. P\u00ebrthithet shpejt.Spekt\u00ebr i gjer\u00eb UVA\/UVB.Filtra e diellit t\u00eb gjenerat\u00ebs s\u00eb fundit MBBT ed Escalol\u00ae S.Rezistent ndaj ujit.Hipoalergjik. Pa paraben.<br \/>\nTestuar klinikisht. Testuar p\u00ebr Nikel, Kobalt, Krom\u00eb, Palladium dhe M\u00ebrkur.<br \/>\nP\u00ebrdorimi<br \/>\nAplikoheni 30 min para ekspozimit n\u00eb diell.<br \/>\nRiaplikoheni disa her\u00eb gjat\u00eb dit\u00ebs.<br \/>\nSasia: 50ml<\/p>\n","protected":false},"excerpt":{"rendered":"<p>Mbrojt\u00ebs me spf 50 i p\u00ebrshtatsh\u00ebm p\u00ebr l\u00ebkura mikse dhe t\u00eb yndyrshme. Nuk l\u00eb bardh\u00ebsi n\u00eb l\u00ebkur\u00eb. P\u00ebrthithet shpejt.Spekt\u00ebr i gjer\u00eb UVA\/UVB.Filtra e diellit t\u00eb gjenerat\u00ebs s\u00eb fundit MBBT ed Escalol\u00ae S.Rezistent ndaj ujit.Hipoalergjik. Pa paraben.<br \/>\nTestuar klinikisht. Testuar p\u00ebr Nikel, Kobalt, Krom\u00eb, Palladium dhe M\u00ebrkur.<br \/>\nP\u00ebrdorimi<br \/>\nAplikoheni 30 min para ekspozimit n\u00eb diell.<br \/>\nRiaplikoheni disa her\u00eb gjat\u00eb dit\u00ebs.<br \/>\nSasia: 50ml<\/p>\n","protected":false},"featured_media":5527,"comment_status":"open","ping_status":"closed","template":"","meta":[],"product_cat":[78,123],"product_tag":[],"class_list":{"0":"post-6216","1":"product","2":"type-product","3":"status-publish","4":"has-post-thumbnail","6":"product_cat-dermokozmetike","7":"product_cat-rilastil","9":"first","10":"instock","11":"shipping-taxable","12":"product-type-simple"},"_links":{"self":[{"href":"https:\/\/megapharm.al\/index.php?rest_route=\/wp\/v2\/product\/6216","targetHints":{"allow":["GET"]}}],"collection":[{"href":"https:\/\/megapharm.al\/index.php?rest_route=\/wp\/v2\/product"}],"about":[{"href":"https:\/\/megapharm.al\/index.php?rest_route=\/wp\/v2\/types\/product"}],"replies":[{"embeddable":true,"href":"https:\/\/megapharm.al\/index.php?rest_route=%2Fwp%2Fv2%2Fcomments&post=6216"}],"wp:featuredmedia":[{"embeddable":true,"href":"https:\/\/megapharm.al\/index.php?rest_route=\/wp\/v2\/media\/5527"}],"wp:attachment":[{"href":"https:\/\/megapharm.al\/index.php?rest_route=%2Fwp%2Fv2%2Fmedia&parent=6216"}],"wp:term":[{"taxonomy":"product_cat","embeddable":true,"href":"https:\/\/megapharm.al\/index.php?rest_route=%2Fwp%2Fv2%2Fproduct_cat&post=6216"},{"taxonomy":"product_tag","embeddable":true,"href":"https:\/\/megapharm.al\/index.php?rest_route=%2Fwp%2Fv2%2Fproduct_tag&post=6216"}],"curies":[{"name":"wp","href":"https:\/\/api.w.org\/{rel}","templated":true}]}}