{"id":6215,"date":"2021-01-24T10:35:01","date_gmt":"2021-01-24T10:35:01","guid":{"rendered":"http:\/\/megapharm.al\/index.php\/product\/import-placeholder-for-2220\/"},"modified":"2021-01-24T10:35:07","modified_gmt":"2021-01-24T10:35:07","slug":"sun-system-light-emulsion-spf-50","status":"publish","type":"product","link":"https:\/\/megapharm.al\/?product=sun-system-light-emulsion-spf-50","title":{"rendered":"SUN SYSTEM LIGHT EMULSION SPF 50+"},"content":{"rendered":"<p>Emulsion i leht\u00eb fytyr\u00eb me mbrojtje t\u00eb lart\u00eb (SPF 50+) ndaj rrezeve t\u00eb diellit. Mbron l\u00ebkur\u00ebn duke e mbajtur at\u00eb elastike dhe t\u00eb sh\u00ebndetshme fal\u00eb kompleksit Pro-Dna Complex \u00ae.<br \/>\nFiltra dielli t\u00eb gjenerat\u00ebs s\u00eb fundit (MBBT + ESCALOL. S). Prania e nj\u00eb komplekti t\u00eb but\u00eb b\u00ebn t\u00eb mundur zbehjen e shk\u00eblqimit t\u00eb tep\u00ebrt n\u00eb l\u00ebkur\u00ebn e yndyrshme.<br \/>\nJo komedogjenik. Hipoalergjenik.<br \/>\nTestuar klinikisht. Testuar p\u00ebr Nikel, Kobalt, Krom, Palladium dhe M\u00ebrkur.<br \/>\nP\u00ebr l\u00ebkur\u00eb mikse dhe te yndyrshme.<br \/>\nP\u00ebrdorimi: Aplikoheni kremin 30 minuta para ekspozimit n\u00eb diell, riaplikoheni disa her\u00eb gjat\u00eb dit\u00ebs<\/p>\n<p>Sasia: 50ml<\/p>\n","protected":false},"excerpt":{"rendered":"<p>Emulsion i leht\u00eb fytyr\u00eb me mbrojtje t\u00eb lart\u00eb (SPF 50+) ndaj rrezeve t\u00eb diellit. Mbron l\u00ebkur\u00ebn duke e mbajtur at\u00eb elastike dhe t\u00eb sh\u00ebndetshme fal\u00eb kompleksit Pro-Dna Complex \u00ae.<br \/>\nFiltra dielli t\u00eb gjenerat\u00ebs s\u00eb fundit (MBBT + ESCALOL. S). Prania e nj\u00eb komplekti t\u00eb but\u00eb b\u00ebn t\u00eb mundur zbehjen e shk\u00eblqimit t\u00eb tep\u00ebrt n\u00eb l\u00ebkur\u00ebn e yndyrshme.<br \/>\nJo komedogjenik. Hipoalergjenik.<br \/>\nTestuar klinikisht. Testuar p\u00ebr Nikel, Kobalt, Krom, Palladium dhe M\u00ebrkur.<br \/>\nP\u00ebr l\u00ebkur\u00eb mikse dhe te yndyrshme.<br \/>\nP\u00ebrdorimi: Aplikoheni kremin 30 minuta para ekspozimit n\u00eb diell, riaplikoheni disa her\u00eb gjat\u00eb dit\u00ebs<\/p>\n<p>Sasia: 50ml<\/p>\n","protected":false},"featured_media":5526,"comment_status":"open","ping_status":"closed","template":"","meta":[],"product_cat":[78,123],"product_tag":[],"class_list":{"0":"post-6215","1":"product","2":"type-product","3":"status-publish","4":"has-post-thumbnail","6":"product_cat-dermokozmetike","7":"product_cat-rilastil","9":"first","10":"instock","11":"shipping-taxable","12":"product-type-simple"},"_links":{"self":[{"href":"https:\/\/megapharm.al\/index.php?rest_route=\/wp\/v2\/product\/6215","targetHints":{"allow":["GET"]}}],"collection":[{"href":"https:\/\/megapharm.al\/index.php?rest_route=\/wp\/v2\/product"}],"about":[{"href":"https:\/\/megapharm.al\/index.php?rest_route=\/wp\/v2\/types\/product"}],"replies":[{"embeddable":true,"href":"https:\/\/megapharm.al\/index.php?rest_route=%2Fwp%2Fv2%2Fcomments&post=6215"}],"wp:featuredmedia":[{"embeddable":true,"href":"https:\/\/megapharm.al\/index.php?rest_route=\/wp\/v2\/media\/5526"}],"wp:attachment":[{"href":"https:\/\/megapharm.al\/index.php?rest_route=%2Fwp%2Fv2%2Fmedia&parent=6215"}],"wp:term":[{"taxonomy":"product_cat","embeddable":true,"href":"https:\/\/megapharm.al\/index.php?rest_route=%2Fwp%2Fv2%2Fproduct_cat&post=6215"},{"taxonomy":"product_tag","embeddable":true,"href":"https:\/\/megapharm.al\/index.php?rest_route=%2Fwp%2Fv2%2Fproduct_tag&post=6215"}],"curies":[{"name":"wp","href":"https:\/\/api.w.org\/{rel}","templated":true}]}}