{"id":6214,"date":"2021-01-24T10:35:01","date_gmt":"2021-01-24T10:35:01","guid":{"rendered":"http:\/\/megapharm.al\/index.php\/product\/import-placeholder-for-2219\/"},"modified":"2021-01-24T10:35:06","modified_gmt":"2021-01-24T10:35:06","slug":"sun-system-water-touch-fluid-spf-50","status":"publish","type":"product","link":"https:\/\/megapharm.al\/?product=sun-system-water-touch-fluid-spf-50","title":{"rendered":"SUN SYSTEM WATER TOUCH FLUID SPF 50+"},"content":{"rendered":"<p>Sun Sytem Water Touch SPF 50+ siguron nj\u00eb mbrojtje me spekt\u00ebr t\u00eb gjer\u00eb UVA\/UVB, dhe rehati maksimale p\u00ebr l\u00ebkur\u00ebn. Parandalon djegien nga dielli, njollat dhe skuqjet. Rezistent ndaj ujit. Ideale p\u00ebr reduktimin e rrezikut t\u00eb irritimit t\u00eb syve. L\u00eb nj\u00eb pamje mat n\u00eb l\u00ebkur\u00eb dhe p\u00ebrthithet leht\u00eb.<br \/>\nPa paraben, ngjyrues, emulsifikues, aromatizues, alkool dhe derivate t\u00eb grurit.<br \/>\nJo komodogjenik. Hipoalergjik.<br \/>\nTestuar klinikisht. Testuar p\u00ebr Nikel, Kobalt, Krom\u00eb, Palladium dhe M\u00ebrkur.<br \/>\nP\u00ebr l\u00ebkur\u00eb t\u00eb ndjeshme.<br \/>\nP\u00ebrdorimi<br \/>\nAplikoheni para ekspozimit n\u00eb diell. P\u00ebrhapeni mir\u00eb.Riaplikoheni disa her\u00eb gjat\u00eb dit\u00ebs.<\/p>\n<p>Sasia: 50ml<\/p>\n","protected":false},"excerpt":{"rendered":"<p>Sun Sytem Water Touch SPF 50+ siguron nj\u00eb mbrojtje me spekt\u00ebr t\u00eb gjer\u00eb UVA\/UVB, dhe rehati maksimale p\u00ebr l\u00ebkur\u00ebn. Parandalon djegien nga dielli, njollat dhe skuqjet. Rezistent ndaj ujit. Ideale p\u00ebr reduktimin e rrezikut t\u00eb irritimit t\u00eb syve. L\u00eb nj\u00eb pamje mat n\u00eb l\u00ebkur\u00eb dhe p\u00ebrthithet leht\u00eb.<br \/>\nPa paraben, ngjyrues, emulsifikues, aromatizues, alkool dhe derivate t\u00eb grurit.<br \/>\nJo komodogjenik. Hipoalergjik.<br \/>\nTestuar klinikisht. Testuar p\u00ebr Nikel, Kobalt, Krom\u00eb, Palladium dhe M\u00ebrkur.<br \/>\nP\u00ebr l\u00ebkur\u00eb t\u00eb ndjeshme.<br \/>\nP\u00ebrdorimi<br \/>\nAplikoheni para ekspozimit n\u00eb diell. P\u00ebrhapeni mir\u00eb.Riaplikoheni disa her\u00eb gjat\u00eb dit\u00ebs.<\/p>\n<p>Sasia: 50ml<\/p>\n","protected":false},"featured_media":5525,"comment_status":"open","ping_status":"closed","template":"","meta":[],"product_cat":[78,123],"product_tag":[],"class_list":{"0":"post-6214","1":"product","2":"type-product","3":"status-publish","4":"has-post-thumbnail","6":"product_cat-dermokozmetike","7":"product_cat-rilastil","9":"first","10":"instock","11":"shipping-taxable","12":"product-type-simple"},"_links":{"self":[{"href":"https:\/\/megapharm.al\/index.php?rest_route=\/wp\/v2\/product\/6214","targetHints":{"allow":["GET"]}}],"collection":[{"href":"https:\/\/megapharm.al\/index.php?rest_route=\/wp\/v2\/product"}],"about":[{"href":"https:\/\/megapharm.al\/index.php?rest_route=\/wp\/v2\/types\/product"}],"replies":[{"embeddable":true,"href":"https:\/\/megapharm.al\/index.php?rest_route=%2Fwp%2Fv2%2Fcomments&post=6214"}],"wp:featuredmedia":[{"embeddable":true,"href":"https:\/\/megapharm.al\/index.php?rest_route=\/wp\/v2\/media\/5525"}],"wp:attachment":[{"href":"https:\/\/megapharm.al\/index.php?rest_route=%2Fwp%2Fv2%2Fmedia&parent=6214"}],"wp:term":[{"taxonomy":"product_cat","embeddable":true,"href":"https:\/\/megapharm.al\/index.php?rest_route=%2Fwp%2Fv2%2Fproduct_cat&post=6214"},{"taxonomy":"product_tag","embeddable":true,"href":"https:\/\/megapharm.al\/index.php?rest_route=%2Fwp%2Fv2%2Fproduct_tag&post=6214"}],"curies":[{"name":"wp","href":"https:\/\/api.w.org\/{rel}","templated":true}]}}