{"id":6213,"date":"2021-01-24T10:35:00","date_gmt":"2021-01-24T10:35:00","guid":{"rendered":"http:\/\/megapharm.al\/index.php\/product\/import-placeholder-for-2218\/"},"modified":"2024-10-24T14:40:26","modified_gmt":"2024-10-24T14:40:26","slug":"md-fluid-spf-100","status":"publish","type":"product","link":"https:\/\/megapharm.al\/?product=md-fluid-spf-100","title":{"rendered":"MD FLUID SPF 100+"},"content":{"rendered":"<p>Emulsion me faktor\u00eb mbrojt\u00ebs 100, ideal p\u00ebr l\u00ebkur\u00eb vecan\u00ebrisht t\u00eb ndjeshme dhe reaktive, me probleme l\u00ebkure apo fototiper e cel\u00ebta. Mbron nga rrezet UVA dhe UVB, njollat dhe foto-plakja e l\u00ebkur\u00ebs. Ka nj\u00eb tekstur\u00eb mjaft t\u00eb leht\u00eb dhe \u00ebsht\u00eb rezistente ndaj ujit.<br \/>\nPa paraben. Pa parfum. Pa ngjyrues. Jo komedogjenik.<br \/>\nTestuar per Nikel, Kobalt, Krom, Paladium, M\u00ebrkur.<br \/>\nP\u00ebrdorimi<br \/>\nTundeni para perdorimit. Aplikoheni para ekspozimit n\u00eb diell. Riaplikoheni shpesh vecan\u00ebrisht n\u00eb ekspozim t\u00eb gjat\u00eb n\u00eb diell ose n\u00eb rast djersitje.<br \/>\nBaz\u00eb e mir\u00eb p\u00ebr make-up.<\/p>\n<p>Sasia: 75ml<\/p>\n","protected":false},"excerpt":{"rendered":"<p>Emulsion me faktor\u00eb mbrojt\u00ebs 100, ideal p\u00ebr l\u00ebkur\u00eb vecan\u00ebrisht t\u00eb ndjeshme dhe reaktive, me probleme l\u00ebkure apo fototiper e cel\u00ebta. Mbron nga rrezet UVA dhe UVB, njollat dhe foto-plakja e l\u00ebkur\u00ebs. Ka nj\u00eb tekstur\u00eb mjaft t\u00eb leht\u00eb dhe \u00ebsht\u00eb rezistente ndaj ujit.<br \/>\nPa paraben. Pa parfum. Pa ngjyrues. Jo komedogjenik.<br \/>\nTestuar per Nikel, Kobalt, Krom, Paladium, M\u00ebrkur.<br \/>\nP\u00ebrdorimi<br \/>\nTundeni para perdorimit. Aplikoheni para ekspozimit n\u00eb diell. Riaplikoheni shpesh vecan\u00ebrisht n\u00eb ekspozim t\u00eb gjat\u00eb n\u00eb diell ose n\u00eb rast djersitje.<br \/>\nBaz\u00eb e mir\u00eb p\u00ebr make-up.<\/p>\n<p>Sasia: 75ml<\/p>\n","protected":false},"featured_media":5524,"comment_status":"open","ping_status":"closed","template":"","meta":[],"product_cat":[78,123],"product_tag":[],"class_list":{"0":"post-6213","1":"product","2":"type-product","3":"status-publish","4":"has-post-thumbnail","6":"product_cat-dermokozmetike","7":"product_cat-rilastil","9":"first","10":"instock","11":"shipping-taxable","12":"product-type-simple"},"_links":{"self":[{"href":"https:\/\/megapharm.al\/index.php?rest_route=\/wp\/v2\/product\/6213","targetHints":{"allow":["GET"]}}],"collection":[{"href":"https:\/\/megapharm.al\/index.php?rest_route=\/wp\/v2\/product"}],"about":[{"href":"https:\/\/megapharm.al\/index.php?rest_route=\/wp\/v2\/types\/product"}],"replies":[{"embeddable":true,"href":"https:\/\/megapharm.al\/index.php?rest_route=%2Fwp%2Fv2%2Fcomments&post=6213"}],"wp:featuredmedia":[{"embeddable":true,"href":"https:\/\/megapharm.al\/index.php?rest_route=\/wp\/v2\/media\/5524"}],"wp:attachment":[{"href":"https:\/\/megapharm.al\/index.php?rest_route=%2Fwp%2Fv2%2Fmedia&parent=6213"}],"wp:term":[{"taxonomy":"product_cat","embeddable":true,"href":"https:\/\/megapharm.al\/index.php?rest_route=%2Fwp%2Fv2%2Fproduct_cat&post=6213"},{"taxonomy":"product_tag","embeddable":true,"href":"https:\/\/megapharm.al\/index.php?rest_route=%2Fwp%2Fv2%2Fproduct_tag&post=6213"}],"curies":[{"name":"wp","href":"https:\/\/api.w.org\/{rel}","templated":true}]}}