{"id":6212,"date":"2021-01-24T10:35:00","date_gmt":"2021-01-24T10:35:00","guid":{"rendered":"http:\/\/megapharm.al\/index.php\/product\/import-placeholder-for-2217\/"},"modified":"2021-01-24T10:35:06","modified_gmt":"2021-01-24T10:35:06","slug":"md-ak-repair-spf-100","status":"publish","type":"product","link":"https:\/\/megapharm.al\/?product=md-ak-repair-spf-100","title":{"rendered":"MD AK REPAIR SPF 100+"},"content":{"rendered":"<p>Emulsion i l\u00ebngsh\u00ebm formuluar p\u00ebr trajtimin dhe parandalimin e Keratoz\u00ebs Aktinike (AK) dhe formave t\u00eb tjera t\u00eb kancerit t\u00eb l\u00ebkur\u00ebs (jo melanoma). Garanton mbrojtje nga dielli mbi 100. P\u00ebrmban kompleksin e riparimit t\u00eb ADN duke rritur proceset natyrore t\u00eb saj.<br \/>\nRezistent ndaj ujit. Jo komedogjenik.<br \/>\nPa er\u00eb dhe pa ngjyrosje artificiale. Testuar p\u00ebr Nikel, Kobalt, Krom, Palladium dhe M\u00ebrkur.<br \/>\nP\u00ebrdorimi<br \/>\nAplikoheni para ekspozimit n\u00eb diell, riaplikoheni disa her\u00eb n\u00eb dit\u00eb<\/p>\n<p>Sasia: 50ml<\/p>\n","protected":false},"excerpt":{"rendered":"<p>Emulsion i l\u00ebngsh\u00ebm formuluar p\u00ebr trajtimin dhe parandalimin e Keratoz\u00ebs Aktinike (AK) dhe formave t\u00eb tjera t\u00eb kancerit t\u00eb l\u00ebkur\u00ebs (jo melanoma). Garanton mbrojtje nga dielli mbi 100. P\u00ebrmban kompleksin e riparimit t\u00eb ADN duke rritur proceset natyrore t\u00eb saj.<br \/>\nRezistent ndaj ujit. Jo komedogjenik.<br \/>\nPa er\u00eb dhe pa ngjyrosje artificiale. Testuar p\u00ebr Nikel, Kobalt, Krom, Palladium dhe M\u00ebrkur.<br \/>\nP\u00ebrdorimi<br \/>\nAplikoheni para ekspozimit n\u00eb diell, riaplikoheni disa her\u00eb n\u00eb dit\u00eb<\/p>\n<p>Sasia: 50ml<\/p>\n","protected":false},"featured_media":5523,"comment_status":"open","ping_status":"closed","template":"","meta":[],"product_cat":[78,123],"product_tag":[],"class_list":{"0":"post-6212","1":"product","2":"type-product","3":"status-publish","4":"has-post-thumbnail","6":"product_cat-dermokozmetike","7":"product_cat-rilastil","9":"first","10":"instock","11":"shipping-taxable","12":"product-type-simple"},"_links":{"self":[{"href":"https:\/\/megapharm.al\/index.php?rest_route=\/wp\/v2\/product\/6212","targetHints":{"allow":["GET"]}}],"collection":[{"href":"https:\/\/megapharm.al\/index.php?rest_route=\/wp\/v2\/product"}],"about":[{"href":"https:\/\/megapharm.al\/index.php?rest_route=\/wp\/v2\/types\/product"}],"replies":[{"embeddable":true,"href":"https:\/\/megapharm.al\/index.php?rest_route=%2Fwp%2Fv2%2Fcomments&post=6212"}],"wp:featuredmedia":[{"embeddable":true,"href":"https:\/\/megapharm.al\/index.php?rest_route=\/wp\/v2\/media\/5523"}],"wp:attachment":[{"href":"https:\/\/megapharm.al\/index.php?rest_route=%2Fwp%2Fv2%2Fmedia&parent=6212"}],"wp:term":[{"taxonomy":"product_cat","embeddable":true,"href":"https:\/\/megapharm.al\/index.php?rest_route=%2Fwp%2Fv2%2Fproduct_cat&post=6212"},{"taxonomy":"product_tag","embeddable":true,"href":"https:\/\/megapharm.al\/index.php?rest_route=%2Fwp%2Fv2%2Fproduct_tag&post=6212"}],"curies":[{"name":"wp","href":"https:\/\/api.w.org\/{rel}","templated":true}]}}