{"id":6211,"date":"2021-01-24T10:35:00","date_gmt":"2021-01-24T10:35:00","guid":{"rendered":"http:\/\/megapharm.al\/index.php\/product\/import-placeholder-for-2216\/"},"modified":"2021-01-24T10:35:06","modified_gmt":"2021-01-24T10:35:06","slug":"food-supplement-rilastil","status":"publish","type":"product","link":"https:\/\/megapharm.al\/?product=food-supplement-rilastil","title":{"rendered":"FOOD SUPPLEMENT Rilastil"},"content":{"rendered":"<p>Shtesa ushqimore e vitaminave (B, E, D), Tirozin\u00eb, Selenium dhe Lutein, me vaj borage dhe ekstrakt t\u00eb farave t\u00eb rrushit.<br \/>\nVeprimi i saj antioksidant p\u00ebrgatit l\u00ebkur\u00ebn para ekspozimit n\u00eb diell, duke e mbrojtur nga veprimi i rrezeve UVA-UVB q\u00eb sjellin plakjen e parakohshme t\u00eb l\u00ebkur\u00ebs.<br \/>\nIndikohet p\u00ebr nj\u00eb trajtim parandalues. Seleni dhe vitamina E kontribuojn\u00eb n\u00eb mbrojtjen e qelizave nga stresi oksidativ.Ekstrakti i farave t\u00eb rrushit ka veprim antioksidant. Vitamina B3 dhe vaji i boragos ndihmojn\u00eb n\u00eb mbajtjen e nj\u00eb l\u00ebkur\u00eb t\u00eb sh\u00ebndetshme.<br \/>\nP\u00ebrdorimi<br \/>\nK\u00ebshillohet p\u00ebrdorimi i nj\u00eb kapsule n\u00eb dit\u00eb. Kujdes: Mos e tejkaloni doz\u00ebn e rekomanduar ditore. Mos e konsumoni gjat\u00eb shtatzanis\u00eb. Suplementet nuk duhet t\u00eb konsiderohen si nj\u00eb z\u00ebvend\u00ebsim i nj\u00eb diete t\u00eb balancuar dhe nj\u00eb jetese t\u00eb sh\u00ebndetshme. Mbajeni produktin n\u00eb ambient t\u00eb that\u00eb, larg nxeht\u00ebsis\u00eb. Pa gluten.<\/p>\n<p>Sasia:30 tableta<\/p>\n","protected":false},"excerpt":{"rendered":"<p>Shtesa ushqimore e vitaminave (B, E, D), Tirozin\u00eb, Selenium dhe Lutein, me vaj borage dhe ekstrakt t\u00eb farave t\u00eb rrushit.<br \/>\nVeprimi i saj antioksidant p\u00ebrgatit l\u00ebkur\u00ebn para ekspozimit n\u00eb diell, duke e mbrojtur nga veprimi i rrezeve UVA-UVB q\u00eb sjellin plakjen e parakohshme t\u00eb l\u00ebkur\u00ebs.<br \/>\nIndikohet p\u00ebr nj\u00eb trajtim parandalues. Seleni dhe vitamina E kontribuojn\u00eb n\u00eb mbrojtjen e qelizave nga stresi oksidativ.Ekstrakti i farave t\u00eb rrushit ka veprim antioksidant. Vitamina B3 dhe vaji i boragos ndihmojn\u00eb n\u00eb mbajtjen e nj\u00eb l\u00ebkur\u00eb t\u00eb sh\u00ebndetshme.<br \/>\nP\u00ebrdorimi<br \/>\nK\u00ebshillohet p\u00ebrdorimi i nj\u00eb kapsule n\u00eb dit\u00eb. Kujdes: Mos e tejkaloni doz\u00ebn e rekomanduar ditore. Mos e konsumoni gjat\u00eb shtatzanis\u00eb. Suplementet nuk duhet t\u00eb konsiderohen si nj\u00eb z\u00ebvend\u00ebsim i nj\u00eb diete t\u00eb balancuar dhe nj\u00eb jetese t\u00eb sh\u00ebndetshme. Mbajeni produktin n\u00eb ambient t\u00eb that\u00eb, larg nxeht\u00ebsis\u00eb. Pa gluten.<\/p>\n<p>Sasia:30 tableta<\/p>\n","protected":false},"featured_media":5522,"comment_status":"open","ping_status":"closed","template":"","meta":[],"product_cat":[78,123],"product_tag":[],"class_list":{"0":"post-6211","1":"product","2":"type-product","3":"status-publish","4":"has-post-thumbnail","6":"product_cat-dermokozmetike","7":"product_cat-rilastil","9":"first","10":"instock","11":"shipping-taxable","12":"product-type-simple"},"_links":{"self":[{"href":"https:\/\/megapharm.al\/index.php?rest_route=\/wp\/v2\/product\/6211","targetHints":{"allow":["GET"]}}],"collection":[{"href":"https:\/\/megapharm.al\/index.php?rest_route=\/wp\/v2\/product"}],"about":[{"href":"https:\/\/megapharm.al\/index.php?rest_route=\/wp\/v2\/types\/product"}],"replies":[{"embeddable":true,"href":"https:\/\/megapharm.al\/index.php?rest_route=%2Fwp%2Fv2%2Fcomments&post=6211"}],"wp:featuredmedia":[{"embeddable":true,"href":"https:\/\/megapharm.al\/index.php?rest_route=\/wp\/v2\/media\/5522"}],"wp:attachment":[{"href":"https:\/\/megapharm.al\/index.php?rest_route=%2Fwp%2Fv2%2Fmedia&parent=6211"}],"wp:term":[{"taxonomy":"product_cat","embeddable":true,"href":"https:\/\/megapharm.al\/index.php?rest_route=%2Fwp%2Fv2%2Fproduct_cat&post=6211"},{"taxonomy":"product_tag","embeddable":true,"href":"https:\/\/megapharm.al\/index.php?rest_route=%2Fwp%2Fv2%2Fproduct_tag&post=6211"}],"curies":[{"name":"wp","href":"https:\/\/api.w.org\/{rel}","templated":true}]}}