{"id":6197,"date":"2021-01-24T10:34:58","date_gmt":"2021-01-24T10:34:58","guid":{"rendered":"http:\/\/megapharm.al\/index.php\/product\/import-placeholder-for-2132\/"},"modified":"2022-03-07T15:01:57","modified_gmt":"2022-03-07T15:01:57","slug":"elixir-of-life-tincture","status":"publish","type":"product","link":"https:\/\/megapharm.al\/?product=elixir-of-life-tincture","title":{"rendered":"ELIXIR OF LIFE TINCTURE"},"content":{"rendered":"<p>Tinktur\u00eb e pasur me element\u00eb bimor me efekt antiage \u00e7lodh\u00ebs dhe rigjenerues.P\u00ebrmban k\u00ebrpudh\u00ebn Ashuagandha, ginsengsiberian dhe gutu kola(centella asiatica).<\/p>\n<p>Kunderindikacione: shtatzani dhe diuretike alopatike.<\/p>\n<p>P\u00ebrdorimi: 10 deri n\u00eb 15 pika n\u00eb nj\u00eb got\u00eb me uj\u00eb gjat\u00eb dit\u00ebs.<\/p>\n","protected":false},"excerpt":{"rendered":"<p>Tinktur? e pasur me element? bimor me efekt antiage ?lodh?s dhe rigjenerues.P?rmban k?rpudh?n Ashuagandha, ginsengsiberian dhe gutu kola(centella asiatica).<br \/>\nKunderindikacione: shtatzani dhe diuretike alopatike.<br \/>\nP?rdorimi: 10 deri n? 15 pika n? nj? got? me uj? gjat? dit?s.<\/p>\n","protected":false},"featured_media":5510,"comment_status":"open","ping_status":"closed","template":"","meta":[],"product_cat":[84],"product_tag":[],"class_list":{"0":"post-6197","1":"product","2":"type-product","3":"status-publish","4":"has-post-thumbnail","6":"product_cat-the-organic-pharmacy","8":"first","9":"instock","10":"shipping-taxable","11":"product-type-simple"},"_links":{"self":[{"href":"https:\/\/megapharm.al\/index.php?rest_route=\/wp\/v2\/product\/6197","targetHints":{"allow":["GET"]}}],"collection":[{"href":"https:\/\/megapharm.al\/index.php?rest_route=\/wp\/v2\/product"}],"about":[{"href":"https:\/\/megapharm.al\/index.php?rest_route=\/wp\/v2\/types\/product"}],"replies":[{"embeddable":true,"href":"https:\/\/megapharm.al\/index.php?rest_route=%2Fwp%2Fv2%2Fcomments&post=6197"}],"wp:featuredmedia":[{"embeddable":true,"href":"https:\/\/megapharm.al\/index.php?rest_route=\/wp\/v2\/media\/5510"}],"wp:attachment":[{"href":"https:\/\/megapharm.al\/index.php?rest_route=%2Fwp%2Fv2%2Fmedia&parent=6197"}],"wp:term":[{"taxonomy":"product_cat","embeddable":true,"href":"https:\/\/megapharm.al\/index.php?rest_route=%2Fwp%2Fv2%2Fproduct_cat&post=6197"},{"taxonomy":"product_tag","embeddable":true,"href":"https:\/\/megapharm.al\/index.php?rest_route=%2Fwp%2Fv2%2Fproduct_tag&post=6197"}],"curies":[{"name":"wp","href":"https:\/\/api.w.org\/{rel}","templated":true}]}}