{"id":6196,"date":"2021-01-24T10:34:58","date_gmt":"2021-01-24T10:34:58","guid":{"rendered":"http:\/\/megapharm.al\/index.php\/product\/import-placeholder-for-2131\/"},"modified":"2021-01-24T10:35:03","modified_gmt":"2021-01-24T10:35:03","slug":"immune-tonic-tincture-50-ml","status":"publish","type":"product","link":"https:\/\/megapharm.al\/?product=immune-tonic-tincture-50-ml","title":{"rendered":"IMMUNE TONIC TINCTURE 50 ml"},"content":{"rendered":"<p>Tinktur\u00eb e pasur me element\u00eb bimor t\u00eb cil\u00ebt ndihmojn\u00eb n\u00eb luftimin e infeksioneve dhe nxisin forcmimin e sistemit imunitar.E p\u00ebrshtatshme p\u00ebr f\u00ebmij\u00eb dhe t\u00eb rritur.<\/p>\n<p>Kund\u00ebrindikime: Nuk ka.<\/p>\n<p>P\u00ebrdorimi: Adulte 10 deri ne 15 pika n\u00eb nje got\u00eb me uj\u00eb gjate dit\u00ebs. P\u00ebr femij\u00ebt hidhen pika aq sa mosha, pra p\u00ebr 2 vjec\u00a0 hidhni 2 pika, n\u00eb nje gote me uj\u00eb. P\u00ebr 3 vjec hidhni 3 pika etj.<\/p>\n","protected":false},"excerpt":{"rendered":"<p>Tinktur? e pasur me element? bimor t? cil?t ndihmojn? n? luftimin e infeksioneve dhe nxisin forcmimin e sistemit imunitar.E p?rshtatshme p?r f?mij? dhe t? rritur.<br \/>\nKund?rindikime: Nuk ka.<br \/>\nP?rdorimi: Adulte 10 deri ne 15 pika n? nje got? me uj? gjate dit?s. P?r femij?t hidhen pika aq sa mosha, pra p?r 2 vjec hidhni 2 pika, n? nje gote me uj?. P?r 3 vjec hidhni 3 pika etj.<\/p>\n","protected":false},"featured_media":5509,"comment_status":"open","ping_status":"closed","template":"","meta":[],"product_cat":[84],"product_tag":[],"class_list":{"0":"post-6196","1":"product","2":"type-product","3":"status-publish","4":"has-post-thumbnail","6":"product_cat-the-organic-pharmacy","8":"first","9":"instock","10":"shipping-taxable","11":"product-type-simple"},"_links":{"self":[{"href":"https:\/\/megapharm.al\/index.php?rest_route=\/wp\/v2\/product\/6196","targetHints":{"allow":["GET"]}}],"collection":[{"href":"https:\/\/megapharm.al\/index.php?rest_route=\/wp\/v2\/product"}],"about":[{"href":"https:\/\/megapharm.al\/index.php?rest_route=\/wp\/v2\/types\/product"}],"replies":[{"embeddable":true,"href":"https:\/\/megapharm.al\/index.php?rest_route=%2Fwp%2Fv2%2Fcomments&post=6196"}],"wp:featuredmedia":[{"embeddable":true,"href":"https:\/\/megapharm.al\/index.php?rest_route=\/wp\/v2\/media\/5509"}],"wp:attachment":[{"href":"https:\/\/megapharm.al\/index.php?rest_route=%2Fwp%2Fv2%2Fmedia&parent=6196"}],"wp:term":[{"taxonomy":"product_cat","embeddable":true,"href":"https:\/\/megapharm.al\/index.php?rest_route=%2Fwp%2Fv2%2Fproduct_cat&post=6196"},{"taxonomy":"product_tag","embeddable":true,"href":"https:\/\/megapharm.al\/index.php?rest_route=%2Fwp%2Fv2%2Fproduct_tag&post=6196"}],"curies":[{"name":"wp","href":"https:\/\/api.w.org\/{rel}","templated":true}]}}