{"id":6124,"date":"2021-01-24T10:34:19","date_gmt":"2021-01-24T10:34:19","guid":{"rendered":"http:\/\/megapharm.al\/index.php\/product\/import-placeholder-for-2056\/"},"modified":"2021-01-24T10:34:25","modified_gmt":"2021-01-24T10:34:25","slug":"bcn-scalp","status":"publish","type":"product","link":"https:\/\/megapharm.al\/?product=bcn-scalp","title":{"rendered":"BCN SCALP"},"content":{"rendered":"<p>Koktej me efekt kundra r\u00ebnies s\u00eb flokut p\u00ebr mesoterapi dhe microneedling.<br \/>\nSasia: Kuti me 5 vials*5ml<\/p>\n","protected":false},"excerpt":{"rendered":"<p>Koktej me efekt kundra r\u00ebnies s\u00eb flokut p\u00ebr mesoterapi dhe microneedling.<br \/>\nSasia: Kuti me 5 vials*5ml<\/p>\n","protected":false},"featured_media":5438,"comment_status":"open","ping_status":"closed","template":"","meta":[],"product_cat":[129],"product_tag":[],"class_list":{"0":"post-6124","1":"product","2":"type-product","3":"status-publish","4":"has-post-thumbnail","6":"product_cat-institute-bcn","8":"first","9":"instock","10":"shipping-taxable","11":"product-type-simple"},"_links":{"self":[{"href":"https:\/\/megapharm.al\/index.php?rest_route=\/wp\/v2\/product\/6124","targetHints":{"allow":["GET"]}}],"collection":[{"href":"https:\/\/megapharm.al\/index.php?rest_route=\/wp\/v2\/product"}],"about":[{"href":"https:\/\/megapharm.al\/index.php?rest_route=\/wp\/v2\/types\/product"}],"replies":[{"embeddable":true,"href":"https:\/\/megapharm.al\/index.php?rest_route=%2Fwp%2Fv2%2Fcomments&post=6124"}],"wp:featuredmedia":[{"embeddable":true,"href":"https:\/\/megapharm.al\/index.php?rest_route=\/wp\/v2\/media\/5438"}],"wp:attachment":[{"href":"https:\/\/megapharm.al\/index.php?rest_route=%2Fwp%2Fv2%2Fmedia&parent=6124"}],"wp:term":[{"taxonomy":"product_cat","embeddable":true,"href":"https:\/\/megapharm.al\/index.php?rest_route=%2Fwp%2Fv2%2Fproduct_cat&post=6124"},{"taxonomy":"product_tag","embeddable":true,"href":"https:\/\/megapharm.al\/index.php?rest_route=%2Fwp%2Fv2%2Fproduct_tag&post=6124"}],"curies":[{"name":"wp","href":"https:\/\/api.w.org\/{rel}","templated":true}]}}