{"id":6102,"date":"2021-01-24T10:34:06","date_gmt":"2021-01-24T10:34:06","guid":{"rendered":"http:\/\/megapharm.al\/index.php\/product\/import-placeholder-for-2034\/"},"modified":"2021-01-24T10:34:13","modified_gmt":"2021-01-24T10:34:13","slug":"bcn-dmae-2-5","status":"publish","type":"product","link":"https:\/\/megapharm.al\/?product=bcn-dmae-2-5","title":{"rendered":"BCN DMAE 2.5%"},"content":{"rendered":"<p>Serum me efekt firming p\u00ebr mesoterapi dhe microneedling.<br \/>\nP\u00ebrdorimi: apliko n\u00eb l\u00ebkur\u00eb t\u00eb past\u00ebr dhe t\u00eb that\u00eb, masazhoje deri n\u00eb absorbim t\u00eb plot\u00eb.<br \/>\nSasia: Kuti me 10 amp*5ml<\/p>\n","protected":false},"excerpt":{"rendered":"<p>Serum me efekt firming p\u00ebr mesoterapi dhe microneedling.<br \/>\nP\u00ebrdorimi: apliko n\u00eb l\u00ebkur\u00eb t\u00eb past\u00ebr dhe t\u00eb that\u00eb, masazhoje deri n\u00eb absorbim t\u00eb plot\u00eb.<br \/>\nSasia: Kuti me 10 amp*5ml<\/p>\n","protected":false},"featured_media":5416,"comment_status":"open","ping_status":"closed","template":"","meta":[],"product_cat":[129],"product_tag":[],"class_list":{"0":"post-6102","1":"product","2":"type-product","3":"status-publish","4":"has-post-thumbnail","6":"product_cat-institute-bcn","8":"first","9":"instock","10":"shipping-taxable","11":"product-type-simple"},"_links":{"self":[{"href":"https:\/\/megapharm.al\/index.php?rest_route=\/wp\/v2\/product\/6102","targetHints":{"allow":["GET"]}}],"collection":[{"href":"https:\/\/megapharm.al\/index.php?rest_route=\/wp\/v2\/product"}],"about":[{"href":"https:\/\/megapharm.al\/index.php?rest_route=\/wp\/v2\/types\/product"}],"replies":[{"embeddable":true,"href":"https:\/\/megapharm.al\/index.php?rest_route=%2Fwp%2Fv2%2Fcomments&post=6102"}],"wp:featuredmedia":[{"embeddable":true,"href":"https:\/\/megapharm.al\/index.php?rest_route=\/wp\/v2\/media\/5416"}],"wp:attachment":[{"href":"https:\/\/megapharm.al\/index.php?rest_route=%2Fwp%2Fv2%2Fmedia&parent=6102"}],"wp:term":[{"taxonomy":"product_cat","embeddable":true,"href":"https:\/\/megapharm.al\/index.php?rest_route=%2Fwp%2Fv2%2Fproduct_cat&post=6102"},{"taxonomy":"product_tag","embeddable":true,"href":"https:\/\/megapharm.al\/index.php?rest_route=%2Fwp%2Fv2%2Fproduct_tag&post=6102"}],"curies":[{"name":"wp","href":"https:\/\/api.w.org\/{rel}","templated":true}]}}