{"id":6097,"date":"2021-01-24T10:34:04","date_gmt":"2021-01-24T10:34:04","guid":{"rendered":"http:\/\/megapharm.al\/index.php\/product\/import-placeholder-for-2029\/"},"modified":"2021-01-24T10:34:12","modified_gmt":"2021-01-24T10:34:12","slug":"bcn-asian-centella","status":"publish","type":"product","link":"https:\/\/megapharm.al\/?product=bcn-asian-centella","title":{"rendered":"BCN ASIAN CENTELLA"},"content":{"rendered":"<p>Serum rigjenerues p\u00ebr mesoterapi dhe microneedling.<br \/>\nP\u00ebrdorimi: apliko n\u00eb l\u00ebkur\u00eb t\u00eb past\u00ebr dhe t\u00eb that\u00eb, masazhoje deri n\u00eb absorbim t\u00eb plot\u00eb.<br \/>\nSasia: Kuti me 10amp*2ml<\/p>\n","protected":false},"excerpt":{"rendered":"<p>Serum rigjenerues p\u00ebr mesoterapi dhe microneedling.<br \/>\nP\u00ebrdorimi: apliko n\u00eb l\u00ebkur\u00eb t\u00eb past\u00ebr dhe t\u00eb that\u00eb, masazhoje deri n\u00eb absorbim t\u00eb plot\u00eb.<br \/>\nSasia: Kuti me 10amp*2ml<\/p>\n","protected":false},"featured_media":5411,"comment_status":"open","ping_status":"closed","template":"","meta":[],"product_cat":[129],"product_tag":[],"class_list":{"0":"post-6097","1":"product","2":"type-product","3":"status-publish","4":"has-post-thumbnail","6":"product_cat-institute-bcn","8":"first","9":"instock","10":"shipping-taxable","11":"product-type-simple"},"_links":{"self":[{"href":"https:\/\/megapharm.al\/index.php?rest_route=\/wp\/v2\/product\/6097","targetHints":{"allow":["GET"]}}],"collection":[{"href":"https:\/\/megapharm.al\/index.php?rest_route=\/wp\/v2\/product"}],"about":[{"href":"https:\/\/megapharm.al\/index.php?rest_route=\/wp\/v2\/types\/product"}],"replies":[{"embeddable":true,"href":"https:\/\/megapharm.al\/index.php?rest_route=%2Fwp%2Fv2%2Fcomments&post=6097"}],"wp:featuredmedia":[{"embeddable":true,"href":"https:\/\/megapharm.al\/index.php?rest_route=\/wp\/v2\/media\/5411"}],"wp:attachment":[{"href":"https:\/\/megapharm.al\/index.php?rest_route=%2Fwp%2Fv2%2Fmedia&parent=6097"}],"wp:term":[{"taxonomy":"product_cat","embeddable":true,"href":"https:\/\/megapharm.al\/index.php?rest_route=%2Fwp%2Fv2%2Fproduct_cat&post=6097"},{"taxonomy":"product_tag","embeddable":true,"href":"https:\/\/megapharm.al\/index.php?rest_route=%2Fwp%2Fv2%2Fproduct_tag&post=6097"}],"curies":[{"name":"wp","href":"https:\/\/api.w.org\/{rel}","templated":true}]}}