{"id":6092,"date":"2021-01-24T10:34:03","date_gmt":"2021-01-24T10:34:03","guid":{"rendered":"http:\/\/megapharm.al\/index.php\/product\/import-placeholder-for-1977\/"},"modified":"2021-01-24T10:34:11","modified_gmt":"2021-01-24T10:34:11","slug":"aesthetico-soothing-solution","status":"publish","type":"product","link":"https:\/\/megapharm.al\/?product=aesthetico-soothing-solution","title":{"rendered":"AESTHETICO SOOTHING SOLUTION"},"content":{"rendered":"<p>Serum p\u00ebr l\u00ebkur\u00eb t\u00eb ndjeshme. Kombinim i agjenteve anti-inflamatore dhe hidratues leht\u00ebsojn\u00eb l\u00ebkur\u00ebn dhe e sigurojn\u00eb at\u00eb me lag\u00ebshtin\u00eb e nevojshme. Pas aplikimit l\u00ebkura \u00ebsht\u00eb me e fort\u00eb, irritimet e l\u00ebkur\u00ebs, kruajtjet apo skuqjet jan\u00eb reduktuar.<br \/>\nPerdorimi: 2 her\u00eb n\u00eb dit\u00eb.<br \/>\nSasia: 20ml<\/p>\n","protected":false},"excerpt":{"rendered":"<p>Serum p\u00ebr l\u00ebkur\u00eb t\u00eb ndjeshme. Kombinim i agjenteve anti-inflamatore dhe hidratues leht\u00ebsojn\u00eb l\u00ebkur\u00ebn dhe e sigurojn\u00eb at\u00eb me lag\u00ebshtin\u00eb e nevojshme. Pas aplikimit l\u00ebkura \u00ebsht\u00eb me e fort\u00eb, irritimet e l\u00ebkur\u00ebs, kruajtjet apo skuqjet jan\u00eb reduktuar.<br \/>\nPerdorimi: 2 her\u00eb n\u00eb dit\u00eb.<br \/>\nSasia: 20ml<\/p>\n","protected":false},"featured_media":5406,"comment_status":"open","ping_status":"closed","template":"","meta":[],"product_cat":[86],"product_tag":[],"class_list":{"0":"post-6092","1":"product","2":"type-product","3":"status-publish","4":"has-post-thumbnail","6":"product_cat-aesthetico","8":"first","9":"instock","10":"shipping-taxable","11":"product-type-simple"},"_links":{"self":[{"href":"https:\/\/megapharm.al\/index.php?rest_route=\/wp\/v2\/product\/6092","targetHints":{"allow":["GET"]}}],"collection":[{"href":"https:\/\/megapharm.al\/index.php?rest_route=\/wp\/v2\/product"}],"about":[{"href":"https:\/\/megapharm.al\/index.php?rest_route=\/wp\/v2\/types\/product"}],"replies":[{"embeddable":true,"href":"https:\/\/megapharm.al\/index.php?rest_route=%2Fwp%2Fv2%2Fcomments&post=6092"}],"wp:featuredmedia":[{"embeddable":true,"href":"https:\/\/megapharm.al\/index.php?rest_route=\/wp\/v2\/media\/5406"}],"wp:attachment":[{"href":"https:\/\/megapharm.al\/index.php?rest_route=%2Fwp%2Fv2%2Fmedia&parent=6092"}],"wp:term":[{"taxonomy":"product_cat","embeddable":true,"href":"https:\/\/megapharm.al\/index.php?rest_route=%2Fwp%2Fv2%2Fproduct_cat&post=6092"},{"taxonomy":"product_tag","embeddable":true,"href":"https:\/\/megapharm.al\/index.php?rest_route=%2Fwp%2Fv2%2Fproduct_tag&post=6092"}],"curies":[{"name":"wp","href":"https:\/\/api.w.org\/{rel}","templated":true}]}}