{"id":6090,"date":"2021-01-24T10:34:02","date_gmt":"2021-01-24T10:34:02","guid":{"rendered":"http:\/\/megapharm.al\/index.php\/product\/import-placeholder-for-1975\/"},"modified":"2024-11-02T02:31:15","modified_gmt":"2024-11-02T02:31:15","slug":"aesthetico-lipid-cream-advance","status":"publish","type":"product","link":"https:\/\/megapharm.al\/?product=aesthetico-lipid-cream-advance","title":{"rendered":"AESTHETICO LIPID CREAM ADVANCE"},"content":{"rendered":"<p>Krem hidratues dhe me efekt anti-age p\u00ebr l\u00ebkura shum\u00eb t\u00eb thata me vajra natyral.<br \/>\nP\u00ebrdorimi: 2 her\u00eb n\u00eb dit\u00eb.<br \/>\nSasia : 50 ml<\/p>\n","protected":false},"excerpt":{"rendered":"<p>Krem hidratues dhe me efekt anti-age p\u00ebr l\u00ebkura shum\u00eb t\u00eb thata me vajra natyral.<br \/>\nP\u00ebrdorimi: 2 her\u00eb n\u00eb dit\u00eb.<br \/>\nSasia : 50 ml<\/p>\n","protected":false},"featured_media":5404,"comment_status":"open","ping_status":"closed","template":"","meta":[],"product_cat":[86],"product_tag":[],"class_list":{"0":"post-6090","1":"product","2":"type-product","3":"status-publish","4":"has-post-thumbnail","6":"product_cat-aesthetico","8":"first","9":"instock","10":"shipping-taxable","11":"product-type-simple"},"_links":{"self":[{"href":"https:\/\/megapharm.al\/index.php?rest_route=\/wp\/v2\/product\/6090","targetHints":{"allow":["GET"]}}],"collection":[{"href":"https:\/\/megapharm.al\/index.php?rest_route=\/wp\/v2\/product"}],"about":[{"href":"https:\/\/megapharm.al\/index.php?rest_route=\/wp\/v2\/types\/product"}],"replies":[{"embeddable":true,"href":"https:\/\/megapharm.al\/index.php?rest_route=%2Fwp%2Fv2%2Fcomments&post=6090"}],"wp:featuredmedia":[{"embeddable":true,"href":"https:\/\/megapharm.al\/index.php?rest_route=\/wp\/v2\/media\/5404"}],"wp:attachment":[{"href":"https:\/\/megapharm.al\/index.php?rest_route=%2Fwp%2Fv2%2Fmedia&parent=6090"}],"wp:term":[{"taxonomy":"product_cat","embeddable":true,"href":"https:\/\/megapharm.al\/index.php?rest_route=%2Fwp%2Fv2%2Fproduct_cat&post=6090"},{"taxonomy":"product_tag","embeddable":true,"href":"https:\/\/megapharm.al\/index.php?rest_route=%2Fwp%2Fv2%2Fproduct_tag&post=6090"}],"curies":[{"name":"wp","href":"https:\/\/api.w.org\/{rel}","templated":true}]}}