{"id":6089,"date":"2021-01-24T10:34:02","date_gmt":"2021-01-24T10:34:02","guid":{"rendered":"http:\/\/megapharm.al\/index.php\/product\/import-placeholder-for-1974\/"},"modified":"2021-01-24T10:34:10","modified_gmt":"2021-01-24T10:34:10","slug":"aesthetico-suncare-sensitive-fluid-spf50","status":"publish","type":"product","link":"https:\/\/megapharm.al\/?product=aesthetico-suncare-sensitive-fluid-spf50","title":{"rendered":"AESTHETICO SUNCARE SENSITIVE FLUID SPF50+"},"content":{"rendered":"<p>Fluid me SPF50 me mbrojtje t\u00eb lart\u00eb nga rrezet UV-A dhe UV- B, i p\u00ebrshtatsh\u00ebm p\u00ebr f\u00ebmij\u00eb mbi 6 vjec dhe t\u00eb rritur dhe p\u00ebr t\u00eb gjitha tipet e l\u00ebkurave madje edhe p\u00ebr ato sensitive.<br \/>\nP\u00ebrdorimi: Aplikohet n\u00eb l\u00ebkure 20 minuta para ekspozimit n\u00eb diell.<br \/>\nSasia: 100 ml<\/p>\n","protected":false},"excerpt":{"rendered":"<p>Fluid me SPF50 me mbrojtje t\u00eb lart\u00eb nga rrezet UV-A dhe UV- B, i p\u00ebrshtatsh\u00ebm p\u00ebr f\u00ebmij\u00eb mbi 6 vjec dhe t\u00eb rritur dhe p\u00ebr t\u00eb gjitha tipet e l\u00ebkurave madje edhe p\u00ebr ato sensitive.<br \/>\nP\u00ebrdorimi: Aplikohet n\u00eb l\u00ebkure 20 minuta para ekspozimit n\u00eb diell.<br \/>\nSasia: 100 ml<\/p>\n","protected":false},"featured_media":5403,"comment_status":"open","ping_status":"closed","template":"","meta":[],"product_cat":[86],"product_tag":[],"class_list":{"0":"post-6089","1":"product","2":"type-product","3":"status-publish","4":"has-post-thumbnail","6":"product_cat-aesthetico","8":"first","9":"instock","10":"shipping-taxable","11":"product-type-simple"},"_links":{"self":[{"href":"https:\/\/megapharm.al\/index.php?rest_route=\/wp\/v2\/product\/6089","targetHints":{"allow":["GET"]}}],"collection":[{"href":"https:\/\/megapharm.al\/index.php?rest_route=\/wp\/v2\/product"}],"about":[{"href":"https:\/\/megapharm.al\/index.php?rest_route=\/wp\/v2\/types\/product"}],"replies":[{"embeddable":true,"href":"https:\/\/megapharm.al\/index.php?rest_route=%2Fwp%2Fv2%2Fcomments&post=6089"}],"wp:featuredmedia":[{"embeddable":true,"href":"https:\/\/megapharm.al\/index.php?rest_route=\/wp\/v2\/media\/5403"}],"wp:attachment":[{"href":"https:\/\/megapharm.al\/index.php?rest_route=%2Fwp%2Fv2%2Fmedia&parent=6089"}],"wp:term":[{"taxonomy":"product_cat","embeddable":true,"href":"https:\/\/megapharm.al\/index.php?rest_route=%2Fwp%2Fv2%2Fproduct_cat&post=6089"},{"taxonomy":"product_tag","embeddable":true,"href":"https:\/\/megapharm.al\/index.php?rest_route=%2Fwp%2Fv2%2Fproduct_tag&post=6089"}],"curies":[{"name":"wp","href":"https:\/\/api.w.org\/{rel}","templated":true}]}}