{"id":6088,"date":"2021-01-24T10:34:02","date_gmt":"2021-01-24T10:34:02","guid":{"rendered":"http:\/\/megapharm.al\/index.php\/product\/import-placeholder-for-1973\/"},"modified":"2021-01-24T10:34:10","modified_gmt":"2021-01-24T10:34:10","slug":"aesthetico-cleasing-milk","status":"publish","type":"product","link":"https:\/\/megapharm.al\/?product=aesthetico-cleasing-milk","title":{"rendered":"AESTHETICO CLEASING MILK"},"content":{"rendered":"<p>Qum\u00ebsht pastrues p\u00ebr l\u00ebkura t\u00eb thata dhe shum\u00eb t\u00eb thata. I pasur me vitamine E, pa sapun.<br \/>\nP\u00ebrdorimi: Aplikohet n\u00eb l\u00ebkur\u00eb t\u00eb lagur, masazhohet dhe hiqet me tampon, 2 her\u00eb n\u00eb dit\u00eb.<br \/>\nSasia: 200 ml<\/p>\n","protected":false},"excerpt":{"rendered":"<p>Qum\u00ebsht pastrues p\u00ebr l\u00ebkura t\u00eb thata dhe shum\u00eb t\u00eb thata. I pasur me vitamine E, pa sapun.<br \/>\nP\u00ebrdorimi: Aplikohet n\u00eb l\u00ebkur\u00eb t\u00eb lagur, masazhohet dhe hiqet me tampon, 2 her\u00eb n\u00eb dit\u00eb.<br \/>\nSasia: 200 ml<\/p>\n","protected":false},"featured_media":5402,"comment_status":"open","ping_status":"closed","template":"","meta":[],"product_cat":[86],"product_tag":[],"class_list":{"0":"post-6088","1":"product","2":"type-product","3":"status-publish","4":"has-post-thumbnail","6":"product_cat-aesthetico","8":"first","9":"instock","10":"shipping-taxable","11":"product-type-simple"},"_links":{"self":[{"href":"https:\/\/megapharm.al\/index.php?rest_route=\/wp\/v2\/product\/6088","targetHints":{"allow":["GET"]}}],"collection":[{"href":"https:\/\/megapharm.al\/index.php?rest_route=\/wp\/v2\/product"}],"about":[{"href":"https:\/\/megapharm.al\/index.php?rest_route=\/wp\/v2\/types\/product"}],"replies":[{"embeddable":true,"href":"https:\/\/megapharm.al\/index.php?rest_route=%2Fwp%2Fv2%2Fcomments&post=6088"}],"wp:featuredmedia":[{"embeddable":true,"href":"https:\/\/megapharm.al\/index.php?rest_route=\/wp\/v2\/media\/5402"}],"wp:attachment":[{"href":"https:\/\/megapharm.al\/index.php?rest_route=%2Fwp%2Fv2%2Fmedia&parent=6088"}],"wp:term":[{"taxonomy":"product_cat","embeddable":true,"href":"https:\/\/megapharm.al\/index.php?rest_route=%2Fwp%2Fv2%2Fproduct_cat&post=6088"},{"taxonomy":"product_tag","embeddable":true,"href":"https:\/\/megapharm.al\/index.php?rest_route=%2Fwp%2Fv2%2Fproduct_tag&post=6088"}],"curies":[{"name":"wp","href":"https:\/\/api.w.org\/{rel}","templated":true}]}}