{"id":6087,"date":"2021-01-24T10:34:02","date_gmt":"2021-01-24T10:34:02","guid":{"rendered":"http:\/\/megapharm.al\/index.php\/product\/import-placeholder-for-1972\/"},"modified":"2021-01-24T10:34:10","modified_gmt":"2021-01-24T10:34:10","slug":"aesthetico-peeling","status":"publish","type":"product","link":"https:\/\/megapharm.al\/?product=aesthetico-peeling","title":{"rendered":"AESTHETICO PEELING"},"content":{"rendered":"<p>Krem eksfoliues (scrub) p\u00ebr fytyren. Mikrosfera me origjine bimore b\u00ebjn\u00eb heqjen e qelizave t\u00eb vdekura t\u00eb l\u00ebkur\u00ebs. Pantenol, vitamin E, vaj avocado e l\u00ebn\u00eb l\u00ebkur\u00ebn t\u00eb but\u00eb dhe t\u00eb hidratuar.<br \/>\nP\u00ebrdorimi: Apliko nj\u00eb sasi t\u00eb vog\u00ebl dhe masazho p\u00ebr nj\u00eb koh\u00eb t\u00eb shkurt\u00ebr dhe pastaj shp\u00eblaje.\u00a0 1 her\u00eb n\u00eb jave.<br \/>\nSasia: 50ml<\/p>\n","protected":false},"excerpt":{"rendered":"<p>Krem eksfoliues (scrub) p\u00ebr fytyren. Mikrosfera me origjine bimore b\u00ebjn\u00eb heqjen e qelizave t\u00eb vdekura t\u00eb l\u00ebkur\u00ebs. Pantenol, vitamin E, vaj avocado e l\u00ebn\u00eb l\u00ebkur\u00ebn t\u00eb but\u00eb dhe t\u00eb hidratuar.<br \/>\nP\u00ebrdorimi: Apliko nj\u00eb sasi t\u00eb vog\u00ebl dhe masazho p\u00ebr nj\u00eb koh\u00eb t\u00eb shkurt\u00ebr dhe pastaj shp\u00eblaje.\u00a0 1 her\u00eb n\u00eb jave.<br \/>\nSasia: 50ml<\/p>\n","protected":false},"featured_media":5401,"comment_status":"open","ping_status":"closed","template":"","meta":[],"product_cat":[86],"product_tag":[],"class_list":{"0":"post-6087","1":"product","2":"type-product","3":"status-publish","4":"has-post-thumbnail","6":"product_cat-aesthetico","8":"first","9":"instock","10":"shipping-taxable","11":"product-type-simple"},"_links":{"self":[{"href":"https:\/\/megapharm.al\/index.php?rest_route=\/wp\/v2\/product\/6087","targetHints":{"allow":["GET"]}}],"collection":[{"href":"https:\/\/megapharm.al\/index.php?rest_route=\/wp\/v2\/product"}],"about":[{"href":"https:\/\/megapharm.al\/index.php?rest_route=\/wp\/v2\/types\/product"}],"replies":[{"embeddable":true,"href":"https:\/\/megapharm.al\/index.php?rest_route=%2Fwp%2Fv2%2Fcomments&post=6087"}],"wp:featuredmedia":[{"embeddable":true,"href":"https:\/\/megapharm.al\/index.php?rest_route=\/wp\/v2\/media\/5401"}],"wp:attachment":[{"href":"https:\/\/megapharm.al\/index.php?rest_route=%2Fwp%2Fv2%2Fmedia&parent=6087"}],"wp:term":[{"taxonomy":"product_cat","embeddable":true,"href":"https:\/\/megapharm.al\/index.php?rest_route=%2Fwp%2Fv2%2Fproduct_cat&post=6087"},{"taxonomy":"product_tag","embeddable":true,"href":"https:\/\/megapharm.al\/index.php?rest_route=%2Fwp%2Fv2%2Fproduct_tag&post=6087"}],"curies":[{"name":"wp","href":"https:\/\/api.w.org\/{rel}","templated":true}]}}