{"id":6086,"date":"2021-01-24T10:34:01","date_gmt":"2021-01-24T10:34:01","guid":{"rendered":"http:\/\/megapharm.al\/index.php\/product\/import-placeholder-for-1971\/"},"modified":"2021-01-24T10:34:09","modified_gmt":"2021-01-24T10:34:09","slug":"aesthetico-scaling-balm","status":"publish","type":"product","link":"https:\/\/megapharm.al\/?product=aesthetico-scaling-balm","title":{"rendered":"AESTHETICO SCALING BALM"},"content":{"rendered":"<p>Balm anti-irritues. I p\u00ebrshtatsh\u00ebm p\u00ebr l\u00ebkura t\u00eb irritura dhe post trajtimeve.<br \/>\nP\u00ebrdorimi: Aplikohet 2-3 her\u00eb n\u00eb dit\u00eb.<br \/>\nSasia: 50ml<\/p>\n","protected":false},"excerpt":{"rendered":"<p>Balm anti-irritues. I p\u00ebrshtatsh\u00ebm p\u00ebr l\u00ebkura t\u00eb irritura dhe post trajtimeve.<br \/>\nP\u00ebrdorimi: Aplikohet 2-3 her\u00eb n\u00eb dit\u00eb.<br \/>\nSasia: 50ml<\/p>\n","protected":false},"featured_media":5400,"comment_status":"open","ping_status":"closed","template":"","meta":[],"product_cat":[86],"product_tag":[],"class_list":{"0":"post-6086","1":"product","2":"type-product","3":"status-publish","4":"has-post-thumbnail","6":"product_cat-aesthetico","8":"first","9":"instock","10":"shipping-taxable","11":"product-type-simple"},"_links":{"self":[{"href":"https:\/\/megapharm.al\/index.php?rest_route=\/wp\/v2\/product\/6086","targetHints":{"allow":["GET"]}}],"collection":[{"href":"https:\/\/megapharm.al\/index.php?rest_route=\/wp\/v2\/product"}],"about":[{"href":"https:\/\/megapharm.al\/index.php?rest_route=\/wp\/v2\/types\/product"}],"replies":[{"embeddable":true,"href":"https:\/\/megapharm.al\/index.php?rest_route=%2Fwp%2Fv2%2Fcomments&post=6086"}],"wp:featuredmedia":[{"embeddable":true,"href":"https:\/\/megapharm.al\/index.php?rest_route=\/wp\/v2\/media\/5400"}],"wp:attachment":[{"href":"https:\/\/megapharm.al\/index.php?rest_route=%2Fwp%2Fv2%2Fmedia&parent=6086"}],"wp:term":[{"taxonomy":"product_cat","embeddable":true,"href":"https:\/\/megapharm.al\/index.php?rest_route=%2Fwp%2Fv2%2Fproduct_cat&post=6086"},{"taxonomy":"product_tag","embeddable":true,"href":"https:\/\/megapharm.al\/index.php?rest_route=%2Fwp%2Fv2%2Fproduct_tag&post=6086"}],"curies":[{"name":"wp","href":"https:\/\/api.w.org\/{rel}","templated":true}]}}