{"id":6085,"date":"2021-01-24T10:34:01","date_gmt":"2021-01-24T10:34:01","guid":{"rendered":"http:\/\/megapharm.al\/index.php\/product\/import-placeholder-for-1970\/"},"modified":"2021-01-24T10:34:09","modified_gmt":"2021-01-24T10:34:09","slug":"aesthetico-fruit-complex-body-face-lotion","status":"publish","type":"product","link":"https:\/\/megapharm.al\/?product=aesthetico-fruit-complex-body-face-lotion","title":{"rendered":"AESTHETICO FRUIT COMPLEX BODY &amp; FACE LOTION"},"content":{"rendered":"<p>Locion me acide frutash (10%) dhe 4% ure p\u00ebr fytyr\u00ebn dhe trupin. I p\u00ebrshtatsh\u00ebm p\u00ebr akne,hiperkeratoza t\u00eb lehta etj.<br \/>\nP\u00ebrdorimi: Aplikohet n\u00eb l\u00ebkur\u00eb t\u00eb past\u00ebr 1-2 her\u00eb n\u00eb dit\u00eb.<br \/>\nSasia: 200 ml<\/p>\n","protected":false},"excerpt":{"rendered":"<p>Locion me acide frutash (10%) dhe 4% ure p\u00ebr fytyr\u00ebn dhe trupin. I p\u00ebrshtatsh\u00ebm p\u00ebr akne,hiperkeratoza t\u00eb lehta etj.<br \/>\nP\u00ebrdorimi: Aplikohet n\u00eb l\u00ebkur\u00eb t\u00eb past\u00ebr 1-2 her\u00eb n\u00eb dit\u00eb.<br \/>\nSasia: 200 ml<\/p>\n","protected":false},"featured_media":5399,"comment_status":"open","ping_status":"closed","template":"","meta":[],"product_cat":[86],"product_tag":[],"class_list":{"0":"post-6085","1":"product","2":"type-product","3":"status-publish","4":"has-post-thumbnail","6":"product_cat-aesthetico","8":"first","9":"instock","10":"shipping-taxable","11":"product-type-simple"},"_links":{"self":[{"href":"https:\/\/megapharm.al\/index.php?rest_route=\/wp\/v2\/product\/6085","targetHints":{"allow":["GET"]}}],"collection":[{"href":"https:\/\/megapharm.al\/index.php?rest_route=\/wp\/v2\/product"}],"about":[{"href":"https:\/\/megapharm.al\/index.php?rest_route=\/wp\/v2\/types\/product"}],"replies":[{"embeddable":true,"href":"https:\/\/megapharm.al\/index.php?rest_route=%2Fwp%2Fv2%2Fcomments&post=6085"}],"wp:featuredmedia":[{"embeddable":true,"href":"https:\/\/megapharm.al\/index.php?rest_route=\/wp\/v2\/media\/5399"}],"wp:attachment":[{"href":"https:\/\/megapharm.al\/index.php?rest_route=%2Fwp%2Fv2%2Fmedia&parent=6085"}],"wp:term":[{"taxonomy":"product_cat","embeddable":true,"href":"https:\/\/megapharm.al\/index.php?rest_route=%2Fwp%2Fv2%2Fproduct_cat&post=6085"},{"taxonomy":"product_tag","embeddable":true,"href":"https:\/\/megapharm.al\/index.php?rest_route=%2Fwp%2Fv2%2Fproduct_tag&post=6085"}],"curies":[{"name":"wp","href":"https:\/\/api.w.org\/{rel}","templated":true}]}}