{"id":6084,"date":"2021-01-24T10:34:01","date_gmt":"2021-01-24T10:34:01","guid":{"rendered":"http:\/\/megapharm.al\/index.php\/product\/import-placeholder-for-1969\/"},"modified":"2021-01-24T10:34:09","modified_gmt":"2021-01-24T10:34:09","slug":"aesthetico-fruit-complex-plus-c","status":"publish","type":"product","link":"https:\/\/megapharm.al\/?product=aesthetico-fruit-complex-plus-c","title":{"rendered":"AESTHETICO FRUIT COMPLEX PLUS C"},"content":{"rendered":"<p>Krem me acide frutash dhe Vitamine C. I p\u00ebrshtatshem p\u00ebr efekt antiage si edhe p\u00ebr l\u00ebkura q\u00eb kan\u00eb tendenc\u00eb p\u00ebr njolla kafe edhe l\u00ebkura q\u00eb kan\u00eb nevoj\u00eb p\u00ebr rivitalizim.<br \/>\nP\u00ebrdorimi: apliko n\u00eb mbremje n\u00eb l\u00ebkur\u00eb t\u00eb past\u00ebr. Sasia: 30 ml<\/p>\n","protected":false},"excerpt":{"rendered":"<p>Krem me acide frutash dhe Vitamine C. I p\u00ebrshtatshem p\u00ebr efekt antiage si edhe p\u00ebr l\u00ebkura q\u00eb kan\u00eb tendenc\u00eb p\u00ebr njolla kafe edhe l\u00ebkura q\u00eb kan\u00eb nevoj\u00eb p\u00ebr rivitalizim.<br \/>\nP\u00ebrdorimi: apliko n\u00eb mbremje n\u00eb l\u00ebkur\u00eb t\u00eb past\u00ebr. Sasia: 30 ml<\/p>\n","protected":false},"featured_media":5398,"comment_status":"open","ping_status":"closed","template":"","meta":[],"product_cat":[86],"product_tag":[],"class_list":{"0":"post-6084","1":"product","2":"type-product","3":"status-publish","4":"has-post-thumbnail","6":"product_cat-aesthetico","8":"first","9":"instock","10":"shipping-taxable","11":"product-type-simple"},"_links":{"self":[{"href":"https:\/\/megapharm.al\/index.php?rest_route=\/wp\/v2\/product\/6084","targetHints":{"allow":["GET"]}}],"collection":[{"href":"https:\/\/megapharm.al\/index.php?rest_route=\/wp\/v2\/product"}],"about":[{"href":"https:\/\/megapharm.al\/index.php?rest_route=\/wp\/v2\/types\/product"}],"replies":[{"embeddable":true,"href":"https:\/\/megapharm.al\/index.php?rest_route=%2Fwp%2Fv2%2Fcomments&post=6084"}],"wp:featuredmedia":[{"embeddable":true,"href":"https:\/\/megapharm.al\/index.php?rest_route=\/wp\/v2\/media\/5398"}],"wp:attachment":[{"href":"https:\/\/megapharm.al\/index.php?rest_route=%2Fwp%2Fv2%2Fmedia&parent=6084"}],"wp:term":[{"taxonomy":"product_cat","embeddable":true,"href":"https:\/\/megapharm.al\/index.php?rest_route=%2Fwp%2Fv2%2Fproduct_cat&post=6084"},{"taxonomy":"product_tag","embeddable":true,"href":"https:\/\/megapharm.al\/index.php?rest_route=%2Fwp%2Fv2%2Fproduct_tag&post=6084"}],"curies":[{"name":"wp","href":"https:\/\/api.w.org\/{rel}","templated":true}]}}