{"id":6080,"date":"2021-01-24T10:34:00","date_gmt":"2021-01-24T10:34:00","guid":{"rendered":"http:\/\/megapharm.al\/index.php\/product\/import-placeholder-for-1965\/"},"modified":"2021-01-24T10:34:08","modified_gmt":"2021-01-24T10:34:08","slug":"aesthetico-hydrating-cream-spf15","status":"publish","type":"product","link":"https:\/\/megapharm.al\/?product=aesthetico-hydrating-cream-spf15","title":{"rendered":"AESTHETICO HYDRATING CREAM SPF15"},"content":{"rendered":"<p>Krem dite hidratues me SPF 15 p\u00ebr l\u00ebkura t\u00eb thata dhe sensitive. Me acid hialuronik p\u00ebr hidratim dhe filtra fizik dhe kimik p\u00ebr mbrojtjen nga dielli.<br \/>\nP\u00ebrdorimi: 1-2 her\u00eb n\u00eb dit\u00eb\u00a0.<br \/>\nSasia: 50 ml<\/p>\n<p>&nbsp;<\/p>\n","protected":false},"excerpt":{"rendered":"<p>Krem dite hidratues me SPF 15 p\u00ebr l\u00ebkura t\u00eb thata dhe sensitive. Me acid hialuronik p\u00ebr hidratim dhe filtra fizik dhe kimik p\u00ebr mbrojtjen nga dielli.<br \/>\nP\u00ebrdorimi: 1-2 her\u00eb n\u00eb dit\u00eb\u00a0.<br \/>\nSasia: 50 ml<\/p>\n","protected":false},"featured_media":5394,"comment_status":"open","ping_status":"closed","template":"","meta":[],"product_cat":[86],"product_tag":[],"class_list":{"0":"post-6080","1":"product","2":"type-product","3":"status-publish","4":"has-post-thumbnail","6":"product_cat-aesthetico","8":"first","9":"instock","10":"shipping-taxable","11":"product-type-simple"},"_links":{"self":[{"href":"https:\/\/megapharm.al\/index.php?rest_route=\/wp\/v2\/product\/6080","targetHints":{"allow":["GET"]}}],"collection":[{"href":"https:\/\/megapharm.al\/index.php?rest_route=\/wp\/v2\/product"}],"about":[{"href":"https:\/\/megapharm.al\/index.php?rest_route=\/wp\/v2\/types\/product"}],"replies":[{"embeddable":true,"href":"https:\/\/megapharm.al\/index.php?rest_route=%2Fwp%2Fv2%2Fcomments&post=6080"}],"wp:featuredmedia":[{"embeddable":true,"href":"https:\/\/megapharm.al\/index.php?rest_route=\/wp\/v2\/media\/5394"}],"wp:attachment":[{"href":"https:\/\/megapharm.al\/index.php?rest_route=%2Fwp%2Fv2%2Fmedia&parent=6080"}],"wp:term":[{"taxonomy":"product_cat","embeddable":true,"href":"https:\/\/megapharm.al\/index.php?rest_route=%2Fwp%2Fv2%2Fproduct_cat&post=6080"},{"taxonomy":"product_tag","embeddable":true,"href":"https:\/\/megapharm.al\/index.php?rest_route=%2Fwp%2Fv2%2Fproduct_tag&post=6080"}],"curies":[{"name":"wp","href":"https:\/\/api.w.org\/{rel}","templated":true}]}}