{"id":6078,"date":"2021-01-24T10:34:00","date_gmt":"2021-01-24T10:34:00","guid":{"rendered":"http:\/\/megapharm.al\/index.php\/product\/import-placeholder-for-1963\/"},"modified":"2021-01-24T10:34:07","modified_gmt":"2021-01-24T10:34:07","slug":"aesthetico-revitalizing-cream","status":"publish","type":"product","link":"https:\/\/megapharm.al\/?product=aesthetico-revitalizing-cream","title":{"rendered":"AESTHETICO REVITALIZING CREAM"},"content":{"rendered":"<p>Krem hidratues intensiv p\u00ebr l\u00ebkura t\u00eb thata dhe shum\u00eb t\u00eb thata. Mund t\u00eb p\u00ebrdoret edhe si mask\u00eb nj\u00eb her\u00eb n\u00eb jav\u00eb.<br \/>\nP\u00ebrdorimi: 1-2 her\u00eb n\u00eb dit\u00eb si krem hidratues p\u00ebr fytyr\u00ebn ose 1 her\u00eb n\u00eb jav\u00eb si mask\u00eb.<br \/>\nSasia : 50 ml<\/p>\n","protected":false},"excerpt":{"rendered":"<p>Krem hidratues intensiv p\u00ebr l\u00ebkura t\u00eb thata dhe shum\u00eb t\u00eb thata. Mund t\u00eb p\u00ebrdoret edhe si mask\u00eb nj\u00eb her\u00eb n\u00eb jav\u00eb.<br \/>\nP\u00ebrdorimi: 1-2 her\u00eb n\u00eb dit\u00eb si krem hidratues p\u00ebr fytyr\u00ebn ose 1 her\u00eb n\u00eb jav\u00eb si mask\u00eb.<br \/>\nSasia : 50 ml<\/p>\n","protected":false},"featured_media":5392,"comment_status":"open","ping_status":"closed","template":"","meta":[],"product_cat":[86],"product_tag":[],"class_list":{"0":"post-6078","1":"product","2":"type-product","3":"status-publish","4":"has-post-thumbnail","6":"product_cat-aesthetico","8":"first","9":"instock","10":"shipping-taxable","11":"product-type-simple"},"_links":{"self":[{"href":"https:\/\/megapharm.al\/index.php?rest_route=\/wp\/v2\/product\/6078","targetHints":{"allow":["GET"]}}],"collection":[{"href":"https:\/\/megapharm.al\/index.php?rest_route=\/wp\/v2\/product"}],"about":[{"href":"https:\/\/megapharm.al\/index.php?rest_route=\/wp\/v2\/types\/product"}],"replies":[{"embeddable":true,"href":"https:\/\/megapharm.al\/index.php?rest_route=%2Fwp%2Fv2%2Fcomments&post=6078"}],"wp:featuredmedia":[{"embeddable":true,"href":"https:\/\/megapharm.al\/index.php?rest_route=\/wp\/v2\/media\/5392"}],"wp:attachment":[{"href":"https:\/\/megapharm.al\/index.php?rest_route=%2Fwp%2Fv2%2Fmedia&parent=6078"}],"wp:term":[{"taxonomy":"product_cat","embeddable":true,"href":"https:\/\/megapharm.al\/index.php?rest_route=%2Fwp%2Fv2%2Fproduct_cat&post=6078"},{"taxonomy":"product_tag","embeddable":true,"href":"https:\/\/megapharm.al\/index.php?rest_route=%2Fwp%2Fv2%2Fproduct_tag&post=6078"}],"curies":[{"name":"wp","href":"https:\/\/api.w.org\/{rel}","templated":true}]}}