{"id":6076,"date":"2021-01-24T10:34:00","date_gmt":"2021-01-24T10:34:00","guid":{"rendered":"http:\/\/megapharm.al\/index.php\/product\/import-placeholder-for-1961\/"},"modified":"2021-01-24T10:34:07","modified_gmt":"2021-01-24T10:34:07","slug":"aesthetico-refresh-care","status":"publish","type":"product","link":"https:\/\/megapharm.al\/?product=aesthetico-refresh-care","title":{"rendered":"AESTHETICO REFRESH &amp; CARE"},"content":{"rendered":"<p>Tonik p\u00ebr fytyr\u00ebn, stabilizues i vlerave t\u00eb pH t\u00eb l\u00ebkur\u00ebs. N\u00eb saj\u00eb t\u00eb alkolit 5% mund t\u00eb p\u00ebrdoret edhe si aftershave te meshkujt.<br \/>\nP\u00ebrdorimi: Aplikohet n\u00eb l\u00ebkur\u00eb t\u00eb past\u00ebr pas cdo larje t\u00eb l\u00ebkur\u00ebs.<br \/>\nSasia: 200 ml<\/p>\n","protected":false},"excerpt":{"rendered":"<p>Tonik p\u00ebr fytyr\u00ebn, stabilizues i vlerave t\u00eb pH t\u00eb l\u00ebkur\u00ebs. N\u00eb saj\u00eb t\u00eb alkolit 5% mund t\u00eb p\u00ebrdoret edhe si aftershave te meshkujt.<br \/>\nP\u00ebrdorimi: Aplikohet n\u00eb l\u00ebkur\u00eb t\u00eb past\u00ebr pas cdo larje t\u00eb l\u00ebkur\u00ebs.<br \/>\nSasia: 200 ml<\/p>\n","protected":false},"featured_media":5390,"comment_status":"open","ping_status":"closed","template":"","meta":[],"product_cat":[86],"product_tag":[],"class_list":{"0":"post-6076","1":"product","2":"type-product","3":"status-publish","4":"has-post-thumbnail","6":"product_cat-aesthetico","8":"first","9":"instock","10":"shipping-taxable","11":"product-type-simple"},"_links":{"self":[{"href":"https:\/\/megapharm.al\/index.php?rest_route=\/wp\/v2\/product\/6076","targetHints":{"allow":["GET"]}}],"collection":[{"href":"https:\/\/megapharm.al\/index.php?rest_route=\/wp\/v2\/product"}],"about":[{"href":"https:\/\/megapharm.al\/index.php?rest_route=\/wp\/v2\/types\/product"}],"replies":[{"embeddable":true,"href":"https:\/\/megapharm.al\/index.php?rest_route=%2Fwp%2Fv2%2Fcomments&post=6076"}],"wp:featuredmedia":[{"embeddable":true,"href":"https:\/\/megapharm.al\/index.php?rest_route=\/wp\/v2\/media\/5390"}],"wp:attachment":[{"href":"https:\/\/megapharm.al\/index.php?rest_route=%2Fwp%2Fv2%2Fmedia&parent=6076"}],"wp:term":[{"taxonomy":"product_cat","embeddable":true,"href":"https:\/\/megapharm.al\/index.php?rest_route=%2Fwp%2Fv2%2Fproduct_cat&post=6076"},{"taxonomy":"product_tag","embeddable":true,"href":"https:\/\/megapharm.al\/index.php?rest_route=%2Fwp%2Fv2%2Fproduct_tag&post=6076"}],"curies":[{"name":"wp","href":"https:\/\/api.w.org\/{rel}","templated":true}]}}