{"id":6075,"date":"2021-01-24T10:34:00","date_gmt":"2021-01-24T10:34:00","guid":{"rendered":"http:\/\/megapharm.al\/index.php\/product\/import-placeholder-for-1960\/"},"modified":"2021-01-24T10:34:06","modified_gmt":"2021-01-24T10:34:06","slug":"aesthetico-hydrating-cream","status":"publish","type":"product","link":"https:\/\/megapharm.al\/?product=aesthetico-hydrating-cream","title":{"rendered":"AESTHETICO HYDRATING CREAM"},"content":{"rendered":"<p>Krem hidratues p\u00ebr l\u00ebkura t\u00eb thata dhe sensitive. P\u00ebrb\u00ebr\u00ebsit si acid hialuronik, gjalp\u00eb mango natyral, vitamin\u00eb E hidratojn\u00eb dhe mbrojn\u00eb l\u00ebkur\u00ebn nga dehidratimi.<br \/>\nP\u00ebrdorimi: 2 her\u00eb n\u00eb dit\u00eb<br \/>\nSasia: 50ml<\/p>\n","protected":false},"excerpt":{"rendered":"<p>Krem hidratues p\u00ebr l\u00ebkura t\u00eb thata dhe sensitive. P\u00ebrb\u00ebr\u00ebsit si acid hialuronik, gjalp\u00eb mango natyral, vitamin\u00eb E hidratojn\u00eb dhe mbrojn\u00eb l\u00ebkur\u00ebn nga dehidratimi.<br \/>\nP\u00ebrdorimi: 2 her\u00eb n\u00eb dit\u00eb<br \/>\nSasia: 50ml<\/p>\n","protected":false},"featured_media":5389,"comment_status":"open","ping_status":"closed","template":"","meta":[],"product_cat":[86],"product_tag":[],"class_list":{"0":"post-6075","1":"product","2":"type-product","3":"status-publish","4":"has-post-thumbnail","6":"product_cat-aesthetico","8":"first","9":"instock","10":"shipping-taxable","11":"product-type-simple"},"_links":{"self":[{"href":"https:\/\/megapharm.al\/index.php?rest_route=\/wp\/v2\/product\/6075","targetHints":{"allow":["GET"]}}],"collection":[{"href":"https:\/\/megapharm.al\/index.php?rest_route=\/wp\/v2\/product"}],"about":[{"href":"https:\/\/megapharm.al\/index.php?rest_route=\/wp\/v2\/types\/product"}],"replies":[{"embeddable":true,"href":"https:\/\/megapharm.al\/index.php?rest_route=%2Fwp%2Fv2%2Fcomments&post=6075"}],"wp:featuredmedia":[{"embeddable":true,"href":"https:\/\/megapharm.al\/index.php?rest_route=\/wp\/v2\/media\/5389"}],"wp:attachment":[{"href":"https:\/\/megapharm.al\/index.php?rest_route=%2Fwp%2Fv2%2Fmedia&parent=6075"}],"wp:term":[{"taxonomy":"product_cat","embeddable":true,"href":"https:\/\/megapharm.al\/index.php?rest_route=%2Fwp%2Fv2%2Fproduct_cat&post=6075"},{"taxonomy":"product_tag","embeddable":true,"href":"https:\/\/megapharm.al\/index.php?rest_route=%2Fwp%2Fv2%2Fproduct_tag&post=6075"}],"curies":[{"name":"wp","href":"https:\/\/api.w.org\/{rel}","templated":true}]}}