{"id":6073,"date":"2021-01-24T10:33:59","date_gmt":"2021-01-24T10:33:59","guid":{"rendered":"http:\/\/megapharm.al\/index.php\/product\/import-placeholder-for-1958\/"},"modified":"2021-01-24T10:34:06","modified_gmt":"2021-01-24T10:34:06","slug":"aesthetico-callus-cream","status":"publish","type":"product","link":"https:\/\/megapharm.al\/?product=aesthetico-callus-cream","title":{"rendered":"AESTHETICO CALLUS CREAM"},"content":{"rendered":"<p>Krem p\u00ebr trupin me p\u00ebrmbajtje ure 40% p\u00ebr l\u00ebkura shum\u00eb t\u00eb thata, hiperkeratozike, kallo dhe pllaka psoriatike.<br \/>\nP\u00ebrdorimi: 1-2 her\u00eb n\u00eb dit\u00eb n\u00eb zonat e nevojshme.<br \/>\nSasia: 100 ml<\/p>\n","protected":false},"excerpt":{"rendered":"<p>Krem p\u00ebr trupin me p\u00ebrmbajtje ure 40% p\u00ebr l\u00ebkura shum\u00eb t\u00eb thata, hiperkeratozike, kallo dhe pllaka psoriatike.<br \/>\nP\u00ebrdorimi: 1-2 her\u00eb n\u00eb dit\u00eb n\u00eb zonat e nevojshme.<br \/>\nSasia: 100 ml<\/p>\n","protected":false},"featured_media":5387,"comment_status":"open","ping_status":"closed","template":"","meta":[],"product_cat":[86],"product_tag":[],"class_list":{"0":"post-6073","1":"product","2":"type-product","3":"status-publish","4":"has-post-thumbnail","6":"product_cat-aesthetico","8":"first","9":"instock","10":"shipping-taxable","11":"product-type-simple"},"_links":{"self":[{"href":"https:\/\/megapharm.al\/index.php?rest_route=\/wp\/v2\/product\/6073","targetHints":{"allow":["GET"]}}],"collection":[{"href":"https:\/\/megapharm.al\/index.php?rest_route=\/wp\/v2\/product"}],"about":[{"href":"https:\/\/megapharm.al\/index.php?rest_route=\/wp\/v2\/types\/product"}],"replies":[{"embeddable":true,"href":"https:\/\/megapharm.al\/index.php?rest_route=%2Fwp%2Fv2%2Fcomments&post=6073"}],"wp:featuredmedia":[{"embeddable":true,"href":"https:\/\/megapharm.al\/index.php?rest_route=\/wp\/v2\/media\/5387"}],"wp:attachment":[{"href":"https:\/\/megapharm.al\/index.php?rest_route=%2Fwp%2Fv2%2Fmedia&parent=6073"}],"wp:term":[{"taxonomy":"product_cat","embeddable":true,"href":"https:\/\/megapharm.al\/index.php?rest_route=%2Fwp%2Fv2%2Fproduct_cat&post=6073"},{"taxonomy":"product_tag","embeddable":true,"href":"https:\/\/megapharm.al\/index.php?rest_route=%2Fwp%2Fv2%2Fproduct_tag&post=6073"}],"curies":[{"name":"wp","href":"https:\/\/api.w.org\/{rel}","templated":true}]}}