{"id":6072,"date":"2021-01-24T10:33:50","date_gmt":"2021-01-24T10:33:50","guid":{"rendered":"http:\/\/megapharm.al\/index.php\/product\/import-placeholder-for-1957\/"},"modified":"2021-01-24T10:33:58","modified_gmt":"2021-01-24T10:33:58","slug":"aesthetico-suncare-sensitive-spf30","status":"publish","type":"product","link":"https:\/\/megapharm.al\/?product=aesthetico-suncare-sensitive-spf30","title":{"rendered":"AESTHETICO SUNCARE SENSITIVE SPF30"},"content":{"rendered":"<p>Krem anti-dielli me SPF 30 p\u00ebr fytyr\u00eb dhe trup. I p\u00ebrshtatsh\u00ebm p\u00ebr f\u00ebmij\u00eb mbi 3 vjec dhe t\u00eb rritur.<br \/>\nP\u00ebrdorimi: apliko kremin 20 minuta p\u00ebrpara ekspozimit n\u00eb diell.<br \/>\nSasia:150 ml<\/p>\n","protected":false},"excerpt":{"rendered":"<p>Krem anti-dielli me SPF 30 p\u00ebr fytyr\u00eb dhe trup. I p\u00ebrshtatsh\u00ebm p\u00ebr f\u00ebmij\u00eb mbi 3 vjec dhe t\u00eb rritur.<br \/>\nP\u00ebrdorimi: apliko kremin 20 minuta p\u00ebrpara ekspozimit n\u00eb diell.<br \/>\nSasia:150 ml<\/p>\n","protected":false},"featured_media":5386,"comment_status":"open","ping_status":"closed","template":"","meta":[],"product_cat":[86],"product_tag":[],"class_list":{"0":"post-6072","1":"product","2":"type-product","3":"status-publish","4":"has-post-thumbnail","6":"product_cat-aesthetico","8":"first","9":"instock","10":"shipping-taxable","11":"product-type-simple"},"_links":{"self":[{"href":"https:\/\/megapharm.al\/index.php?rest_route=\/wp\/v2\/product\/6072","targetHints":{"allow":["GET"]}}],"collection":[{"href":"https:\/\/megapharm.al\/index.php?rest_route=\/wp\/v2\/product"}],"about":[{"href":"https:\/\/megapharm.al\/index.php?rest_route=\/wp\/v2\/types\/product"}],"replies":[{"embeddable":true,"href":"https:\/\/megapharm.al\/index.php?rest_route=%2Fwp%2Fv2%2Fcomments&post=6072"}],"wp:featuredmedia":[{"embeddable":true,"href":"https:\/\/megapharm.al\/index.php?rest_route=\/wp\/v2\/media\/5386"}],"wp:attachment":[{"href":"https:\/\/megapharm.al\/index.php?rest_route=%2Fwp%2Fv2%2Fmedia&parent=6072"}],"wp:term":[{"taxonomy":"product_cat","embeddable":true,"href":"https:\/\/megapharm.al\/index.php?rest_route=%2Fwp%2Fv2%2Fproduct_cat&post=6072"},{"taxonomy":"product_tag","embeddable":true,"href":"https:\/\/megapharm.al\/index.php?rest_route=%2Fwp%2Fv2%2Fproduct_tag&post=6072"}],"curies":[{"name":"wp","href":"https:\/\/api.w.org\/{rel}","templated":true}]}}